{"id":3136238,"date":"2023-08-09T12:36:19","date_gmt":"2023-08-09T12:36:19","guid":{"rendered":"https:\/\/expertworldtravel.com\/simbabwe-esim\/"},"modified":"2023-08-09T12:37:24","modified_gmt":"2023-08-09T12:37:24","slug":"simbabwe-esim","status":"publish","type":"page","link":"https:\/\/expertworldtravel.com\/de\/simbabwe-esim\/","title":{"rendered":"Beste eSIM in Simbabwe (bequem und erschwinglich)"},"content":{"rendered":"<p>Sie planen eine Reise nach Simbabwe und suchen nach einer eSIM, mit der Sie w\u00e4hrend Ihres Besuchs in Verbindung bleiben k\u00f6nnen?<\/p>\n<p>Die Popularit\u00e4t von eSIMs nimmt zu, und es ist leicht zu erkennen, warum. Sie bieten eine bequeme und kosteneffiziente M\u00f6glichkeit, auf Ihrer Reise mit mobilen Daten verbunden zu bleiben.<\/p>\n<p>Angesichts der zahlreichen Optionen auf dem Markt kann die Auswahl der idealen eSIM f\u00fcr Simbabwe jedoch entmutigend erscheinen.<\/p>\n<p>Keine Angst, ich bin hier, um zu helfen! Im Folgenden stelle ich die besten eSIM-Optionen f\u00fcr Simbabwe vor und analysiere ihre Datenangebote, Abdeckungsbereiche und Verbindungsraten, um Ihnen bei der Auswahl des optimalen eSIM-Datentarifs f\u00fcr Ihre Reisebed\u00fcrfnisse zu helfen.<\/p>\n","protected":false},"excerpt":{"rendered":"<p>Sie planen eine Reise nach Simbabwe und suchen nach einer eSIM, mit der Sie w\u00e4hrend Ihres Besuchs in Verbindung bleiben k\u00f6nnen? Die Popularit\u00e4t von eSIMs nimmt zu, und es ist leicht zu erkennen, warum. Sie bieten eine bequeme und kosteneffiziente M\u00f6glichkeit, auf Ihrer Reise mit mobilen Daten verbunden zu bleiben. Angesichts der zahlreichen Optionen auf [&hellip;]<\/p>\n","protected":false},"author":2,"featured_media":3097506,"parent":0,"menu_order":0,"comment_status":"closed","ping_status":"closed","template":"best-esim-template.php","meta":{"_lmt_disableupdate":"","_lmt_disable":""},"categories":[600145],"acf":[],"_links":{"self":[{"href":"https:\/\/expertworldtravel.com\/de\/wp-json\/wp\/v2\/pages\/3136238"}],"collection":[{"href":"https:\/\/expertworldtravel.com\/de\/wp-json\/wp\/v2\/pages"}],"about":[{"href":"https:\/\/expertworldtravel.com\/de\/wp-json\/wp\/v2\/types\/page"}],"author":[{"embeddable":true,"href":"https:\/\/expertworldtravel.com\/de\/wp-json\/wp\/v2\/users\/2"}],"replies":[{"embeddable":true,"href":"https:\/\/expertworldtravel.com\/de\/wp-json\/wp\/v2\/comments?post=3136238"}],"version-history":[{"count":0,"href":"https:\/\/expertworldtravel.com\/de\/wp-json\/wp\/v2\/pages\/3136238\/revisions"}],"wp:featuredmedia":[{"embeddable":true,"href":"https:\/\/expertworldtravel.com\/de\/wp-json\/wp\/v2\/media\/3097506"}],"wp:attachment":[{"href":"https:\/\/expertworldtravel.com\/de\/wp-json\/wp\/v2\/media?parent=3136238"}],"wp:term":[{"taxonomy":"category","embeddable":true,"href":"https:\/\/expertworldtravel.com\/de\/wp-json\/wp\/v2\/categories?post=3136238"}],"curies":[{"name":"wp","href":"https:\/\/api.w.org\/{rel}","templated":true}]}}