{"id":3136371,"date":"2021-05-17T07:13:48","date_gmt":"2021-05-17T07:13:48","guid":{"rendered":"https:\/\/expertworldtravel.com\/woll-baumwoll-socken\/"},"modified":"2023-08-14T09:00:20","modified_gmt":"2023-08-14T09:00:20","slug":"wollsocken-oder-baumwollsocken","status":"publish","type":"page","link":"https:\/\/expertworldtravel.com\/de\/wollsocken-oder-baumwollsocken\/","title":{"rendered":"Wollsocken oder Baumwollsocken: Was ist besser f\u00fcr mich?"},"content":{"rendered":"<p>Baumwollsocken werden von den meisten Menschen gerne getragen, obwohl sie das eigentlich nicht sollten. Das Tragen von Baumwollsocken hat mehr Nachteile als Vorteile, die ich in diesem ausf\u00fchrlichen Vergleich behandeln werde. Au\u00dferdem spreche ich \u00fcber Socken, die man beim Wandern tragen sollte, und \u00fcber die besten Wandersocken, die man bekommen kann.<\/p>\n<p>Lesen Sie weiter, um zu erfahren, warum Wollsocken die bessere Wahl f\u00fcr Wanderungen und Workouts sind, und um einige der besten Wollsockenpaare zu sehen, die Sie bekommen k\u00f6nnen!<\/p>\n<div class=\"highlight-box\">\n<h4>Schnellvergleich Wollsocken oder Baumwollsocken<\/h4>\n<ul>\n<li>Wollsocken sind viel haltbarer als Baumwollsocken<\/li>\n<li>Wolle ist ein besserer Temperaturregler und stinkt weniger<\/li>\n<li>Baumwollsocken sind d\u00fcnner, leichter und billiger<\/li>\n<\/ul>\n<\/div>\n<h2>Wollsocken oder Baumwollsocken: Ein detaillierter Vergleich<\/h2>\n<p><img decoding=\"async\" loading=\"lazy\" class=\"aligncenter size-full wp-image-3049692\" src=\"https:\/\/expertworldtravel.com\/wp-content\/uploads\/2021\/05\/wool-blend-socks.jpg\" alt=\"Socken aus Wollmischung\" width=\"800\" height=\"533\" srcset=\"https:\/\/expertworldtravel.com\/wp-content\/uploads\/2021\/05\/wool-blend-socks.jpg 800w, https:\/\/expertworldtravel.com\/wp-content\/uploads\/2021\/05\/wool-blend-socks-500x333.jpg 500w, https:\/\/expertworldtravel.com\/wp-content\/uploads\/2021\/05\/wool-blend-socks-300x200.jpg 300w, https:\/\/expertworldtravel.com\/wp-content\/uploads\/2021\/05\/wool-blend-socks-768x512.jpg 768w, https:\/\/expertworldtravel.com\/wp-content\/uploads\/2021\/05\/wool-blend-socks-80x53.jpg 80w, https:\/\/expertworldtravel.com\/wp-content\/uploads\/2021\/05\/wool-blend-socks-220x147.jpg 220w, https:\/\/expertworldtravel.com\/wp-content\/uploads\/2021\/05\/wool-blend-socks-150x100.jpg 150w, https:\/\/expertworldtravel.com\/wp-content\/uploads\/2021\/05\/wool-blend-socks-225x150.jpg 225w, https:\/\/expertworldtravel.com\/wp-content\/uploads\/2021\/05\/wool-blend-socks-357x238.jpg 357w, https:\/\/expertworldtravel.com\/wp-content\/uploads\/2021\/05\/wool-blend-socks-623x415.jpg 623w, https:\/\/expertworldtravel.com\/wp-content\/uploads\/2021\/05\/wool-blend-socks-731x487.jpg 731w\" sizes=\"(max-width: 800px) 100vw, 800px\" \/><\/p>\n<p>Sind Wollsocken auch im Sommer besser als Baumwollsocken? Alles, was Sie dar\u00fcber wissen m\u00fcssen, erfahren Sie in diesem Abschnitt! Ich habe alle wichtigen Eigenschaften von Socken verglichen, darunter Komfort, Haltbarkeit, Atmungsaktivit\u00e4t und Temperaturregulierung!<\/p>\n<h2>Dauerhaftigkeit<\/h2>\n<p>Baumwollsocken sind nicht sehr haltbar und das ist auch gut so. Wenn wir ein billiges Paar Socken kaufen, erwarten wir nicht, dass sie ewig halten. Es ist v\u00f6llig normal, dass das Material mit der Zeit d\u00fcnner wird und gelegentlich ein Loch in den Zehen entsteht. Wenn sie so zerrissen und d\u00fcnn sind, dass Sie sich sch\u00e4men, Ihre Schuhe vor anderen auszuziehen, ist es an der Zeit, sie wegzuwerfen.<\/p>\n<p>Wollsocken sind wesentlich haltbarer als Baumwollsocken. Das Material ist dicker, so dass es viel mehr Verschlei\u00df braucht, um es auszud\u00fcnnen. Au\u00dferdem bekommen Wollsocken selten L\u00f6cher und Risse, selbst wenn man sie schon jahrelang besitzt.<\/p>\n<p>An dieser Stelle muss ich die Socken von Darn Tough erw\u00e4hnen &#8211; die Marke gibt eine <strong>lebenslange Garantie auf alle ihre Socken<\/strong> und verspricht, Ihr Paar zu ersetzen, falls es L\u00f6cher oder Risse aufweist. Sie zahlen etwa 20 Dollar f\u00fcr ein Paar dieser Socken, aber Sie erhalten die Garantie, dass Sie sie die n\u00e4chsten Jahrzehnte tragen k\u00f6nnen. \u00dcberlegen Sie nur, wie viele Paar Baumwollsocken Sie in dieser Zeit wegwerfen m\u00fcssten.<\/p>\n<h2>Nein zu Baumwollsocken (f\u00fcr Wanderungen)<\/h2>\n<p><img decoding=\"async\" loading=\"lazy\" class=\"aligncenter size-full wp-image-3049687\" src=\"https:\/\/expertworldtravel.com\/wp-content\/uploads\/2021\/05\/cotton-sock.jpg\" alt=\"Baumwollsocke\" width=\"600\" height=\"600\" srcset=\"https:\/\/expertworldtravel.com\/wp-content\/uploads\/2021\/05\/cotton-sock.jpg 600w, https:\/\/expertworldtravel.com\/wp-content\/uploads\/2021\/05\/cotton-sock-500x500.jpg 500w, https:\/\/expertworldtravel.com\/wp-content\/uploads\/2021\/05\/cotton-sock-300x300.jpg 300w, https:\/\/expertworldtravel.com\/wp-content\/uploads\/2021\/05\/cotton-sock-80x80.jpg 80w, https:\/\/expertworldtravel.com\/wp-content\/uploads\/2021\/05\/cotton-sock-220x220.jpg 220w, https:\/\/expertworldtravel.com\/wp-content\/uploads\/2021\/05\/cotton-sock-100x100.jpg 100w, https:\/\/expertworldtravel.com\/wp-content\/uploads\/2021\/05\/cotton-sock-150x150.jpg 150w, https:\/\/expertworldtravel.com\/wp-content\/uploads\/2021\/05\/cotton-sock-238x238.jpg 238w, https:\/\/expertworldtravel.com\/wp-content\/uploads\/2021\/05\/cotton-sock-415x415.jpg 415w, https:\/\/expertworldtravel.com\/wp-content\/uploads\/2021\/05\/cotton-sock-487x487.jpg 487w, https:\/\/expertworldtravel.com\/wp-content\/uploads\/2021\/05\/cotton-sock-595x595.jpg 595w\" sizes=\"(max-width: 600px) 100vw, 600px\" \/><\/p>\n<p>Wolle ist ein feuchtigkeitsableitendes Material, Baumwolle nicht. <strong>Baumwolle nimmt Feuchtigkeit auf<\/strong> und braucht eine Weile, um zu trocknen. Genau aus diesem Grund sollten Sie versuchen, Socken aus Baumwolle zu vermeiden. Vor allem beim Wandern &#8211; Baumwollsocken werden schnell nass, k\u00f6nnen sich im Schuh verkn\u00e4ueln und reiben dann st\u00e4ndig an der Haut.<\/p>\n<p>Selbst die besten und bequemsten Wanderschuhe f\u00fchlen sich schrecklich an, wenn sie mit Baumwollsocken getragen werden, und ehrlich gesagt ist es besser, keine Socken stattdessen zu tragen.<\/p>\n<h3>Vorteile von Wollsocken<\/h3>\n<p>Was ist mit Wollsocken? Wollsocken im Allgemeinen<\/p>\n<ul>\n<li>werden nicht so nass<\/li>\n<li>sind hervorragend zur Temperaturregulierung geeignet<\/li>\n<li>sind erstaunlich komfortabel<\/li>\n<li>sind geruchsresistent&nbsp;<\/li>\n<\/ul>\n<p>Wollsocken sind bei weitem die beste Option f\u00fcr Wanderungen, vor allem wenn Sie sich f\u00fcr <a href=\"https:\/\/expertworldtravel.com\/darn-tough-vs-smartwool\/\" target=\"_blank\" rel=\"noopener\"><strong>Merino<\/strong> <strong>Wolle<\/strong><\/a>. Ein weiterer gro\u00dfer Vorteil dieser Socken ist, dass sie <strong>geruchshemmend<\/strong> sind, so dass sie auch nach mehrt\u00e4gigem Tragen noch eine Weile frisch riechen.<\/p>\n<p>Genau aus diesem Grund sind Socken aus Merinowolle bei Campern und Rucksackreisenden so beliebt. Wenn Sie eine mehrt\u00e4gige Wanderung unternehmen, k\u00f6nnen Sie nur wenig in Ihrem Rucksack mitnehmen. Mit einem einzigen Paar Wollsocken \u00fcbersteht man mehrere Tage der Wanderung, w\u00e4hrend man mit Baumwollsocken nicht einmal die ersten paar Stunden \u00fcberstehen w\u00fcrde.<\/p>\n<p>Ich habe tagelang Wollsocken und T-Shirts getragen, beim Wandern und auf Reisen im Allgemeinen. Sie sind gro\u00dfartig. Es dauert eine Woche, bis sie \u00fcberhaupt anfangen zu stinken.<\/p>\n<h2>Vorteile von dedizierten Wandersocken<\/h2>\n<p><img decoding=\"async\" loading=\"lazy\" class=\"aligncenter size-full wp-image-3049690\" src=\"https:\/\/expertworldtravel.com\/wp-content\/uploads\/2021\/05\/hiking-socks.jpg\" alt=\"Wandersocken\" width=\"700\" height=\"515\" srcset=\"https:\/\/expertworldtravel.com\/wp-content\/uploads\/2021\/05\/hiking-socks.jpg 700w, https:\/\/expertworldtravel.com\/wp-content\/uploads\/2021\/05\/hiking-socks-500x368.jpg 500w, https:\/\/expertworldtravel.com\/wp-content\/uploads\/2021\/05\/hiking-socks-300x221.jpg 300w, https:\/\/expertworldtravel.com\/wp-content\/uploads\/2021\/05\/hiking-socks-80x59.jpg 80w, https:\/\/expertworldtravel.com\/wp-content\/uploads\/2021\/05\/hiking-socks-220x162.jpg 220w, https:\/\/expertworldtravel.com\/wp-content\/uploads\/2021\/05\/hiking-socks-136x100.jpg 136w, https:\/\/expertworldtravel.com\/wp-content\/uploads\/2021\/05\/hiking-socks-204x150.jpg 204w, https:\/\/expertworldtravel.com\/wp-content\/uploads\/2021\/05\/hiking-socks-323x238.jpg 323w, https:\/\/expertworldtravel.com\/wp-content\/uploads\/2021\/05\/hiking-socks-564x415.jpg 564w, https:\/\/expertworldtravel.com\/wp-content\/uploads\/2021\/05\/hiking-socks-662x487.jpg 662w\" sizes=\"(max-width: 700px) 100vw, 700px\" \/><\/p>\n<p>Die besten Socken, die man auf einer Wanderung tragen kann, sind solche, die f\u00fcr Wanderer konzipiert sind. Sie unterscheiden sich von normalen Socken, da sie in der Regel an strategischen Stellen extra gepolstert sind, was dem Wanderer mehr Halt und Komfort bietet. Eine strategische D\u00e4mpfung kann auch zur <strong>Sto\u00dfd\u00e4mpfung<\/strong> beitragen <strong>und<\/strong> das Wandern in unwegsamem Gel\u00e4nde erleichtern.<\/p>\n<p>Au\u00dferdem werden spezielle Wandersocken aus nat\u00fcrlichen und synthetischen Materialien hergestellt, die feuchtigkeitsableitend sind, was f\u00fcr ein angenehmes Wandern unerl\u00e4sslich ist. Die Feuchtigkeit wird von der Socke ins Innere des Stiefels geleitet und verdunstet von dort, vorausgesetzt, die Schuhe sind zumindest einigerma\u00dfen atmungsaktiv.<\/p>\n<p>Baumwollsocken nehmen Feuchtigkeit auf und k\u00f6nnen Blasen verursachen, was bei einer langen Wanderung nicht erw\u00fcnscht ist.<\/p>\n<h2>Was tr\u00e4gt man bei warmem Wetter?<\/h2>\n<p>Wollsocken sind immer noch eine gute Option f\u00fcr Wanderungen bei warmem Wetter. Sie eignen sich hervorragend zur <strong>Temperaturregulierung<\/strong>, und man sollte sich darin nicht zu sehr aufheizen. Wenn die Temperaturen jedoch extrem hoch werden, ist es ratsam, alles, was dick und schwer ist, wegzuwerfen, auch die Socken.<\/p>\n<p>Stattdessen sollten Sie zu Synthetiksocken greifen &#8211; sie sind au\u00dferdem feuchtigkeitsableitend und d\u00fcnn, so dass sie vielleicht etwas bequemer sind als echte Wolle. D\u00fcnne, leichte Wolle ist ebenfalls eine gute Alternative, aber sie ist etwas schwieriger zu finden.<\/p>\n<p>Sie k\u00f6nnen auch Wollsocken kaufen &#8211; sie sind eine gute Option f\u00fcr Wanderungen bei warmem Wetter, vor allem, wenn Sie Kn\u00f6chelschuhe oder Trailrunningschuhe tragen. Denken Sie jedoch daran, dass diese Socken nicht so viel D\u00e4mpfung bieten wie Socken mit Besatzung, so dass sie wahrscheinlich nicht so bequem und st\u00fctzend sein werden. &nbsp;<\/p>\n<p>Sie k\u00f6nnen auch Socken mit <strong>Netzeins\u00e4tzen kaufen.<\/strong> Die Marken f\u00fcgen diese zu Socken hinzu, die zum Laufen und Wandern gedacht sind, da dies Aktivit\u00e4ten sind, bei denen die F\u00fc\u00dfe ziemlich schwitzen. Mesh erh\u00f6ht die Atmungsaktivit\u00e4t und macht jedes Paar Socken zum idealen Begleiter bei warmem Wetter.<\/p>\n<h2>Wolle Mischungen<\/h2>\n<p><img decoding=\"async\" loading=\"lazy\" class=\"aligncenter size-full wp-image-3049686\" src=\"https:\/\/expertworldtravel.com\/wp-content\/uploads\/2021\/05\/wool-socks.jpg\" alt=\"Wollsocken\" width=\"1000\" height=\"383\" srcset=\"https:\/\/expertworldtravel.com\/wp-content\/uploads\/2021\/05\/wool-socks.jpg 1000w, https:\/\/expertworldtravel.com\/wp-content\/uploads\/2021\/05\/wool-socks-500x192.jpg 500w, https:\/\/expertworldtravel.com\/wp-content\/uploads\/2021\/05\/wool-socks-300x115.jpg 300w, https:\/\/expertworldtravel.com\/wp-content\/uploads\/2021\/05\/wool-socks-768x294.jpg 768w, https:\/\/expertworldtravel.com\/wp-content\/uploads\/2021\/05\/wool-socks-80x31.jpg 80w, https:\/\/expertworldtravel.com\/wp-content\/uploads\/2021\/05\/wool-socks-220x84.jpg 220w, https:\/\/expertworldtravel.com\/wp-content\/uploads\/2021\/05\/wool-socks-250x96.jpg 250w, https:\/\/expertworldtravel.com\/wp-content\/uploads\/2021\/05\/wool-socks-280x107.jpg 280w, https:\/\/expertworldtravel.com\/wp-content\/uploads\/2021\/05\/wool-socks-510x195.jpg 510w, https:\/\/expertworldtravel.com\/wp-content\/uploads\/2021\/05\/wool-socks-750x287.jpg 750w, https:\/\/expertworldtravel.com\/wp-content\/uploads\/2021\/05\/wool-socks-975x373.jpg 975w\" sizes=\"(max-width: 1000px) 100vw, 1000px\" \/><\/p>\n<p>Zur Herstellung von Socken wird Wolle h\u00e4ufig mit anderen Materialien wie<strong> Polyester und Elastan<\/strong> gemischt. Diese Wollmischungen tragen sich in der Regel besser als Socken aus reiner Wolle, und sie sind vielseitiger.<\/p>\n<p>Socken aus reiner Wolle sind sehr warm und definitiv nicht f\u00fcr warmes Wetter geeignet. Mit einem geringen Anteil an Polyester werden die Socken etwas k\u00fchler, leichter und sogar haltbarer. Auch Elastan und Spandex werden der Wolle beigemischt, um die Socken dehnbarer zu machen.<\/p>\n<p>Wolle ist im Allgemeinen ein dehnbares Material, aber das Elastan sorgt daf\u00fcr, dass sich die Socken besser an die F\u00fc\u00dfe anpassen, so dass sie sich nie zu eng anf\u00fchlen. Au\u00dferdem k\u00f6nnen Socken aus reiner Wolle ziemlich jucken, w\u00e4hrend die meisten Menschen dieses Problem bei Wollmischungen nicht haben.&nbsp;<\/p>\n<p>Au\u00dferdem sind die meisten Wollmischungen in der Maschine waschbar, w\u00e4hrend reine Wolle ein spezielles Waschen und Trocknen erfordert. Sie k\u00f6nnen sie in die Waschmaschine geben, wenn diese ein Wollprogramm hat, aber Sie sollten Socken aus reiner Wolle niemals in den Trockner geben.<\/p>\n<h2>Preisgestaltung<\/h2>\n<p>Einer der Hauptgr\u00fcnde f\u00fcr die gro\u00dfe Beliebtheit von Baumwollsocken ist ihr g\u00fcnstiger Preis. Sie sind superg\u00fcnstig, und f\u00fcr die meisten Leute ist es ein Kinderspiel.<\/p>\n<p>Wollsocken sind teuer, besonders wenn es sich um Merinowolle handelt. Ein hochwertiges Paar Socken aus Merinowolle kostet etwa 20 Dollar, ein 10er-Pack Baumwollsocken gibt es f\u00fcr den gleichen Betrag. &nbsp;Andererseits sind Wollsocken unglaublich haltbar, und ein Paar hochwertige Merinowollsocken h\u00e4lt l\u00e4nger als ein 10er-Pack Baumwollsocken.<\/p>\n<p>Aus diesem Grund ist der Wert zweifellos vorhanden. Sie m\u00fcssten etwa 100 Dollar ausgeben, um f\u00fcnf anst\u00e4ndige Paar Merino-Socken zu bekommen, aber Sie m\u00fcssten in absehbarer Zeit kein weiteres Paar Socken kaufen. Au\u00dferdem gibt es eine lange Liste von Vorteilen von Wollsocken (Mischsocken) &#8211; wenn Sie ein bequemes und blasenfreies Leben f\u00fchren wollen, ist es absolut wert, 20 Dollar f\u00fcr ein Paar Socken auszugeben. &nbsp;<\/p>\n<p>Ich trage seit Jahren die gleichen Wandersocken aus Merinowolle und ich kann Ihnen sagen, dass Sie Ihr Geld wert sind. Jedes Mal, wenn ich sie vergesse, schw\u00f6re ich mir, dass ich nie wieder Baumwollsocken beim Sport tragen werde!<\/p>\n<h2>Beste Socken aus Wolle (Gemisch)<\/h2>\n<p>Ich habe Ihnen von den verschiedenen Vorteilen von Wollsocken erz\u00e4hlt, und jetzt ist es an der Zeit, diese in Aktion zu sehen. Hier sind einige der besten Wollsockenpaare mit viel Polsterung, guter Temperaturregulierung und hervorragender Atmungsaktivit\u00e4t!<\/p>\n<h2>H\u00e4ufig gestellte Fragen<\/h2>\n<h3>Halten Wollsocken Ihre F\u00fc\u00dfe trocken?<\/h3>\n<p>Wollsocken halten Ihre F\u00fc\u00dfe viel trockener als Baumwollsocken. Sicher, nach einiger Zeit werden sie schwitzen, aber die Socken sind viel weniger mit Schwei\u00df ges\u00e4ttigt und k\u00f6nnen leicht in der Sonne getrocknet werden.<\/p>\n<h3>Sind Wollsocken w\u00e4rmer als Baumwollsocken?<\/h3>\n<p>Ja, Wollsocken sind viel w\u00e4rmer und isolierender als Baumwollsocken. Und nicht nur das: Wenn sie durch Schwitzen nass werden, bleiben sie weiterhin warm. Kein Wunder, dass Schafe aus Wolle gemacht sind!<\/p>\n","protected":false},"excerpt":{"rendered":"<p>Baumwollsocken werden von den meisten Menschen gerne getragen, obwohl sie das eigentlich nicht sollten. Das Tragen von Baumwollsocken hat mehr Nachteile als Vorteile, die ich in diesem ausf\u00fchrlichen Vergleich behandeln werde. Au\u00dferdem spreche ich \u00fcber Socken, die man beim Wandern tragen sollte, und \u00fcber die besten Wandersocken, die man bekommen kann. Lesen Sie weiter, um [&hellip;]<\/p>\n","protected":false},"author":6,"featured_media":3087971,"parent":0,"menu_order":0,"comment_status":"closed","ping_status":"closed","template":"best-template.php","meta":{"_lmt_disableupdate":"no","_lmt_disable":""},"categories":[600202],"acf":[],"_links":{"self":[{"href":"https:\/\/expertworldtravel.com\/de\/wp-json\/wp\/v2\/pages\/3136371"}],"collection":[{"href":"https:\/\/expertworldtravel.com\/de\/wp-json\/wp\/v2\/pages"}],"about":[{"href":"https:\/\/expertworldtravel.com\/de\/wp-json\/wp\/v2\/types\/page"}],"author":[{"embeddable":true,"href":"https:\/\/expertworldtravel.com\/de\/wp-json\/wp\/v2\/users\/6"}],"replies":[{"embeddable":true,"href":"https:\/\/expertworldtravel.com\/de\/wp-json\/wp\/v2\/comments?post=3136371"}],"version-history":[{"count":2,"href":"https:\/\/expertworldtravel.com\/de\/wp-json\/wp\/v2\/pages\/3136371\/revisions"}],"predecessor-version":[{"id":3136373,"href":"https:\/\/expertworldtravel.com\/de\/wp-json\/wp\/v2\/pages\/3136371\/revisions\/3136373"}],"wp:featuredmedia":[{"embeddable":true,"href":"https:\/\/expertworldtravel.com\/de\/wp-json\/wp\/v2\/media\/3087971"}],"wp:attachment":[{"href":"https:\/\/expertworldtravel.com\/de\/wp-json\/wp\/v2\/media?parent=3136371"}],"wp:term":[{"taxonomy":"category","embeddable":true,"href":"https:\/\/expertworldtravel.com\/de\/wp-json\/wp\/v2\/categories?post=3136371"}],"curies":[{"name":"wp","href":"https:\/\/api.w.org\/{rel}","templated":true}]}}