{"id":3136374,"date":"2023-08-07T11:11:41","date_gmt":"2023-08-07T11:11:41","guid":{"rendered":"https:\/\/expertworldtravel.com\/osprey-sportlite-bericht\/"},"modified":"2023-08-14T09:05:14","modified_gmt":"2023-08-14T09:05:14","slug":"osprey-sportlite-bericht","status":"publish","type":"page","link":"https:\/\/expertworldtravel.com\/de\/osprey-sportlite-bericht\/","title":{"rendered":"Osprey Sportlite Bericht: Sollten Sie es bekommen?"},"content":{"rendered":"<p>Ein guter Wanderrucksack kann das A und O bei Ihren Outdoor-Abenteuern sein. Entweder passt alles, was Sie brauchen, in den Rucksack und Sie f\u00fchlen sich wohl, w\u00e4hrend Sie ihn tragen, oder Sie haben Schmerzen wegen eines schlecht sitzenden Rucksacks. Noch schlimmer ist es, wenn nicht alles in die Tasche passt, was man braucht, und man die Sachen in der Hand tragen oder eine zus\u00e4tzliche Tasche kaufen muss.<\/p>\n<p>Osprey Sportlite ist eine ausgezeichnete Option f\u00fcr mehrere Gr\u00fcnde, die alle in diesem detaillierten Test des Rucksacks behandelt werden. Sie ist leicht, angenehm zu tragen und in verschiedenen Gr\u00f6\u00dfen erh\u00e4ltlich, die sich f\u00fcr alles eignen, von kurzen Nachmittagswanderungen bis hin zu zweit\u00e4gigen Expeditionen! Lesen Sie weiter, um zu sehen, was ich am Osprey Sportlite Rucksack (nicht) liebe, und entscheiden Sie, ob er eine gute Option f\u00fcr Sie ist!<\/p>\n","protected":false},"excerpt":{"rendered":"<p>Ein guter Wanderrucksack kann das A und O bei Ihren Outdoor-Abenteuern sein. Entweder passt alles, was Sie brauchen, in den Rucksack und Sie f\u00fchlen sich wohl, w\u00e4hrend Sie ihn tragen, oder Sie haben Schmerzen wegen eines schlecht sitzenden Rucksacks. Noch schlimmer ist es, wenn nicht alles in die Tasche passt, was man braucht, und man [&hellip;]<\/p>\n","protected":false},"author":2,"featured_media":3136246,"parent":0,"menu_order":0,"comment_status":"closed","ping_status":"closed","template":"single-product-review.php","meta":{"_lmt_disableupdate":"no","_lmt_disable":""},"categories":[600203],"acf":[],"_links":{"self":[{"href":"https:\/\/expertworldtravel.com\/de\/wp-json\/wp\/v2\/pages\/3136374"}],"collection":[{"href":"https:\/\/expertworldtravel.com\/de\/wp-json\/wp\/v2\/pages"}],"about":[{"href":"https:\/\/expertworldtravel.com\/de\/wp-json\/wp\/v2\/types\/page"}],"author":[{"embeddable":true,"href":"https:\/\/expertworldtravel.com\/de\/wp-json\/wp\/v2\/users\/2"}],"replies":[{"embeddable":true,"href":"https:\/\/expertworldtravel.com\/de\/wp-json\/wp\/v2\/comments?post=3136374"}],"version-history":[{"count":2,"href":"https:\/\/expertworldtravel.com\/de\/wp-json\/wp\/v2\/pages\/3136374\/revisions"}],"predecessor-version":[{"id":3136376,"href":"https:\/\/expertworldtravel.com\/de\/wp-json\/wp\/v2\/pages\/3136374\/revisions\/3136376"}],"wp:featuredmedia":[{"embeddable":true,"href":"https:\/\/expertworldtravel.com\/de\/wp-json\/wp\/v2\/media\/3136246"}],"wp:attachment":[{"href":"https:\/\/expertworldtravel.com\/de\/wp-json\/wp\/v2\/media?parent=3136374"}],"wp:term":[{"taxonomy":"category","embeddable":true,"href":"https:\/\/expertworldtravel.com\/de\/wp-json\/wp\/v2\/categories?post=3136374"}],"curies":[{"name":"wp","href":"https:\/\/api.w.org\/{rel}","templated":true}]}}