{"id":3136377,"date":"2023-02-21T14:54:51","date_gmt":"2023-02-21T14:54:51","guid":{"rendered":"https:\/\/expertworldtravel.com\/rimowa-teuer\/"},"modified":"2023-08-14T09:08:34","modified_gmt":"2023-08-14T09:08:34","slug":"rimowa-teuer","status":"publish","type":"page","link":"https:\/\/expertworldtravel.com\/de\/rimowa-teuer\/","title":{"rendered":"Warum ist Rimowa so teuer? (Sind sie es wert?)"},"content":{"rendered":"<p>Sie fragen sich, was es mit Rimowa und ihren unglaublich hohen Gep\u00e4ckpreisen auf sich hat? Dann sind Sie hier genau richtig, denn in diesem ausf\u00fchrlichen Ratgeber erfahren Sie alles \u00fcber die Gr\u00fcnde f\u00fcr die vierstelligen Preise der Rimowa Koffer!<\/p>\n<p>Um es gleich vorweg zu nehmen: Rimowa ist eine <a href=\"https:\/\/expertworldtravel.com\/best-luxury-luggage-brands\/\" target=\"_blank\" rel=\"noopener\">Luxusgep\u00e4ckmarke<\/a>, und das ist der Hauptgrund, warum sie so teuer ist. So wie Hermes-Taschen ein Verm\u00f6gen kosten, obwohl die Herstellungskosten nur einen Bruchteil des Gesamtpreises ausmachen, sind Rimowa-Koffer absoluter Luxus und richten sich an Menschen, die es sich leisten k\u00f6nnen, ohne mit der Wimper zu zucken mehr als 1.500 Dollar f\u00fcr einen Koffer auszugeben.<\/p>\n<h2>Geschichte von Rimowa<\/h2>\n<p><img decoding=\"async\" loading=\"lazy\" class=\"aligncenter size-full wp-image-3043046\" src=\"https:\/\/expertworldtravel.com\/wp-content\/uploads\/2021\/03\/Rimowa_Classic_Fight_Handle.png\" alt=\"Rimowa Classic Flight Bewertung\" width=\"369\" height=\"222\" srcset=\"https:\/\/expertworldtravel.com\/wp-content\/uploads\/2021\/03\/Rimowa_Classic_Fight_Handle.png 369w, https:\/\/expertworldtravel.com\/wp-content\/uploads\/2021\/03\/Rimowa_Classic_Fight_Handle-300x180.png 300w, https:\/\/expertworldtravel.com\/wp-content\/uploads\/2021\/03\/Rimowa_Classic_Fight_Handle-80x48.png 80w, https:\/\/expertworldtravel.com\/wp-content\/uploads\/2021\/03\/Rimowa_Classic_Fight_Handle-220x132.png 220w, https:\/\/expertworldtravel.com\/wp-content\/uploads\/2021\/03\/Rimowa_Classic_Fight_Handle-166x100.png 166w, https:\/\/expertworldtravel.com\/wp-content\/uploads\/2021\/03\/Rimowa_Classic_Fight_Handle-249x150.png 249w\" sizes=\"(max-width: 369px) 100vw, 369px\" \/><\/p>\n<p>Rimowa wurde im sp\u00e4ten 19. Jahrhundert in Deutschland gegr\u00fcndet. Es handelt sich um einen der \u00e4ltesten Gep\u00e4ckhersteller, der heute noch aktiv ist, und um die Marke, die 1930 den ersten Aluminiumkoffer \u00fcberhaupt entworfen und produziert hat. Das Unternehmen hatte alle anderen Materialien verbrannt und sich daf\u00fcr entschieden, nur noch Aluminium f\u00fcr die Herstellung seiner Geh\u00e4use zu verwenden. Der Rest ist, wie man so sch\u00f6n sagt, Geschichte.<\/p>\n<p>Und es kommt noch besser. Im Jahr 2010 beschloss Rimowa, Gep\u00e4ckst\u00fccke aus Polycarbonat herzustellen &#8211; einem leichten und extrem flexiblen Kunststoffverbundstoff. Gep\u00e4ckst\u00fccke aus Polycarbonat sind heutzutage praktisch \u00fcberall zu finden, da das Material derzeit von Marken verwendet wird, die Gep\u00e4ckst\u00fccke in allen Preisklassen herstellen.<\/p>\n<p>In vielerlei Hinsicht ist Rimowa ein echter Marktf\u00fchrer auf dem Gep\u00e4ckmarkt. Sie setzen Ma\u00dfst\u00e4be f\u00fcr qualitativ hochwertiges und langlebiges Reisegep\u00e4ck, so dass es etwas einfacher ist, die hohen Preise f\u00fcr ihr Gep\u00e4ck zu rechtfertigen.<\/p>\n<h2>Wo wird Rimowa hergestellt?<\/h2>\n<p>Rimowa hat Fabriken in drei L\u00e4ndern &#8211;<\/p>\n<ul>\n<li>Deutschland<\/li>\n<li>Kanada<\/li>\n<li>Tschechische Republik<\/li>\n<\/ul>\n<p>Das Unternehmen wurde in Deutschland gegr\u00fcndet, und das war die erste Fabrik, die die Marke jemals errichtet hat. Im Laufe der Jahrzehnte hat sich das Unternehmen auf einen internationalen Markt ausgedehnt, und heute findet man Rimowa-Gep\u00e4ck in praktisch jedem Winkel der Welt.<\/p>\n<h2>Warum ist Rimowa so teuer?<\/h2>\n<h3>Gut eingef\u00fchrte Marke<\/h3>\n<p>Rimowa-Gep\u00e4ck ist ein Synonym f\u00fcr Qualit\u00e4t, Langlebigkeit und Status. Schlie\u00dflich gibt es die Marke schon seit mehr als 120 Jahren &#8211; sie ist absolut etabliert und weltweit f\u00fcr die erstaunliche Qualit\u00e4t ihrer Taschen bekannt.<\/p>\n<p>F\u00fcr viele Menschen geht es um den Status, den der Besitz einer Rimowa-Tasche mit sich bringt. Sie sind sehr auff\u00e4llig, und es sagt etwas \u00fcber Sie aus, wenn Sie l\u00e4ssig Gep\u00e4ckst\u00fccke mit vierstelligen Preisschildern mit sich herumschleppen.<\/p>\n<h3>Erstklassige Qualit\u00e4t und langlebige Materialien<\/h3>\n<p><img decoding=\"async\" loading=\"lazy\" class=\"aligncenter size-full wp-image-3095171\" src=\"https:\/\/expertworldtravel.com\/wp-content\/uploads\/2023\/02\/rimowa-luggage.jpg\" alt=\"Rimowa Reisegep\u00e4ck\" width=\"800\" height=\"534\" srcset=\"https:\/\/expertworldtravel.com\/wp-content\/uploads\/2023\/02\/rimowa-luggage.jpg 800w, https:\/\/expertworldtravel.com\/wp-content\/uploads\/2023\/02\/rimowa-luggage-500x334.jpg 500w, https:\/\/expertworldtravel.com\/wp-content\/uploads\/2023\/02\/rimowa-luggage-300x200.jpg 300w, https:\/\/expertworldtravel.com\/wp-content\/uploads\/2023\/02\/rimowa-luggage-768x513.jpg 768w, https:\/\/expertworldtravel.com\/wp-content\/uploads\/2023\/02\/rimowa-luggage-80x53.jpg 80w, https:\/\/expertworldtravel.com\/wp-content\/uploads\/2023\/02\/rimowa-luggage-220x147.jpg 220w, https:\/\/expertworldtravel.com\/wp-content\/uploads\/2023\/02\/rimowa-luggage-150x100.jpg 150w, https:\/\/expertworldtravel.com\/wp-content\/uploads\/2023\/02\/rimowa-luggage-225x150.jpg 225w, https:\/\/expertworldtravel.com\/wp-content\/uploads\/2023\/02\/rimowa-luggage-357x238.jpg 357w, https:\/\/expertworldtravel.com\/wp-content\/uploads\/2023\/02\/rimowa-luggage-622x415.jpg 622w, https:\/\/expertworldtravel.com\/wp-content\/uploads\/2023\/02\/rimowa-luggage-730x487.jpg 730w\" sizes=\"(max-width: 800px) 100vw, 800px\" \/><\/p>\n<p>Einer der Hauptgr\u00fcnde f\u00fcr die hohen Preise von Rimowa ist, dass nur hochwertige Materialien verwendet werden. Schlie\u00dflich sind sie die Marke, die sowohl Aluminium- als auch Polykarbonatkoffer erfunden hat, also Koffer mit harten Seiten, die als die haltbarsten Gep\u00e4ckst\u00fccke gelten, die man besitzen kann.<\/p>\n<p><a href=\"https:\/\/expertworldtravel.com\/best-aluminum-suitcase\/\" target=\"_blank\" rel=\"noopener\">Gep\u00e4ckst\u00fccke aus Aluminium<\/a> sind von au\u00dfergew\u00f6hnlicher Qualit\u00e4t. Die Koffer sind praktisch unzerst\u00f6rbar, und wenn der Koffer doch einmal besch\u00e4digt wird, dann nur durch abgebrochene Griffe oder abgerissene Rollen.<\/p>\n<p>Polycarbonat ist au\u00dferdem ein sehr haltbares Material. Rimowa kam auf diese Idee, als sie feststellten, dass es einen Bedarf an leichtem Gep\u00e4ck gab &#8211; obwohl Aluminium bemerkenswert haltbar ist, ist es auch ziemlich schwer und nicht die beste Wahl, wenn Sie Ihren Koffer unter einer bestimmten Gewichtsgrenze halten m\u00fcssen.<\/p>\n<p>Makrolon-Polycarbonat ist viel leichter als Aluminium und kann sogar in puncto Haltbarkeit mithalten. Obwohl es nicht die Schlagfestigkeit von Metall hat, ist Polycarbonat sehr flexibel. Das hei\u00dft, wenn Ihr PC-Gep\u00e4ck durch die Gegend geworfen wird und ungl\u00fccklich auf der Schale landet, wird die Gep\u00e4ckschale in der Regel nur verbeult. Sie geht nicht kaputt und kann in der Regel einfach wieder eingesetzt werden.<\/p>\n<p>Auch bei den anderen Gep\u00e4ckmaterialien spart Rimowa nicht. F\u00fcr die Herstellung der Griffe und R\u00e4der werden hochwertige Materialien verwendet, und nicht selten sind die Koffer mit hochwertigen Lederakzenten verziert. Alle diese Materialien sind nicht gerade billig und machen einen gro\u00dfen Teil der Preise von Rimowa aus.<\/p>\n<h3>Innovative Merkmale<\/h3>\n<p><img decoding=\"async\" loading=\"lazy\" class=\"aligncenter size-full wp-image-3052398\" src=\"https:\/\/expertworldtravel.com\/wp-content\/uploads\/2021\/06\/rimowa-dividers.jpg\" alt=\"\" width=\"800\" height=\"800\" srcset=\"https:\/\/expertworldtravel.com\/wp-content\/uploads\/2021\/06\/rimowa-dividers.jpg 800w, https:\/\/expertworldtravel.com\/wp-content\/uploads\/2021\/06\/rimowa-dividers-500x500.jpg 500w, https:\/\/expertworldtravel.com\/wp-content\/uploads\/2021\/06\/rimowa-dividers-300x300.jpg 300w, https:\/\/expertworldtravel.com\/wp-content\/uploads\/2021\/06\/rimowa-dividers-768x768.jpg 768w, https:\/\/expertworldtravel.com\/wp-content\/uploads\/2021\/06\/rimowa-dividers-80x80.jpg 80w, https:\/\/expertworldtravel.com\/wp-content\/uploads\/2021\/06\/rimowa-dividers-220x220.jpg 220w, https:\/\/expertworldtravel.com\/wp-content\/uploads\/2021\/06\/rimowa-dividers-100x100.jpg 100w, https:\/\/expertworldtravel.com\/wp-content\/uploads\/2021\/06\/rimowa-dividers-150x150.jpg 150w, https:\/\/expertworldtravel.com\/wp-content\/uploads\/2021\/06\/rimowa-dividers-238x238.jpg 238w, https:\/\/expertworldtravel.com\/wp-content\/uploads\/2021\/06\/rimowa-dividers-415x415.jpg 415w, https:\/\/expertworldtravel.com\/wp-content\/uploads\/2021\/06\/rimowa-dividers-487x487.jpg 487w, https:\/\/expertworldtravel.com\/wp-content\/uploads\/2021\/06\/rimowa-dividers-595x595.jpg 595w\" sizes=\"(max-width: 800px) 100vw, 800px\" \/><\/p>\n<p>Rimowa bringt gelegentlich eine Zusammenarbeit mit einer anderen ber\u00fchmten Marke heraus, und dieses Gep\u00e4ck ist in der Regel sehr schnell ausverkauft. Das liegt daran, dass sie oft einzigartige und innovative Merkmale in die limitierten Gep\u00e4ckst\u00fccke einbauen, was f\u00fcr Reisende mit tieferem Geldbeutel sehr attraktiv ist.<\/p>\n<p>Ihre Zusammenarbeit mit Adidas war einer meiner Favoriten, als sie uns eine Hartschalentasche pr\u00e4sentierten, die Riemen wie ein Rucksack hat. Es sind Innovationen und Funktionen wie diese, mit denen sich Rimowa von der Konkurrenz abhebt und die den hohen Preis rechtfertigen.<\/p>\n<p>Es ist jedoch wichtig zu wissen, dass die meisten <a href=\"https:\/\/www.anrdoezrs.net\/links\/9253204\/type\/dlg\/https:\/\/www.rimowa.com\/us\/en\/classic\/\" target=\"_blank\" rel=\"nofollow noopener\">klassischen Rimowa-Koffer<\/a> nur mit der Grundausstattung versehen sind. Sie erhalten die R\u00e4der, Griffe, TSA-Schl\u00f6sser, Trennw\u00e4nde und ein paar Taschen &#8211; das war&#8217;s.<\/p>\n<p>Allerdings hat die Marke ein paar besondere Gep\u00e4ckst\u00fccke im Angebot, die man sonst nirgendwo bekommt. Dazu geh\u00f6ren auch Kisten, die f\u00fcr den Transport bestimmter Gegenst\u00e4nde vorgesehen sind. Sie sind absolut gro\u00dfartig f\u00fcr ihren Zweck, aber auch sehr teuer.<\/p>\n<h3>Umfassende Produkttests<\/h3>\n<p>Alle Rimowa-Taschen werden w\u00e4hrend des Herstellungsprozesses ausgiebig getestet. Jede Tasche wird einzeln von Hand gepr\u00fcft, bevor sie an die Gesch\u00e4fte und Kunden versandt wird, so dass die Wahrscheinlichkeit, ein fehlerhaftes Produkt zu erhalten, wirklich minimal ist. Und sollte es doch einmal passieren (und Sie haben bessere Chancen, im Lotto zu gewinnen, als eine defekte Rimowa-Tasche zu erhalten), wird sie Ihnen sofort ersetzt.<\/p>\n<h3>Garantie<\/h3>\n<p>Seit Juli 2022 bietet Rimowa eine lebenslange Garantie auf alle seine Gep\u00e4ckst\u00fccke an. Dies schlie\u00dft alle funktionellen Teile des Koffers ein, und es ist wirklich eine lebenslange Garantie. Sie m\u00fcssen Ihren Koffer online registrieren, um Anspruch auf Garantiereparaturen zu haben, und bedenken Sie, dass nur bestimmte Arten von Sch\u00e4den abgedeckt sind.<\/p>\n<p>Wenn Sie einen Fabrikationsfehler an Ihrem Gep\u00e4ckst\u00fcck entdecken, repariert Rimowa diesen kostenlos. Die Garantie deckt jedoch keine kosmetischen Sch\u00e4den ab (Schrammen, Kratzer usw.), und sie deckt auch keine Sch\u00e4den ab, die durch normale Abnutzung oder w\u00e4hrend des Transports entstanden sein k\u00f6nnten, insbesondere bei falscher Handhabung im Flugzeug.<\/p>\n<p>Wenn also ein Gep\u00e4cktr\u00e4ger f\u00fcr ein fehlendes Rad an Ihrem Rimowa-Gep\u00e4ck verantwortlich ist, wird die Garantie nichts f\u00fcr Sie tun. Aber wenn das Rad von selbst kaputt geht, wird es gerne ersetzt.<\/p>\n<p>Vor Juli 2022 bot Rimowa eine 5-Jahres-Garantie auf alle seine Koffer. Sie bieten auch eine Garantie auf ihre anderen Taschen, aber es ist eine Standard-2-Jahres-Garantie.<\/p>\n<h3>Kundenbetreuung<\/h3>\n<p>Der Kundendienst von Rimowa ist absolut erstklassig, wie es sich geh\u00f6rt. Wenn ich mehr als 1.000 Dollar f\u00fcr einen Koffer ausgebe, erwarte ich einen hervorragenden Kundenservice. Und Rimowa erf\u00fcllt diese Erwartungen mit Mitarbeitern, die jederzeit erreichbar, sehr nett und hilfsbereit sind und immer ihr Bestes tun, um einen zufriedenstellenden Kundenservice zu bieten.<\/p>\n<h2>Wie viel kostet ein Rimowa-Koffer?<\/h2>\n<p><img decoding=\"async\" loading=\"lazy\" class=\"aligncenter wp-image-3071056 size-medium\" src=\"https:\/\/expertworldtravel.com\/wp-content\/uploads\/2022\/06\/rimowa-essential-blue-1-410x500.png\" alt=\"Rimowa Wesentlich Blau\" width=\"410\" height=\"500\" srcset=\"https:\/\/expertworldtravel.com\/wp-content\/uploads\/2022\/06\/rimowa-essential-blue-1-410x500.png 410w, https:\/\/expertworldtravel.com\/wp-content\/uploads\/2022\/06\/rimowa-essential-blue-1-246x300.png 246w, https:\/\/expertworldtravel.com\/wp-content\/uploads\/2022\/06\/rimowa-essential-blue-1-66x80.png 66w, https:\/\/expertworldtravel.com\/wp-content\/uploads\/2022\/06\/rimowa-essential-blue-1-180x220.png 180w, https:\/\/expertworldtravel.com\/wp-content\/uploads\/2022\/06\/rimowa-essential-blue-1-82x100.png 82w, https:\/\/expertworldtravel.com\/wp-content\/uploads\/2022\/06\/rimowa-essential-blue-1-123x150.png 123w, https:\/\/expertworldtravel.com\/wp-content\/uploads\/2022\/06\/rimowa-essential-blue-1-195x238.png 195w, https:\/\/expertworldtravel.com\/wp-content\/uploads\/2022\/06\/rimowa-essential-blue-1-340x415.png 340w, https:\/\/expertworldtravel.com\/wp-content\/uploads\/2022\/06\/rimowa-essential-blue-1-399x487.png 399w, https:\/\/expertworldtravel.com\/wp-content\/uploads\/2022\/06\/rimowa-essential-blue-1-488x595.png 488w, https:\/\/expertworldtravel.com\/wp-content\/uploads\/2022\/06\/rimowa-essential-blue-1.png 500w\" sizes=\"(max-width: 410px) 100vw, 410px\" \/><\/p>\n<p>Die Preise f\u00fcr Rimowa-Gep\u00e4ck beginnen bei knapp \u00fcber 600 Dollar f\u00fcr Gep\u00e4ckst\u00fccke aus Polycarbonat und reichen bis zu \u00fcber 2.000 Dollar f\u00fcr Aluminiumkoffer. Die Kunststoffkoffer aus Polycarbonat sind nat\u00fcrlich viel g\u00fcnstiger, vor allem die kleineren Gr\u00f6\u00dfen wie die Handgep\u00e4ckst\u00fccke.<\/p>\n<p>Aluminiumtaschen von Rimowa beginnen bei \u00fcber 1.300 Dollar und k\u00f6nnen mehrere Tausend Dollar kosten. Rimowa hat sogar einen Koffer im Angebot, der im Einzelhandel 9.900 Dollar kostet, aber das ist ein Spezialkoffer, der f\u00fcr den sicheren Transport von 12 Weinflaschen ausgelegt ist. F\u00fcr einen einfachen Aluminiumkoffer von Rimowa m\u00fcssen Sie je nach Gr\u00f6\u00dfe mit Kosten zwischen 1.500 und 2.000 Dollar rechnen.<\/p>\n<h2>Vergleich mit anderen Gep\u00e4ckmarken<\/h2>\n<h3><a href=\"https:\/\/expertworldtravel.com\/rimowa-vs-samsonite\/\" target=\"_blank\" rel=\"noopener\">Rimowa vs. Samsonite<\/a><\/h3>\n<p>Samsonite ist eine gute Alternative zu Rimowa-Gep\u00e4ck im mittleren Preissegment. Sie ist eine der beliebtesten Gep\u00e4ckmarken der Welt, vor allem wegen ihrer erschwinglichen Preise und ihrer hervorragenden Qualit\u00e4t. Wenn Sie einen guten Koffer aus Polycarbonat suchen, k\u00f6nnen Sie mit einem Samsonite-Koffer nie etwas falsch machen. Au\u00dferdem kosten sie nur einen Bruchteil ihrer Pendants von Rimowa.<\/p>\n<p>Es ist erw\u00e4hnenswert, dass Samsonite sowohl Softshell- als auch Hartschalengep\u00e4ck herstellt, aber Sie werden keine Koffer aus Aluminium in ihrer Produktpalette finden.<\/p>\n<h3><a href=\"https:\/\/expertworldtravel.com\/rimowa-vs-away-luggage\/\" target=\"_blank\" rel=\"noopener\">Rimowa vs. Away<\/a><\/h3>\n<p>Away Gep\u00e4ck ist eine wirklich gute Option, wenn Sie speziell nach Aluminiumkoffern suchen. Diese Marke stellt haupts\u00e4chlich Gep\u00e4ckst\u00fccke aus Polycarbonat her, hat aber auch vier Aluminiumkoffer im Programm. Sie k\u00f6nnen aus drei verschiedenen Farben des Aluminiumkoffers w\u00e4hlen, und es ist erw\u00e4hnenswert, dass er (mehr als) die H\u00e4lfte des Preises von Rimowa-Koffern kostet!<\/p>\n<h3><a href=\"https:\/\/expertworldtravel.com\/tumi-vs-rimowa\/\" target=\"_blank\" rel=\"noopener\">Rimowa vs. Tumi<\/a><\/h3>\n<p>Tumi ist die Gep\u00e4ckmarke, die Rimowa am n\u00e4chsten kommt, sowohl was die Qualit\u00e4t als auch den Preis betrifft. Beide sind Luxusgep\u00e4ckmarken, die f\u00fcr hervorragende Qualit\u00e4t, einzigartige Eigenschaften und teures Gep\u00e4ck bekannt sind. Im Gegensatz zu Rimowa stellt Tumi auch Softshell-Gep\u00e4ck her und verwendet f\u00fcr die Herstellung seiner Hartschalen eigene Materialien.<\/p>\n<p>Die Produktpalette von Tumi umfasst auch Aluminiumgep\u00e4ck und ist eine gute Alternative zu Rimowa. Der teuerste Aluminiumkoffer von Tumi kostet weniger als der billigste von Rimowa, und die Qualit\u00e4t und Leistung sind absolut vergleichbar.<\/p>\n<h3>Rimowa vs. TravelPro<\/h3>\n<p>TravelPro ist eine vern\u00fcnftige Alternative zu Rimowa im mittleren Preissegment. Das Unternehmen ist bekannt f\u00fcr die Herstellung von strapazierf\u00e4higen Koffern, die sich an Fachleute in der Luftfahrtindustrie richten, sowie f\u00fcr ausgew\u00e4hlte Linien, die ausschlie\u00dflich an das Kabinenpersonal verkauft werden. TravelPro-Gep\u00e4ck ist langlebig, wird aus hochwertigen Materialien hergestellt und verf\u00fcgt oft \u00fcber gro\u00dfartige Organisationsfunktionen.<\/p>\n<p>Im Gegensatz zu Rimowa umfasst die Produktpalette von TravelPro haupts\u00e4chlich Weichgep\u00e4ck und nur wenige Hartschalenkoffer. Sie haben kein Aluminium-Gep\u00e4ck in ihrer Produktpalette.<\/p>\n<h2>Lohnt sich der Kauf von Rimowa-Koffern?<\/h2>\n<div id=\"attachment_3093291\" style=\"width: 477px\" class=\"wp-caption aligncenter\"><img aria-describedby=\"caption-attachment-3093291\" decoding=\"async\" loading=\"lazy\" class=\"size-medium wp-image-3071054\" src=\"https:\/\/expertworldtravel.com\/wp-content\/uploads\/2022\/06\/rimowa-essential-sleeve-suitcase-1-467x500.png\" alt=\"Rimowa Essential-Tasche\" width=\"467\" height=\"500\" srcset=\"https:\/\/expertworldtravel.com\/wp-content\/uploads\/2022\/06\/rimowa-essential-sleeve-suitcase-1-467x500.png 467w, https:\/\/expertworldtravel.com\/wp-content\/uploads\/2022\/06\/rimowa-essential-sleeve-suitcase-1-280x300.png 280w, https:\/\/expertworldtravel.com\/wp-content\/uploads\/2022\/06\/rimowa-essential-sleeve-suitcase-1-75x80.png 75w, https:\/\/expertworldtravel.com\/wp-content\/uploads\/2022\/06\/rimowa-essential-sleeve-suitcase-1-206x220.png 206w, https:\/\/expertworldtravel.com\/wp-content\/uploads\/2022\/06\/rimowa-essential-sleeve-suitcase-1-93x100.png 93w, https:\/\/expertworldtravel.com\/wp-content\/uploads\/2022\/06\/rimowa-essential-sleeve-suitcase-1-140x150.png 140w, https:\/\/expertworldtravel.com\/wp-content\/uploads\/2022\/06\/rimowa-essential-sleeve-suitcase-1-222x238.png 222w, https:\/\/expertworldtravel.com\/wp-content\/uploads\/2022\/06\/rimowa-essential-sleeve-suitcase-1-388x415.png 388w, https:\/\/expertworldtravel.com\/wp-content\/uploads\/2022\/06\/rimowa-essential-sleeve-suitcase-1-455x487.png 455w, https:\/\/expertworldtravel.com\/wp-content\/uploads\/2022\/06\/rimowa-essential-sleeve-suitcase-1.png 500w\" sizes=\"(max-width: 467px) 100vw, 467px\" \/><p id=\"caption-attachment-3093291\" class=\"wp-caption-text\">Rimowa Essential-Tasche<\/p><\/div>\n<p>Wenn Sie sich Rimowa-Gep\u00e4ck leisten k\u00f6nnen, ohne sich selbst zu ruinieren, w\u00fcrde ich sagen, dass es sich lohnt. Sicherlich zahlen Sie eine Menge Geld nur f\u00fcr den Markennamen, aber die Qualit\u00e4t dieses Gep\u00e4cks ist unbestreitbar au\u00dfergew\u00f6hnlich. Die Koffer werden h\u00f6chstwahrscheinlich jahrzehntelang halten, vor allem dank der ausgezeichneten lebenslangen Garantie.<\/p>\n<p>Selbst bei allt\u00e4glicher Abnutzung und Besch\u00e4digung durch Gep\u00e4cktr\u00e4ger ist die Reparatur der R\u00e4der eines Rimowa-Koffers billiger als der Kauf eines komplett neuen Koffers.<\/p>\n<p>Andererseits, wenn Rimowa au\u00dferhalb Ihrer Preisklasse liegt und Sie \u00fcberlegen, Geld zu sparen, um sich einen leisten zu k\u00f6nnen, w\u00fcrde ich sagen, dass sie es nicht wert sind. Es gibt viele andere Marken, die mit der Qualit\u00e4t von Rimowa konkurrieren k\u00f6nnen, vor allem, wenn es sich um ihre Polycarbonat-Koffer handelt. Sie k\u00f6nnen sogar f\u00fcr die H\u00e4lfte des Preises eines Rimowa erstaunliches Aluminiumgep\u00e4ck bekommen, das genauso gut funktioniert.<\/p>\n<p>Es gibt keinen Grund, mehr als 1.000 Dollar f\u00fcr einen Koffer auszugeben, vor allem nicht, wenn Sie es sich nicht wirklich leisten k\u00f6nnen. Entscheiden Sie sich f\u00fcr Samsonite, Away, Victorinox, Briggs &amp; Riley oder sogar Tumi &#8211; all diese Marken sind f\u00fcr ihr hochwertiges Reisegep\u00e4ck bekannt und in der Regel viel g\u00fcnstiger als Rimowa!<\/p>\n<h2>H\u00e4ufig gestellte Fragen<\/h2>\n\t\t\t<div id=\"rank-math-rich-snippet-wrapper\" class=\"\">\n\n\t\t\t\t\n\t\t\t<\/div>\n\t\t\n","protected":false},"excerpt":{"rendered":"<p>Sie fragen sich, was es mit Rimowa und ihren unglaublich hohen Gep\u00e4ckpreisen auf sich hat? Dann sind Sie hier genau richtig, denn in diesem ausf\u00fchrlichen Ratgeber erfahren Sie alles \u00fcber die Gr\u00fcnde f\u00fcr die vierstelligen Preise der Rimowa Koffer! Um es gleich vorweg zu nehmen: Rimowa ist eine Luxusgep\u00e4ckmarke, und das ist der Hauptgrund, warum [&hellip;]<\/p>\n","protected":false},"author":6,"featured_media":3095176,"parent":0,"menu_order":0,"comment_status":"closed","ping_status":"closed","template":"","meta":{"_lmt_disableupdate":"","_lmt_disable":""},"categories":[600204],"acf":[],"_links":{"self":[{"href":"https:\/\/expertworldtravel.com\/de\/wp-json\/wp\/v2\/pages\/3136377"}],"collection":[{"href":"https:\/\/expertworldtravel.com\/de\/wp-json\/wp\/v2\/pages"}],"about":[{"href":"https:\/\/expertworldtravel.com\/de\/wp-json\/wp\/v2\/types\/page"}],"author":[{"embeddable":true,"href":"https:\/\/expertworldtravel.com\/de\/wp-json\/wp\/v2\/users\/6"}],"replies":[{"embeddable":true,"href":"https:\/\/expertworldtravel.com\/de\/wp-json\/wp\/v2\/comments?post=3136377"}],"version-history":[{"count":0,"href":"https:\/\/expertworldtravel.com\/de\/wp-json\/wp\/v2\/pages\/3136377\/revisions"}],"wp:featuredmedia":[{"embeddable":true,"href":"https:\/\/expertworldtravel.com\/de\/wp-json\/wp\/v2\/media\/3095176"}],"wp:attachment":[{"href":"https:\/\/expertworldtravel.com\/de\/wp-json\/wp\/v2\/media?parent=3136377"}],"wp:term":[{"taxonomy":"category","embeddable":true,"href":"https:\/\/expertworldtravel.com\/de\/wp-json\/wp\/v2\/categories?post=3136377"}],"curies":[{"name":"wp","href":"https:\/\/api.w.org\/{rel}","templated":true}]}}