{"id":3136378,"date":"2023-07-14T12:58:56","date_gmt":"2023-07-14T12:58:56","guid":{"rendered":"https:\/\/expertworldtravel.com\/bestes-gepaeck-material\/"},"modified":"2023-08-14T09:19:32","modified_gmt":"2023-08-14T09:19:32","slug":"koffermaterialen","status":"publish","type":"page","link":"https:\/\/expertworldtravel.com\/de\/koffermaterialen\/","title":{"rendered":"Koffermaterialen: Eine Kurzanleitung f\u00fcr clevere Reisende"},"content":{"rendered":"<p><strong>Die Auswahl des richtigen Koffermaterialen ist der Schl\u00fcssel zum besten Koffer.<\/strong> Das Material kann sich auf den Preis, die Haltbarkeit, das Gewicht und die Abriebfestigkeit Ihrer Tasche auswirken. Wenn Sie also verstehen, warum das eine besser ist als das andere, k\u00f6nnen Sie viel Geld sparen.<\/p>\n<p>In diesem kurzen Beitrag werfe ich einen Blick auf die besten Koffermaterialien wie Polycarbonat, Nylon und Aluminium und zeige Ihnen, warum jedes einzelne Material hervorragend ist oder ob es sich lohnt, es zu meiden.<\/p>\n<div class=\"highlight-box\">\n<h4>Koffermaterialen Vergleich<\/h4>\n<ul>\n<li>Hartschalenkoffer werden aus Polycarbonat, Polypropylen, ABS oder Aluminium hergestellt.<\/li>\n<li>Weichtaschen sind aus Nylon oder Polyester gefertigt<\/li>\n<li>St\u00e4rkere, haltbarere Materialien sind in der Regel teurer<\/li>\n<li>Stilvollere Materialien sind auch teurer<\/li>\n<\/ul>\n<\/div>\n<h2>Gebr\u00e4uchliche Gep\u00e4ckmaterialtypen<\/h2>\n<p>Fangen wir oben an und werfen einen Blick auf die g\u00e4ngigsten Koffermaterialien und ihre Vor- und Nachteile.<\/p>\n<h3>Polycarbonat<\/h3>\n<p>Polycarbonat (PC) ist aufgrund seiner Flexibilit\u00e4t und St\u00e4rke eine beliebte Wahl f\u00fcr Hartschalenkoffer. Es ist ein leichtes Material und eignet sich daher hervorragend f\u00fcr Reisekoffer.<\/p>\n<p>Einer der Hauptvorteile von Polycarbonat-Gep\u00e4ck ist seine F\u00e4higkeit, St\u00f6\u00dfe zu absorbieren und seine urspr\u00fcngliche Form beizubehalten, so dass Ihre Sachen darin gesch\u00fctzt sind, ohne dass irgendetwas besch\u00e4digt wird, auch nicht der Koffer.<\/p>\n<p>Nat\u00fcrlich haben diese gro\u00dfen St\u00e4rken ihren Preis, und Polycarbonat ist auch nur bei teurerem Gep\u00e4ck zu finden.<\/p>\n<h3>Polypropylen<\/h3>\n<p><a href=\"https:\/\/adrecoplastics.co.uk\/polypropylene-uses\/\" target=\"_blank\" rel=\"noopener\">Polypropylen<\/a> ist ein hartes Kohlenwasserstoffharz, das aus Erd\u00f6lnebenprodukten gewonnen wird. Es bietet etwas weniger Steifigkeit als andere Hartschalengep\u00e4ckmaterialien, hat aber auch einige gro\u00dfe Vorteile. Gep\u00e4ckst\u00fccke aus Polypropylen sind in der Regel billiger und eignen sich daher besser f\u00fcr preisg\u00fcnstiges Gep\u00e4ck. Au\u00dferdem ist er recht leicht, was ihn f\u00fcr viele Kofferhersteller zu einem idealen Kompromiss macht.<\/p>\n<p>Wenn Sie sich den hohen Preis von Polycarbonat-Gep\u00e4ck nicht leisten k\u00f6nnen, ist Polypropylen eine der besten Entscheidungen.<\/p>\n<h3>ABS<\/h3>\n<p>ABS ( <a href=\"https:\/\/plasticextrusiontech.net\/what-is-abs-material\/\" target=\"_blank\" rel=\"noopener\">Acrylnitril-Butadien-Styrol<\/a>) ist ein weiterer starker und leichter Kunststoff, der h\u00e4ufig im unteren Bereich der Kofferserien zu finden ist. ABS-Gep\u00e4ck ist immer noch recht sto\u00dffest und kann sehr lange halten. Au\u00dferdem ist es leicht zu reinigen und sehr langlebig.<\/p>\n<p>Nat\u00fcrlich gibt es auch Nachteile, und ABS-Gep\u00e4ck sieht oft nicht so elegant aus wie die teureren Koffer. Aber wenn Sie ein kleines Budget haben und einen kugelsicheren Koffer wollen, der lange h\u00e4lt, ist dies eine gute Wahl f\u00fcr Gep\u00e4ckmaterial.<\/p>\n<h3>Aluminium<\/h3>\n<p><a href=\"https:\/\/expertworldtravel.com\/best-aluminum-suitcase\/\" target=\"_blank\" rel=\"noopener\">Gep\u00e4ckst\u00fccke aus Aluminium<\/a> bieten zus\u00e4tzlichen Schutz und sind daher eine beliebte Wahl f\u00fcr Reisende, die auf der Suche nach besonders robustem Gep\u00e4ck sind. Da Aluminiumkoffer aus Metall bestehen, sind sie in der Regel teurer als anderes Gep\u00e4ck. Aber mit Top-Marken wie Rimowa, Tumi und Monos, die es verwenden, ist es keine \u00dcberraschung, dass Aluminium das Gep\u00e4ckmaterial der Wahl ist, wenn Geld oder Gewicht keine Rolle spielen.<\/p>\n<h3>Polyester<\/h3>\n<p>Polyester ist ein Gep\u00e4ckmaterial, das aufgrund seiner Erschwinglichkeit und Haltbarkeit am h\u00e4ufigsten f\u00fcr Weichgep\u00e4ck verwendet wird. Polyestergep\u00e4ck ist zwar nicht unbedingt so sto\u00dffest wie Hartschalenmaterialien, aber deutlich flexibler. Um die Aufprallgrenzwerte zu umgehen, m\u00fcssen die Koffer gepolstert werden. Daher sind die Koffer mit dickerem Material ausgestattet, um Sch\u00e4den beim Verladen und Transport im Flugzeug zu vermeiden.<\/p>\n<p>Idealerweise transportiert man darin keine sehr zerbrechlichen Gegenst\u00e4nde, aber f\u00fcr Kleidung und \u00c4hnliches sind sie gro\u00dfartig und erschwinglich.<\/p>\n<h3>Nylon<\/h3>\n<p>Nylon ist ein weiteres Material, das f\u00fcr Weichgep\u00e4ck verwendet wird. Es ist bekannt f\u00fcr seine Festigkeit und Widerstandsf\u00e4higkeit, und in Kombination mit seinem geringen Gewicht und seiner Wasserbest\u00e4ndigkeit ist es die ideale Wahl f\u00fcr Koffer und Handgep\u00e4ck. Obwohl es weicher ist als Hartschalenmaterialien, h\u00e4lt es der Abnutzung durch h\u00e4ufiges Reisen stand.<\/p>\n","protected":false},"excerpt":{"rendered":"<p>Die Auswahl des richtigen Koffermaterialen ist der Schl\u00fcssel zum besten Koffer. Das Material kann sich auf den Preis, die Haltbarkeit, das Gewicht und die Abriebfestigkeit Ihrer Tasche auswirken. Wenn Sie also verstehen, warum das eine besser ist als das andere, k\u00f6nnen Sie viel Geld sparen. In diesem kurzen Beitrag werfe ich einen Blick auf die [&hellip;]<\/p>\n","protected":false},"author":2,"featured_media":0,"parent":0,"menu_order":0,"comment_status":"closed","ping_status":"closed","template":"","meta":{"_lmt_disableupdate":"no","_lmt_disable":""},"categories":[],"acf":[],"_links":{"self":[{"href":"https:\/\/expertworldtravel.com\/de\/wp-json\/wp\/v2\/pages\/3136378"}],"collection":[{"href":"https:\/\/expertworldtravel.com\/de\/wp-json\/wp\/v2\/pages"}],"about":[{"href":"https:\/\/expertworldtravel.com\/de\/wp-json\/wp\/v2\/types\/page"}],"author":[{"embeddable":true,"href":"https:\/\/expertworldtravel.com\/de\/wp-json\/wp\/v2\/users\/2"}],"replies":[{"embeddable":true,"href":"https:\/\/expertworldtravel.com\/de\/wp-json\/wp\/v2\/comments?post=3136378"}],"version-history":[{"count":2,"href":"https:\/\/expertworldtravel.com\/de\/wp-json\/wp\/v2\/pages\/3136378\/revisions"}],"predecessor-version":[{"id":3136380,"href":"https:\/\/expertworldtravel.com\/de\/wp-json\/wp\/v2\/pages\/3136378\/revisions\/3136380"}],"wp:attachment":[{"href":"https:\/\/expertworldtravel.com\/de\/wp-json\/wp\/v2\/media?parent=3136378"}],"wp:term":[{"taxonomy":"category","embeddable":true,"href":"https:\/\/expertworldtravel.com\/de\/wp-json\/wp\/v2\/categories?post=3136378"}],"curies":[{"name":"wp","href":"https:\/\/api.w.org\/{rel}","templated":true}]}}