{"id":3136449,"date":"2023-08-15T09:48:26","date_gmt":"2023-08-15T09:48:26","guid":{"rendered":"https:\/\/expertworldtravel.com\/best-esim-poland\/"},"modified":"2024-12-31T15:26:36","modified_gmt":"2024-12-31T15:26:36","slug":"esim-polen","status":"publish","type":"page","link":"https:\/\/expertworldtravel.com\/de\/esim-polen\/","title":{"rendered":"Beste eSIM f\u00fcr Polen (f\u00fcr Sie verglichen)"},"content":{"rendered":"<p>Ben\u00f6tigen Sie eine ESIM f\u00fcr Ihre Reise nach Polen oder Warschau? Da sind Sie hier richtig!<\/p>\n<p>In diesem Leitfaden finden Sie die besten eSIM-Optionen f\u00fcr Polen.<\/p>\n<p>Egal, ob Sie nur f\u00fcr einen Tag oder einen ganzen Monat einen Internetzugang suchen, es gibt ein passendes eSIM-Paket f\u00fcr Polen, das auf Sie wartet. Einige Pakete enthalten sogar Text- und Anrufoptionen, eine Funktion, die bei eSIMs nicht immer \u00fcblich ist.<\/p>\n<p>Dieser Leitfaden vergleicht alle f\u00fchrenden eSIM-Anbieter f\u00fcr Polen, damit Sie Zeit sparen und den richtigen Anbieter finden k\u00f6nnen. Tauchen Sie ein und entdecken Sie die besten eSIM-Optionen f\u00fcr Ihre Reise nach Polen!<\/p>\n","protected":false},"excerpt":{"rendered":"<p>Ben\u00f6tigen Sie eine ESIM f\u00fcr Ihre Reise nach Polen oder Warschau? Da sind Sie hier richtig! In diesem Leitfaden finden Sie die besten eSIM-Optionen f\u00fcr Polen. Egal, ob Sie nur f\u00fcr einen Tag oder einen ganzen Monat einen Internetzugang suchen, es gibt ein passendes eSIM-Paket f\u00fcr Polen, das auf Sie wartet. Einige Pakete enthalten sogar [&hellip;]<\/p>\n","protected":false},"author":2,"featured_media":0,"parent":0,"menu_order":0,"comment_status":"closed","ping_status":"closed","template":"best-esim-template.php","meta":{"_lmt_disableupdate":"no","_lmt_disable":""},"categories":[600208],"acf":[],"_links":{"self":[{"href":"https:\/\/expertworldtravel.com\/de\/wp-json\/wp\/v2\/pages\/3136449"}],"collection":[{"href":"https:\/\/expertworldtravel.com\/de\/wp-json\/wp\/v2\/pages"}],"about":[{"href":"https:\/\/expertworldtravel.com\/de\/wp-json\/wp\/v2\/types\/page"}],"author":[{"embeddable":true,"href":"https:\/\/expertworldtravel.com\/de\/wp-json\/wp\/v2\/users\/2"}],"replies":[{"embeddable":true,"href":"https:\/\/expertworldtravel.com\/de\/wp-json\/wp\/v2\/comments?post=3136449"}],"version-history":[{"count":1,"href":"https:\/\/expertworldtravel.com\/de\/wp-json\/wp\/v2\/pages\/3136449\/revisions"}],"predecessor-version":[{"id":3136451,"href":"https:\/\/expertworldtravel.com\/de\/wp-json\/wp\/v2\/pages\/3136449\/revisions\/3136451"}],"wp:attachment":[{"href":"https:\/\/expertworldtravel.com\/de\/wp-json\/wp\/v2\/media?parent=3136449"}],"wp:term":[{"taxonomy":"category","embeddable":true,"href":"https:\/\/expertworldtravel.com\/de\/wp-json\/wp\/v2\/categories?post=3136449"}],"curies":[{"name":"wp","href":"https:\/\/api.w.org\/{rel}","templated":true}]}}