{"id":3136458,"date":"2023-08-03T15:23:21","date_gmt":"2023-08-03T15:23:21","guid":{"rendered":"https:\/\/expertworldtravel.com\/bangkok-esims\/"},"modified":"2023-08-15T10:08:16","modified_gmt":"2023-08-15T10:08:16","slug":"bangkok-esims","status":"publish","type":"page","link":"https:\/\/expertworldtravel.com\/de\/bangkok-esims\/","title":{"rendered":"Bangkok eSIMs: Das Beste f\u00fcr preiswerte Daten"},"content":{"rendered":"<p>Wenn Sie sich vor Ihrer Ankunft in Bangkok eine eSIM besorgen, k\u00f6nnen Sie sicherstellen, dass Sie w\u00e4hrend Ihres Besuchs in Verbindung bleiben.<\/p>\n<p>Vorbei sind die Zeiten, in denen man um Daten k\u00e4mpfen oder horrende Roaming-Geb\u00fchren zahlen musste. ESIMs machen das Leben so viel einfacher und billiger, und ich werde nie wieder zu den alten Zeiten zur\u00fcckkehren, das steht fest.<\/p>\n<p>Egal, ob Sie unbegrenzte Daten oder nur ein paar GB ben\u00f6tigen, ich habe die besten Bangkok eSIMs f\u00fcr Sie gefunden.<\/p>\n","protected":false},"excerpt":{"rendered":"<p>Wenn Sie sich vor Ihrer Ankunft in Bangkok eine eSIM besorgen, k\u00f6nnen Sie sicherstellen, dass Sie w\u00e4hrend Ihres Besuchs in Verbindung bleiben. Vorbei sind die Zeiten, in denen man um Daten k\u00e4mpfen oder horrende Roaming-Geb\u00fchren zahlen musste. ESIMs machen das Leben so viel einfacher und billiger, und ich werde nie wieder zu den alten Zeiten [&hellip;]<\/p>\n","protected":false},"author":2,"featured_media":0,"parent":0,"menu_order":0,"comment_status":"closed","ping_status":"closed","template":"best-template.php","meta":{"_lmt_disableupdate":"","_lmt_disable":""},"categories":[600148,600145],"acf":[],"_links":{"self":[{"href":"https:\/\/expertworldtravel.com\/de\/wp-json\/wp\/v2\/pages\/3136458"}],"collection":[{"href":"https:\/\/expertworldtravel.com\/de\/wp-json\/wp\/v2\/pages"}],"about":[{"href":"https:\/\/expertworldtravel.com\/de\/wp-json\/wp\/v2\/types\/page"}],"author":[{"embeddable":true,"href":"https:\/\/expertworldtravel.com\/de\/wp-json\/wp\/v2\/users\/2"}],"replies":[{"embeddable":true,"href":"https:\/\/expertworldtravel.com\/de\/wp-json\/wp\/v2\/comments?post=3136458"}],"version-history":[{"count":0,"href":"https:\/\/expertworldtravel.com\/de\/wp-json\/wp\/v2\/pages\/3136458\/revisions"}],"wp:attachment":[{"href":"https:\/\/expertworldtravel.com\/de\/wp-json\/wp\/v2\/media?parent=3136458"}],"wp:term":[{"taxonomy":"category","embeddable":true,"href":"https:\/\/expertworldtravel.com\/de\/wp-json\/wp\/v2\/categories?post=3136458"}],"curies":[{"name":"wp","href":"https:\/\/api.w.org\/{rel}","templated":true}]}}