{"id":3136463,"date":"2023-04-27T16:16:50","date_gmt":"2023-04-27T16:16:50","guid":{"rendered":"https:\/\/expertworldtravel.com\/beste-esim-afrika\/"},"modified":"2025-01-02T15:15:46","modified_gmt":"2025-01-02T15:15:46","slug":"beste-esim-afrika","status":"publish","type":"page","link":"https:\/\/expertworldtravel.com\/de\/beste-esim-afrika\/","title":{"rendered":"Beste eSIM f\u00fcr Afrika (Prepaid-Reisedaten)"},"content":{"rendered":"<p>Wenn Sie eine Reise nach Afrika planen und in mehreren afrikanischen L\u00e4ndern unterwegs sind, wie wollen Sie dann in Verbindung bleiben?<\/p>\n<p>Sie k\u00f6nnten Datenroaming nutzen, aber das ist viel zu teuer. Bei jedem Grenz\u00fcbertritt eine neue physische SIM-Karte zu kaufen, k\u00f6nnte funktionieren, ist aber sehr m\u00fchsam. Vielleicht ist eine afrikanische eSIM der richtige Weg? Ich denke schon.<\/p>\n<p>Mit einer eSIM f\u00fcr Afrika k\u00f6nnen Sie eine SIM-Karte und einen Datentarif in zahlreichen afrikanischen L\u00e4ndern verwenden, so dass es ein Kinderspiel ist, in Verbindung zu bleiben. Aber f\u00fcr welches eSim sollten Sie sich entscheiden?<\/p>\n<p>Schauen Sie sich mit mir die besten eSIMs an, die Afrika zu bieten hat, damit Sie die beste eSIM f\u00fcr Afrika finden, die Sie auf Ihren Reisen verwenden k\u00f6nnen.<\/p>\n","protected":false},"excerpt":{"rendered":"<p>Wenn Sie eine Reise nach Afrika planen und in mehreren afrikanischen L\u00e4ndern unterwegs sind, wie wollen Sie dann in Verbindung bleiben? Sie k\u00f6nnten Datenroaming nutzen, aber das ist viel zu teuer. Bei jedem Grenz\u00fcbertritt eine neue physische SIM-Karte zu kaufen, k\u00f6nnte funktionieren, ist aber sehr m\u00fchsam. Vielleicht ist eine afrikanische eSIM der richtige Weg? Ich [&hellip;]<\/p>\n","protected":false},"author":2,"featured_media":3098100,"parent":0,"menu_order":0,"comment_status":"closed","ping_status":"closed","template":"best-esim-template.php","meta":{"_lmt_disableupdate":"no","_lmt_disable":""},"categories":[600211,600145],"acf":[],"_links":{"self":[{"href":"https:\/\/expertworldtravel.com\/de\/wp-json\/wp\/v2\/pages\/3136463"}],"collection":[{"href":"https:\/\/expertworldtravel.com\/de\/wp-json\/wp\/v2\/pages"}],"about":[{"href":"https:\/\/expertworldtravel.com\/de\/wp-json\/wp\/v2\/types\/page"}],"author":[{"embeddable":true,"href":"https:\/\/expertworldtravel.com\/de\/wp-json\/wp\/v2\/users\/2"}],"replies":[{"embeddable":true,"href":"https:\/\/expertworldtravel.com\/de\/wp-json\/wp\/v2\/comments?post=3136463"}],"version-history":[{"count":4,"href":"https:\/\/expertworldtravel.com\/de\/wp-json\/wp\/v2\/pages\/3136463\/revisions"}],"predecessor-version":[{"id":3138261,"href":"https:\/\/expertworldtravel.com\/de\/wp-json\/wp\/v2\/pages\/3136463\/revisions\/3138261"}],"wp:featuredmedia":[{"embeddable":true,"href":"https:\/\/expertworldtravel.com\/de\/wp-json\/wp\/v2\/media\/3098100"}],"wp:attachment":[{"href":"https:\/\/expertworldtravel.com\/de\/wp-json\/wp\/v2\/media?parent=3136463"}],"wp:term":[{"taxonomy":"category","embeddable":true,"href":"https:\/\/expertworldtravel.com\/de\/wp-json\/wp\/v2\/categories?post=3136463"}],"curies":[{"name":"wp","href":"https:\/\/api.w.org\/{rel}","templated":true}]}}