{"id":3136481,"date":"2023-08-15T10:58:13","date_gmt":"2023-08-15T10:58:13","guid":{"rendered":"https:\/\/expertworldtravel.com\/best-hong-kong-esim\/"},"modified":"2023-08-15T11:01:18","modified_gmt":"2023-08-15T11:01:18","slug":"hongkong-esim","status":"publish","type":"page","link":"https:\/\/expertworldtravel.com\/de\/hongkong-esim\/","title":{"rendered":"Beste eSIMs in Hongkong (Vergleich im Jahr 2023)"},"content":{"rendered":"<p>Eine eSIM f\u00fcr Hongkong zu kaufen, bevor Sie reisen, ist eine gute Idee!<\/p>\n<p>Roaming ist heutzutage wahnsinnig teuer, und der Kauf einer SIM-Karte nach der Landung ist eine l\u00e4stige Angelegenheit. Aus diesem Grund verwende ich seit Jahren eSIMs.<\/p>\n<p>In Hongkong werden heute so viele eSIMs angeboten &#8211; von kurzfristigen Optionen bis hin zu unbegrenzten Daten und 5G. Und da Hongkong ein so technikbegeistertes Land ist, kann man davon ausgehen, dass auch die Daten\u00fcbertragung schnell sein wird.<\/p>\n<p>Im Folgenden habe ich die besten eSIMs f\u00fcr Hongkong zusammengestellt, damit Sie vergleichen und die richtige Option f\u00fcr sich ausw\u00e4hlen k\u00f6nnen.<\/p>\n<div id=\"center_col\" class=\"s6JM6d\">\n<div id=\"botstuff\">\n<div data-hveid=\"CAIQAA\" data-ved=\"2ahUKEwiogaiRgtKAAxVDhP0HHRq0BToQCHoECAIQAA\">\n<div id=\"bres\">\n<div class=\"ULSxyf\">\n<div class=\"MjjYud\">\n<div data-abe=\"\" data-hveid=\"CDwQAA\" data-ved=\"2ahUKEwiogaiRgtKAAxVDhP0HHRq0BToQ26YDegQIPBAA\">\n<div class=\"oIk2Cb\">\n<div class=\"y6Uyqe\">\n<div class=\"EIaa9b\">\n<div class=\"AJLUJb\">\n<div data-hveid=\"CD4QAA\">\n<div class=\"aXBZVd unhzXb\">&nbsp;<\/div>\n<\/div>\n<div data-hveid=\"CEEQAA\">\n<div class=\"s75CSd u60jwe r2fjmd AB4Wff\">&nbsp;<\/div>\n<\/div>\n<\/div>\n<\/div>\n<\/div>\n<\/div>\n<\/div>\n<\/div>\n<\/div>\n<\/div>\n<\/div>\n<\/div>\n<\/div>\n","protected":false},"excerpt":{"rendered":"<p>Eine eSIM f\u00fcr Hongkong zu kaufen, bevor Sie reisen, ist eine gute Idee! Roaming ist heutzutage wahnsinnig teuer, und der Kauf einer SIM-Karte nach der Landung ist eine l\u00e4stige Angelegenheit. Aus diesem Grund verwende ich seit Jahren eSIMs. In Hongkong werden heute so viele eSIMs angeboten &#8211; von kurzfristigen Optionen bis hin zu unbegrenzten Daten [&hellip;]<\/p>\n","protected":false},"author":2,"featured_media":0,"parent":0,"menu_order":0,"comment_status":"closed","ping_status":"closed","template":"best-esim-template.php","meta":{"_lmt_disableupdate":"no","_lmt_disable":""},"categories":[600145],"acf":[],"_links":{"self":[{"href":"https:\/\/expertworldtravel.com\/de\/wp-json\/wp\/v2\/pages\/3136481"}],"collection":[{"href":"https:\/\/expertworldtravel.com\/de\/wp-json\/wp\/v2\/pages"}],"about":[{"href":"https:\/\/expertworldtravel.com\/de\/wp-json\/wp\/v2\/types\/page"}],"author":[{"embeddable":true,"href":"https:\/\/expertworldtravel.com\/de\/wp-json\/wp\/v2\/users\/2"}],"replies":[{"embeddable":true,"href":"https:\/\/expertworldtravel.com\/de\/wp-json\/wp\/v2\/comments?post=3136481"}],"version-history":[{"count":1,"href":"https:\/\/expertworldtravel.com\/de\/wp-json\/wp\/v2\/pages\/3136481\/revisions"}],"predecessor-version":[{"id":3136484,"href":"https:\/\/expertworldtravel.com\/de\/wp-json\/wp\/v2\/pages\/3136481\/revisions\/3136484"}],"wp:attachment":[{"href":"https:\/\/expertworldtravel.com\/de\/wp-json\/wp\/v2\/media?parent=3136481"}],"wp:term":[{"taxonomy":"category","embeddable":true,"href":"https:\/\/expertworldtravel.com\/de\/wp-json\/wp\/v2\/categories?post=3136481"}],"curies":[{"name":"wp","href":"https:\/\/api.w.org\/{rel}","templated":true}]}}