{"id":3136679,"date":"2023-04-20T13:12:25","date_gmt":"2023-04-20T13:12:25","guid":{"rendered":"https:\/\/expertworldtravel.com\/best-esim-albania\/"},"modified":"2024-12-27T09:24:11","modified_gmt":"2024-12-27T09:24:11","slug":"esim-albanien","status":"publish","type":"page","link":"https:\/\/expertworldtravel.com\/de\/esim-albanien\/","title":{"rendered":"Beste eSIM f\u00fcr Albanien im Jahr 2025"},"content":{"rendered":"<p>Suchen Sie nach einer eSIM f\u00fcr Albanien?<\/p>\n<p>ESIMs sind eine gute M\u00f6glichkeit, bei Reisen in Albanien Geld zu sparen. Im Folgenden habe ich die besten eSIMs f\u00fcr Albanien f\u00fcr Ihre bevorstehende Reise zusammengestellt.<\/p>\n<p>Vergleichen Sie die eSIM-Preise und Datenkontingente der f\u00fchrenden eSIM-Anbieter und mehr.<\/p>\n","protected":false},"excerpt":{"rendered":"<p>Suchen Sie nach einer eSIM f\u00fcr Albanien? ESIMs sind eine gute M\u00f6glichkeit, bei Reisen in Albanien Geld zu sparen. Im Folgenden habe ich die besten eSIMs f\u00fcr Albanien f\u00fcr Ihre bevorstehende Reise zusammengestellt. Vergleichen Sie die eSIM-Preise und Datenkontingente der f\u00fchrenden eSIM-Anbieter und mehr.<\/p>\n","protected":false},"author":6,"featured_media":3097514,"parent":0,"menu_order":0,"comment_status":"closed","ping_status":"closed","template":"best-esim-template.php","meta":{"_lmt_disableupdate":"no","_lmt_disable":""},"categories":[600213,600145],"acf":[],"_links":{"self":[{"href":"https:\/\/expertworldtravel.com\/de\/wp-json\/wp\/v2\/pages\/3136679"}],"collection":[{"href":"https:\/\/expertworldtravel.com\/de\/wp-json\/wp\/v2\/pages"}],"about":[{"href":"https:\/\/expertworldtravel.com\/de\/wp-json\/wp\/v2\/types\/page"}],"author":[{"embeddable":true,"href":"https:\/\/expertworldtravel.com\/de\/wp-json\/wp\/v2\/users\/6"}],"replies":[{"embeddable":true,"href":"https:\/\/expertworldtravel.com\/de\/wp-json\/wp\/v2\/comments?post=3136679"}],"version-history":[{"count":2,"href":"https:\/\/expertworldtravel.com\/de\/wp-json\/wp\/v2\/pages\/3136679\/revisions"}],"predecessor-version":[{"id":3141936,"href":"https:\/\/expertworldtravel.com\/de\/wp-json\/wp\/v2\/pages\/3136679\/revisions\/3141936"}],"wp:featuredmedia":[{"embeddable":true,"href":"https:\/\/expertworldtravel.com\/de\/wp-json\/wp\/v2\/media\/3097514"}],"wp:attachment":[{"href":"https:\/\/expertworldtravel.com\/de\/wp-json\/wp\/v2\/media?parent=3136679"}],"wp:term":[{"taxonomy":"category","embeddable":true,"href":"https:\/\/expertworldtravel.com\/de\/wp-json\/wp\/v2\/categories?post=3136679"}],"curies":[{"name":"wp","href":"https:\/\/api.w.org\/{rel}","templated":true}]}}