{"id":3137006,"date":"2023-05-17T17:08:25","date_gmt":"2023-05-17T17:08:25","guid":{"rendered":"https:\/\/expertworldtravel.com\/beste-esim-fuer-namibia-ein-leitfaden-fuer-reisende\/"},"modified":"2023-08-19T16:48:05","modified_gmt":"2023-08-19T16:48:05","slug":"esim-namibia","status":"publish","type":"page","link":"https:\/\/expertworldtravel.com\/de\/esim-namibia\/","title":{"rendered":"Beste eSim f\u00fcr Namibia: Ein Leitfaden f\u00fcr Reisende"},"content":{"rendered":"<p>Namibia ist vielleicht das sch\u00f6nste Land Afrikas, aber das ist eine k\u00fchne Behauptung, aber es ist auf jeden Fall eines von ihnen. Wenn Sie dies lesen, werden Sie wahrscheinlich nach Namibia reisen und sich fragen, wie Sie w\u00e4hrend Ihres Aufenthalts mit mobilen Daten in Verbindung bleiben k\u00f6nnen.<\/p>\n<p>In diesem Artikel befassen wir uns mit der Suche nach der besten eSim, die Namibia f\u00fcr Ihre Reisen zu bieten hat, da dies die bequemste Art ist, in Namibia in Verbindung zu bleiben, verglichen mit der Verwendung von Daten-Roaming oder dem Erwerb einer lokalen Namibia-Sim-Karte.<\/p>\n<p>Im Folgenden finden Sie alle Prepaid-eSim-Datentarife, die von einigen der besten eSim-Anbieter der Welt angeboten werden, damit Sie die beste eSim f\u00fcr Namibia finden k\u00f6nnen.<\/p>\n","protected":false},"excerpt":{"rendered":"<p>Namibia ist vielleicht das sch\u00f6nste Land Afrikas, aber das ist eine k\u00fchne Behauptung, aber es ist auf jeden Fall eines von ihnen. Wenn Sie dies lesen, werden Sie wahrscheinlich nach Namibia reisen und sich fragen, wie Sie w\u00e4hrend Ihres Aufenthalts mit mobilen Daten in Verbindung bleiben k\u00f6nnen. In diesem Artikel befassen wir uns mit der [&hellip;]<\/p>\n","protected":false},"author":2,"featured_media":3098574,"parent":0,"menu_order":0,"comment_status":"closed","ping_status":"closed","template":"best-esim-template.php","meta":{"_lmt_disableupdate":"no","_lmt_disable":""},"categories":[600145],"acf":[],"_links":{"self":[{"href":"https:\/\/expertworldtravel.com\/de\/wp-json\/wp\/v2\/pages\/3137006"}],"collection":[{"href":"https:\/\/expertworldtravel.com\/de\/wp-json\/wp\/v2\/pages"}],"about":[{"href":"https:\/\/expertworldtravel.com\/de\/wp-json\/wp\/v2\/types\/page"}],"author":[{"embeddable":true,"href":"https:\/\/expertworldtravel.com\/de\/wp-json\/wp\/v2\/users\/2"}],"replies":[{"embeddable":true,"href":"https:\/\/expertworldtravel.com\/de\/wp-json\/wp\/v2\/comments?post=3137006"}],"version-history":[{"count":1,"href":"https:\/\/expertworldtravel.com\/de\/wp-json\/wp\/v2\/pages\/3137006\/revisions"}],"predecessor-version":[{"id":3137007,"href":"https:\/\/expertworldtravel.com\/de\/wp-json\/wp\/v2\/pages\/3137006\/revisions\/3137007"}],"wp:featuredmedia":[{"embeddable":true,"href":"https:\/\/expertworldtravel.com\/de\/wp-json\/wp\/v2\/media\/3098574"}],"wp:attachment":[{"href":"https:\/\/expertworldtravel.com\/de\/wp-json\/wp\/v2\/media?parent=3137006"}],"wp:term":[{"taxonomy":"category","embeddable":true,"href":"https:\/\/expertworldtravel.com\/de\/wp-json\/wp\/v2\/categories?post=3137006"}],"curies":[{"name":"wp","href":"https:\/\/api.w.org\/{rel}","templated":true}]}}