{"id":3138038,"date":"2023-05-11T19:39:33","date_gmt":"2023-05-11T19:39:33","guid":{"rendered":"https:\/\/expertworldtravel.com\/paraguay-die-besten-esims-um-unterwegs-in-verbindung-zu-bleiben\/"},"modified":"2023-08-29T14:26:58","modified_gmt":"2023-08-29T14:26:58","slug":"esim-paraguay","status":"publish","type":"page","link":"https:\/\/expertworldtravel.com\/de\/esim-paraguay\/","title":{"rendered":"Paraguay: Die besten eSIMs, um unterwegs in Verbindung zu bleiben"},"content":{"rendered":"<p>Die Verwendung von eSIMs auf Reisen in Paraguay ist ideal f\u00fcr mobile Daten. Deshalb haben wir die besten eSIMs aus Paraguay f\u00fcr Sie zusammengestellt.<\/p>\n<p>Warum teures Datenroaming nutzen, wenn Sie eine bequeme und g\u00fcnstige Paraguay eSIM verwenden k\u00f6nnen?<\/p>\n<p>Scrollen Sie einfach nach unten, um die besten eSIMS f\u00fcr Ihre n\u00e4chste Reise nach Paraguay zu entdecken.<\/p>\n","protected":false},"excerpt":{"rendered":"<p>Die Verwendung von eSIMs auf Reisen in Paraguay ist ideal f\u00fcr mobile Daten. Deshalb haben wir die besten eSIMs aus Paraguay f\u00fcr Sie zusammengestellt. Warum teures Datenroaming nutzen, wenn Sie eine bequeme und g\u00fcnstige Paraguay eSIM verwenden k\u00f6nnen? Scrollen Sie einfach nach unten, um die besten eSIMS f\u00fcr Ihre n\u00e4chste Reise nach Paraguay zu entdecken.<\/p>\n","protected":false},"author":2,"featured_media":3098481,"parent":0,"menu_order":0,"comment_status":"closed","ping_status":"closed","template":"best-esim-template.php","meta":{"_lmt_disableupdate":"no","_lmt_disable":""},"categories":[600145],"acf":[],"_links":{"self":[{"href":"https:\/\/expertworldtravel.com\/de\/wp-json\/wp\/v2\/pages\/3138038"}],"collection":[{"href":"https:\/\/expertworldtravel.com\/de\/wp-json\/wp\/v2\/pages"}],"about":[{"href":"https:\/\/expertworldtravel.com\/de\/wp-json\/wp\/v2\/types\/page"}],"author":[{"embeddable":true,"href":"https:\/\/expertworldtravel.com\/de\/wp-json\/wp\/v2\/users\/2"}],"replies":[{"embeddable":true,"href":"https:\/\/expertworldtravel.com\/de\/wp-json\/wp\/v2\/comments?post=3138038"}],"version-history":[{"count":5,"href":"https:\/\/expertworldtravel.com\/de\/wp-json\/wp\/v2\/pages\/3138038\/revisions"}],"predecessor-version":[{"id":3138172,"href":"https:\/\/expertworldtravel.com\/de\/wp-json\/wp\/v2\/pages\/3138038\/revisions\/3138172"}],"wp:featuredmedia":[{"embeddable":true,"href":"https:\/\/expertworldtravel.com\/de\/wp-json\/wp\/v2\/media\/3098481"}],"wp:attachment":[{"href":"https:\/\/expertworldtravel.com\/de\/wp-json\/wp\/v2\/media?parent=3138038"}],"wp:term":[{"taxonomy":"category","embeddable":true,"href":"https:\/\/expertworldtravel.com\/de\/wp-json\/wp\/v2\/categories?post=3138038"}],"curies":[{"name":"wp","href":"https:\/\/api.w.org\/{rel}","templated":true}]}}