{"id":3138110,"date":"2023-05-10T18:25:25","date_gmt":"2023-05-10T18:25:25","guid":{"rendered":"https:\/\/expertworldtravel.com\/beste-esim-fuer-panama-ein-leitfaden-fuer-reisende\/"},"modified":"2024-12-29T14:59:43","modified_gmt":"2024-12-29T14:59:43","slug":"esim-panama","status":"publish","type":"page","link":"https:\/\/expertworldtravel.com\/de\/esim-panama\/","title":{"rendered":"Beste eSIM f\u00fcr Panama (Ein Leitfaden f\u00fcr Reisende)"},"content":{"rendered":"<p>Wenn Sie auf dem Weg nach Panama sind und eine eSIM ben\u00f6tigen, um in Verbindung zu bleiben, haben Sie Gl\u00fcck!<\/p>\n<p>Panama eSIMs sind die bequemste Art, mobile Daten auf Reisen zu nutzen. Und heutzutage gibt es eine ganze Reihe von eSIM-Anbietern, die Ihnen die hohen Roaming-Kosten ersparen.<\/p>\n<p>Begleiten Sie mich, wenn ich die besten eSIM-Datentarife durchsehe, damit Sie die beste eSIM f\u00fcr Panama finden k\u00f6nnen.<\/p>\n","protected":false},"excerpt":{"rendered":"<p>Wenn Sie auf dem Weg nach Panama sind und eine eSIM ben\u00f6tigen, um in Verbindung zu bleiben, haben Sie Gl\u00fcck! Panama eSIMs sind die bequemste Art, mobile Daten auf Reisen zu nutzen. Und heutzutage gibt es eine ganze Reihe von eSIM-Anbietern, die Ihnen die hohen Roaming-Kosten ersparen. Begleiten Sie mich, wenn ich die besten eSIM-Datentarife [&hellip;]<\/p>\n","protected":false},"author":2,"featured_media":3098430,"parent":0,"menu_order":0,"comment_status":"closed","ping_status":"closed","template":"best-esim-template.php","meta":{"_lmt_disableupdate":"no","_lmt_disable":""},"categories":[600232,600145],"acf":[],"_links":{"self":[{"href":"https:\/\/expertworldtravel.com\/de\/wp-json\/wp\/v2\/pages\/3138110"}],"collection":[{"href":"https:\/\/expertworldtravel.com\/de\/wp-json\/wp\/v2\/pages"}],"about":[{"href":"https:\/\/expertworldtravel.com\/de\/wp-json\/wp\/v2\/types\/page"}],"author":[{"embeddable":true,"href":"https:\/\/expertworldtravel.com\/de\/wp-json\/wp\/v2\/users\/2"}],"replies":[{"embeddable":true,"href":"https:\/\/expertworldtravel.com\/de\/wp-json\/wp\/v2\/comments?post=3138110"}],"version-history":[{"count":6,"href":"https:\/\/expertworldtravel.com\/de\/wp-json\/wp\/v2\/pages\/3138110\/revisions"}],"predecessor-version":[{"id":3138170,"href":"https:\/\/expertworldtravel.com\/de\/wp-json\/wp\/v2\/pages\/3138110\/revisions\/3138170"}],"wp:featuredmedia":[{"embeddable":true,"href":"https:\/\/expertworldtravel.com\/de\/wp-json\/wp\/v2\/media\/3098430"}],"wp:attachment":[{"href":"https:\/\/expertworldtravel.com\/de\/wp-json\/wp\/v2\/media?parent=3138110"}],"wp:term":[{"taxonomy":"category","embeddable":true,"href":"https:\/\/expertworldtravel.com\/de\/wp-json\/wp\/v2\/categories?post=3138110"}],"curies":[{"name":"wp","href":"https:\/\/api.w.org\/{rel}","templated":true}]}}