{"id":3138186,"date":"2023-05-13T21:02:52","date_gmt":"2023-05-13T21:02:52","guid":{"rendered":"https:\/\/expertworldtravel.com\/beste-esim-fuer-die-dominikanische-republik-einfacher-internetzugang\/"},"modified":"2023-08-29T16:18:38","modified_gmt":"2023-08-29T16:18:38","slug":"esim-dominikanische-republik","status":"publish","type":"page","link":"https:\/\/expertworldtravel.com\/de\/esim-dominikanische-republik\/","title":{"rendered":"Beste eSIM f\u00fcr die Dominikanische Republik (Einfacher Internetzugang)"},"content":{"rendered":"<p>Planen Sie eine Reise in die Dominikanische Republik? Die Insel ist wundersch\u00f6n, aber Sie brauchen eine eSIM, damit Sie w\u00e4hrend Ihrer Reise kosteng\u00fcnstiges mobiles Internet haben!<\/p>\n<p>Die Standard-WiFi-Internetverbindung in der Dominikanischen Republik ist nicht so gut, daher ist eine Datenverbindung auf Ihrem Handy wichtig, wenn Sie mit der Welt in Kontakt bleiben wollen.<\/p>\n<p>Eine eSIM f\u00fcr die Dominikanische Republik ist bei weitem die bequemste Option. Nachfolgend finden Sie eine \u00dcbersicht \u00fcber alle f\u00fchrenden eSIM-Anbieter in der Dominikanischen Republik. Wir gehen auf ihre Datenpl\u00e4ne ein, damit Sie die beste eSIM f\u00fcr Ihre Reise in die Dominikanische Republik finden.<\/p>\n","protected":false},"excerpt":{"rendered":"<p>Planen Sie eine Reise in die Dominikanische Republik? Die Insel ist wundersch\u00f6n, aber Sie brauchen eine eSIM, damit Sie w\u00e4hrend Ihrer Reise kosteng\u00fcnstiges mobiles Internet haben! Die Standard-WiFi-Internetverbindung in der Dominikanischen Republik ist nicht so gut, daher ist eine Datenverbindung auf Ihrem Handy wichtig, wenn Sie mit der Welt in Kontakt bleiben wollen. Eine eSIM [&hellip;]<\/p>\n","protected":false},"author":2,"featured_media":3098522,"parent":0,"menu_order":0,"comment_status":"closed","ping_status":"closed","template":"best-esim-template.php","meta":{"_lmt_disableupdate":"no","_lmt_disable":""},"categories":[600145],"acf":[],"_links":{"self":[{"href":"https:\/\/expertworldtravel.com\/de\/wp-json\/wp\/v2\/pages\/3138186"}],"collection":[{"href":"https:\/\/expertworldtravel.com\/de\/wp-json\/wp\/v2\/pages"}],"about":[{"href":"https:\/\/expertworldtravel.com\/de\/wp-json\/wp\/v2\/types\/page"}],"author":[{"embeddable":true,"href":"https:\/\/expertworldtravel.com\/de\/wp-json\/wp\/v2\/users\/2"}],"replies":[{"embeddable":true,"href":"https:\/\/expertworldtravel.com\/de\/wp-json\/wp\/v2\/comments?post=3138186"}],"version-history":[{"count":1,"href":"https:\/\/expertworldtravel.com\/de\/wp-json\/wp\/v2\/pages\/3138186\/revisions"}],"predecessor-version":[{"id":3138189,"href":"https:\/\/expertworldtravel.com\/de\/wp-json\/wp\/v2\/pages\/3138186\/revisions\/3138189"}],"wp:featuredmedia":[{"embeddable":true,"href":"https:\/\/expertworldtravel.com\/de\/wp-json\/wp\/v2\/media\/3098522"}],"wp:attachment":[{"href":"https:\/\/expertworldtravel.com\/de\/wp-json\/wp\/v2\/media?parent=3138186"}],"wp:term":[{"taxonomy":"category","embeddable":true,"href":"https:\/\/expertworldtravel.com\/de\/wp-json\/wp\/v2\/categories?post=3138186"}],"curies":[{"name":"wp","href":"https:\/\/api.w.org\/{rel}","templated":true}]}}