{"id":3138196,"date":"2023-05-10T17:32:01","date_gmt":"2023-05-10T17:32:01","guid":{"rendered":"https:\/\/expertworldtravel.com\/beste-esim-fuer-costa-rica-problemlose-verbindung\/"},"modified":"2024-12-20T10:43:53","modified_gmt":"2024-12-20T10:43:53","slug":"esim-costa-rica","status":"publish","type":"page","link":"https:\/\/expertworldtravel.com\/de\/esim-costa-rica\/","title":{"rendered":"Beste eSIM f\u00fcr Costa Rica (Problemlose Verbindung)"},"content":{"rendered":"<p>Wenn Sie sich auf eine Reise nach Costa Rica vorbereiten, brauchen Sie zweifellos eine eSIM, um in Verbindung zu bleiben. Eine eSIM f\u00fcr Costa Rica ist eine gute Wahl, wenn Sie Geld, Zeit und \u00c4rger sparen und gleichzeitig schnelle Daten und keine Roaming-Kosten erhalten m\u00f6chten. Aber welcher eSIM-Datentarif in Costa Rica ist der richtige f\u00fcr Sie? Das ist es, was ich hier tun m\u00f6chte. Begleiten Sie mich, wenn ich die besten eSims f\u00fcr Costa Rica vorstelle, damit Sie mit den besten Prepaid-eSIMs reisen k\u00f6nnen, die Costa Rica zu bieten hat.<\/p>\n","protected":false},"excerpt":{"rendered":"<p>Wenn Sie sich auf eine Reise nach Costa Rica vorbereiten, brauchen Sie zweifellos eine eSIM, um in Verbindung zu bleiben. Eine eSIM f\u00fcr Costa Rica ist eine gute Wahl, wenn Sie Geld, Zeit und \u00c4rger sparen und gleichzeitig schnelle Daten und keine Roaming-Kosten erhalten m\u00f6chten. Aber welcher eSIM-Datentarif in Costa Rica ist der richtige f\u00fcr [&hellip;]<\/p>\n","protected":false},"author":2,"featured_media":3098423,"parent":0,"menu_order":0,"comment_status":"closed","ping_status":"closed","template":"best-esim-template.php","meta":{"_lmt_disableupdate":"no","_lmt_disable":""},"categories":[600235,600145],"acf":[],"_links":{"self":[{"href":"https:\/\/expertworldtravel.com\/de\/wp-json\/wp\/v2\/pages\/3138196"}],"collection":[{"href":"https:\/\/expertworldtravel.com\/de\/wp-json\/wp\/v2\/pages"}],"about":[{"href":"https:\/\/expertworldtravel.com\/de\/wp-json\/wp\/v2\/types\/page"}],"author":[{"embeddable":true,"href":"https:\/\/expertworldtravel.com\/de\/wp-json\/wp\/v2\/users\/2"}],"replies":[{"embeddable":true,"href":"https:\/\/expertworldtravel.com\/de\/wp-json\/wp\/v2\/comments?post=3138196"}],"version-history":[{"count":2,"href":"https:\/\/expertworldtravel.com\/de\/wp-json\/wp\/v2\/pages\/3138196\/revisions"}],"predecessor-version":[{"id":3141700,"href":"https:\/\/expertworldtravel.com\/de\/wp-json\/wp\/v2\/pages\/3138196\/revisions\/3141700"}],"wp:featuredmedia":[{"embeddable":true,"href":"https:\/\/expertworldtravel.com\/de\/wp-json\/wp\/v2\/media\/3098423"}],"wp:attachment":[{"href":"https:\/\/expertworldtravel.com\/de\/wp-json\/wp\/v2\/media?parent=3138196"}],"wp:term":[{"taxonomy":"category","embeddable":true,"href":"https:\/\/expertworldtravel.com\/de\/wp-json\/wp\/v2\/categories?post=3138196"}],"curies":[{"name":"wp","href":"https:\/\/api.w.org\/{rel}","templated":true}]}}