{"id":3138212,"date":"2023-05-11T17:02:19","date_gmt":"2023-05-11T17:02:19","guid":{"rendered":"https:\/\/expertworldtravel.com\/beste-esim-fuer-tansania-bleiben-sie-auch-auf-reisen-in-verbindung\/"},"modified":"2025-01-06T08:23:56","modified_gmt":"2025-01-06T08:23:56","slug":"esim-tansania","status":"publish","type":"page","link":"https:\/\/expertworldtravel.com\/de\/esim-tansania\/","title":{"rendered":"Beste eSIM f\u00fcr Tansania (Bleiben Sie auch auf Reisen in Verbindung)"},"content":{"rendered":"<p>Sind Sie auf dem Weg nach Tansania und ben\u00f6tigen eine eSIM?<\/p>\n<p>Tansania ist eines meiner Lieblingsl\u00e4nder auf der Welt. Sie fragen sich wahrscheinlich, wie Sie am besten in Verbindung bleiben k\u00f6nnen, w\u00e4hrend Sie dort sind, also lassen Sie uns das f\u00fcr Sie herausfinden.<\/p>\n<p>Sie k\u00f6nnten Datenroaming nutzen, aber ich w\u00fcrde das nicht empfehlen, da es viel zu teuer ist. Eine lokale Sim-Karte ist eine Option, die allerdings mit einigen Schwierigkeiten verbunden ist. Was ist mit der besten eSIM, die Tansania zu bieten hat?<\/p>\n<p>eSims sind unglaublich praktisch und erschwinglich, also lassen Sie uns <strong>die beste eSIM f\u00fcr Tansania<\/strong> finden. Im Folgenden habe ich die Tansania eSim-Datenpl\u00e4ne der weltweit f\u00fchrenden eSim-Anbieter \u00fcberpr\u00fcft, damit Sie die beste eSim f\u00fcr Ihre Reise in dieses magische Land finden k\u00f6nnen.<\/p>\n","protected":false},"excerpt":{"rendered":"<p>Sind Sie auf dem Weg nach Tansania und ben\u00f6tigen eine eSIM? Tansania ist eines meiner Lieblingsl\u00e4nder auf der Welt. Sie fragen sich wahrscheinlich, wie Sie am besten in Verbindung bleiben k\u00f6nnen, w\u00e4hrend Sie dort sind, also lassen Sie uns das f\u00fcr Sie herausfinden. Sie k\u00f6nnten Datenroaming nutzen, aber ich w\u00fcrde das nicht empfehlen, da es [&hellip;]<\/p>\n","protected":false},"author":2,"featured_media":3098490,"parent":0,"menu_order":0,"comment_status":"closed","ping_status":"closed","template":"best-esim-template.php","meta":{"_lmt_disableupdate":"no","_lmt_disable":""},"categories":[600145],"acf":[],"_links":{"self":[{"href":"https:\/\/expertworldtravel.com\/de\/wp-json\/wp\/v2\/pages\/3138212"}],"collection":[{"href":"https:\/\/expertworldtravel.com\/de\/wp-json\/wp\/v2\/pages"}],"about":[{"href":"https:\/\/expertworldtravel.com\/de\/wp-json\/wp\/v2\/types\/page"}],"author":[{"embeddable":true,"href":"https:\/\/expertworldtravel.com\/de\/wp-json\/wp\/v2\/users\/2"}],"replies":[{"embeddable":true,"href":"https:\/\/expertworldtravel.com\/de\/wp-json\/wp\/v2\/comments?post=3138212"}],"version-history":[{"count":2,"href":"https:\/\/expertworldtravel.com\/de\/wp-json\/wp\/v2\/pages\/3138212\/revisions"}],"predecessor-version":[{"id":3138215,"href":"https:\/\/expertworldtravel.com\/de\/wp-json\/wp\/v2\/pages\/3138212\/revisions\/3138215"}],"wp:featuredmedia":[{"embeddable":true,"href":"https:\/\/expertworldtravel.com\/de\/wp-json\/wp\/v2\/media\/3098490"}],"wp:attachment":[{"href":"https:\/\/expertworldtravel.com\/de\/wp-json\/wp\/v2\/media?parent=3138212"}],"wp:term":[{"taxonomy":"category","embeddable":true,"href":"https:\/\/expertworldtravel.com\/de\/wp-json\/wp\/v2\/categories?post=3138212"}],"curies":[{"name":"wp","href":"https:\/\/api.w.org\/{rel}","templated":true}]}}