{"id":3138231,"date":"2023-05-17T18:35:05","date_gmt":"2023-05-17T18:35:05","guid":{"rendered":"https:\/\/expertworldtravel.com\/beste-esim-fuer-aethiopien-ein-leitfaden-fuer-reisende\/"},"modified":"2023-08-30T08:35:29","modified_gmt":"2023-08-30T08:35:29","slug":"esim-aethiopien","status":"publish","type":"page","link":"https:\/\/expertworldtravel.com\/de\/esim-aethiopien\/","title":{"rendered":"Beste eSim f\u00fcr \u00c4thiopien: Ein Leitfaden f\u00fcr Reisende"},"content":{"rendered":"<p>Wenn Sie eine Reise nach \u00c4thiopien planen, werden Sie sich wahrscheinlich fragen, wie Sie am besten mit mobilen Daten in Verbindung bleiben k\u00f6nnen, w\u00e4hrend Sie dort sind.<\/p>\n<p>Sie k\u00f6nnen bei der Landung in \u00c4thiopien eine physische Sim-Karte kaufen, teures Daten-Roaming nutzen oder die beste eSim finden, die \u00c4thiopien zu bieten hat.<\/p>\n<p>In diesem Artikel werde ich alle globalen eSim-Anbieter und ihre eSim-Datenpl\u00e4ne, die \u00c4thiopien abdecken, \u00fcberpr\u00fcfen, damit Sie die beste eSim f\u00fcr \u00c4thiopien f\u00fcr Ihre Reisen finden k\u00f6nnen.<\/p>\n","protected":false},"excerpt":{"rendered":"<p>Wenn Sie eine Reise nach \u00c4thiopien planen, werden Sie sich wahrscheinlich fragen, wie Sie am besten mit mobilen Daten in Verbindung bleiben k\u00f6nnen, w\u00e4hrend Sie dort sind. Sie k\u00f6nnen bei der Landung in \u00c4thiopien eine physische Sim-Karte kaufen, teures Daten-Roaming nutzen oder die beste eSim finden, die \u00c4thiopien zu bieten hat. In diesem Artikel werde [&hellip;]<\/p>\n","protected":false},"author":2,"featured_media":3098579,"parent":0,"menu_order":0,"comment_status":"closed","ping_status":"closed","template":"best-esim-template.php","meta":{"_lmt_disableupdate":"no","_lmt_disable":""},"categories":[600239,600145],"acf":[],"_links":{"self":[{"href":"https:\/\/expertworldtravel.com\/de\/wp-json\/wp\/v2\/pages\/3138231"}],"collection":[{"href":"https:\/\/expertworldtravel.com\/de\/wp-json\/wp\/v2\/pages"}],"about":[{"href":"https:\/\/expertworldtravel.com\/de\/wp-json\/wp\/v2\/types\/page"}],"author":[{"embeddable":true,"href":"https:\/\/expertworldtravel.com\/de\/wp-json\/wp\/v2\/users\/2"}],"replies":[{"embeddable":true,"href":"https:\/\/expertworldtravel.com\/de\/wp-json\/wp\/v2\/comments?post=3138231"}],"version-history":[{"count":1,"href":"https:\/\/expertworldtravel.com\/de\/wp-json\/wp\/v2\/pages\/3138231\/revisions"}],"predecessor-version":[{"id":3138232,"href":"https:\/\/expertworldtravel.com\/de\/wp-json\/wp\/v2\/pages\/3138231\/revisions\/3138232"}],"wp:featuredmedia":[{"embeddable":true,"href":"https:\/\/expertworldtravel.com\/de\/wp-json\/wp\/v2\/media\/3098579"}],"wp:attachment":[{"href":"https:\/\/expertworldtravel.com\/de\/wp-json\/wp\/v2\/media?parent=3138231"}],"wp:term":[{"taxonomy":"category","embeddable":true,"href":"https:\/\/expertworldtravel.com\/de\/wp-json\/wp\/v2\/categories?post=3138231"}],"curies":[{"name":"wp","href":"https:\/\/api.w.org\/{rel}","templated":true}]}}