{"id":3138272,"date":"2023-05-23T14:35:50","date_gmt":"2023-05-23T14:35:50","guid":{"rendered":"https:\/\/expertworldtravel.com\/beste-esim-fuer-algerien-ein-leitfaden-fuer-reisende\/"},"modified":"2023-08-30T10:29:43","modified_gmt":"2023-08-30T10:29:43","slug":"esim-algerien","status":"publish","type":"page","link":"https:\/\/expertworldtravel.com\/de\/esim-algerien\/","title":{"rendered":"Beste eSim f\u00fcr Algerien: Ein Leitfaden f\u00fcr Reisende"},"content":{"rendered":"<p>Sie reisen demn\u00e4chst nach Algerien und brauchen die perfekte eSIM f\u00fcr Ihre Reise?<\/p>\n<p>Eine eSIM f\u00fcr Algerien ist die perfekte L\u00f6sung, um die horrenden Roaming-Kosten und das Anstehen f\u00fcr eine SIM-Karte bei Ihrer Ankunft zu vermeiden.<\/p>\n<p>ESIMs sind erschwinglich und sehr praktisch,&nbsp; aber die Auswahl der perfekten algerischen eSIM ist eine Herausforderung!<\/p>\n<p>Wir haben das Internet durchforstet, um die besten eSIMs f\u00fcr Reisen nach Algerien und dar\u00fcber hinaus zu finden.<\/p>\n","protected":false},"excerpt":{"rendered":"<p>Sie reisen demn\u00e4chst nach Algerien und brauchen die perfekte eSIM f\u00fcr Ihre Reise? Eine eSIM f\u00fcr Algerien ist die perfekte L\u00f6sung, um die horrenden Roaming-Kosten und das Anstehen f\u00fcr eine SIM-Karte bei Ihrer Ankunft zu vermeiden. ESIMs sind erschwinglich und sehr praktisch,&nbsp; aber die Auswahl der perfekten algerischen eSIM ist eine Herausforderung! Wir haben das [&hellip;]<\/p>\n","protected":false},"author":2,"featured_media":3098647,"parent":0,"menu_order":0,"comment_status":"closed","ping_status":"closed","template":"best-esim-template.php","meta":{"_lmt_disableupdate":"no","_lmt_disable":""},"categories":[600145],"acf":[],"_links":{"self":[{"href":"https:\/\/expertworldtravel.com\/de\/wp-json\/wp\/v2\/pages\/3138272"}],"collection":[{"href":"https:\/\/expertworldtravel.com\/de\/wp-json\/wp\/v2\/pages"}],"about":[{"href":"https:\/\/expertworldtravel.com\/de\/wp-json\/wp\/v2\/types\/page"}],"author":[{"embeddable":true,"href":"https:\/\/expertworldtravel.com\/de\/wp-json\/wp\/v2\/users\/2"}],"replies":[{"embeddable":true,"href":"https:\/\/expertworldtravel.com\/de\/wp-json\/wp\/v2\/comments?post=3138272"}],"version-history":[{"count":1,"href":"https:\/\/expertworldtravel.com\/de\/wp-json\/wp\/v2\/pages\/3138272\/revisions"}],"predecessor-version":[{"id":3138274,"href":"https:\/\/expertworldtravel.com\/de\/wp-json\/wp\/v2\/pages\/3138272\/revisions\/3138274"}],"wp:featuredmedia":[{"embeddable":true,"href":"https:\/\/expertworldtravel.com\/de\/wp-json\/wp\/v2\/media\/3098647"}],"wp:attachment":[{"href":"https:\/\/expertworldtravel.com\/de\/wp-json\/wp\/v2\/media?parent=3138272"}],"wp:term":[{"taxonomy":"category","embeddable":true,"href":"https:\/\/expertworldtravel.com\/de\/wp-json\/wp\/v2\/categories?post=3138272"}],"curies":[{"name":"wp","href":"https:\/\/api.w.org\/{rel}","templated":true}]}}