{"id":3138285,"date":"2023-05-05T16:24:50","date_gmt":"2023-05-05T16:24:50","guid":{"rendered":"https:\/\/expertworldtravel.com\/die-besten-esims-fuer-marokko-um-auf-reisen-in-verbindung-zu-bleiben\/"},"modified":"2025-01-02T12:39:47","modified_gmt":"2025-01-02T12:39:47","slug":"esim-marokko","status":"publish","type":"page","link":"https:\/\/expertworldtravel.com\/de\/esim-marokko\/","title":{"rendered":"Die besten eSIMs f\u00fcr Marokko, um auf Reisen in Verbindung zu bleiben"},"content":{"rendered":"<p>Ben\u00f6tigen Sie eine eSIM in Marokko, damit Sie auch auf Reisen verbunden bleiben?<br \/>\nEs gibt nichts Schlimmeres als keine mobilen Daten beim Roaming in einem Land wie Marokko.<br \/>\nUnd eine marokkanische eSIM ist ein Lebensretter, wenn es um g\u00fcnstige mobile Daten geht.<br \/>\nAber welche ist die beste eSIM f\u00fcr Marokko?<br \/>\nDas ist es, was ich hier tun m\u00f6chte.<br \/>\nBegleiten Sie mich, wenn ich die besten Anbieter f\u00fcr eine Marokko eSIM und ihre Tarife vorstelle, damit Sie den richtigen Tarif f\u00fcr sich finden k\u00f6nnen.<\/p>\n","protected":false},"excerpt":{"rendered":"<p>Ben\u00f6tigen Sie eine eSIM in Marokko, damit Sie auch auf Reisen verbunden bleiben? Es gibt nichts Schlimmeres als keine mobilen Daten beim Roaming in einem Land wie Marokko. Und eine marokkanische eSIM ist ein Lebensretter, wenn es um g\u00fcnstige mobile Daten geht. Aber welche ist die beste eSIM f\u00fcr Marokko? Das ist es, was ich [&hellip;]<\/p>\n","protected":false},"author":2,"featured_media":3098341,"parent":0,"menu_order":0,"comment_status":"closed","ping_status":"closed","template":"best-esim-template.php","meta":{"_lmt_disableupdate":"no","_lmt_disable":""},"categories":[600145],"acf":[],"_links":{"self":[{"href":"https:\/\/expertworldtravel.com\/de\/wp-json\/wp\/v2\/pages\/3138285"}],"collection":[{"href":"https:\/\/expertworldtravel.com\/de\/wp-json\/wp\/v2\/pages"}],"about":[{"href":"https:\/\/expertworldtravel.com\/de\/wp-json\/wp\/v2\/types\/page"}],"author":[{"embeddable":true,"href":"https:\/\/expertworldtravel.com\/de\/wp-json\/wp\/v2\/users\/2"}],"replies":[{"embeddable":true,"href":"https:\/\/expertworldtravel.com\/de\/wp-json\/wp\/v2\/comments?post=3138285"}],"version-history":[{"count":2,"href":"https:\/\/expertworldtravel.com\/de\/wp-json\/wp\/v2\/pages\/3138285\/revisions"}],"predecessor-version":[{"id":3142020,"href":"https:\/\/expertworldtravel.com\/de\/wp-json\/wp\/v2\/pages\/3138285\/revisions\/3142020"}],"wp:featuredmedia":[{"embeddable":true,"href":"https:\/\/expertworldtravel.com\/de\/wp-json\/wp\/v2\/media\/3098341"}],"wp:attachment":[{"href":"https:\/\/expertworldtravel.com\/de\/wp-json\/wp\/v2\/media?parent=3138285"}],"wp:term":[{"taxonomy":"category","embeddable":true,"href":"https:\/\/expertworldtravel.com\/de\/wp-json\/wp\/v2\/categories?post=3138285"}],"curies":[{"name":"wp","href":"https:\/\/api.w.org\/{rel}","templated":true}]}}