{"id":3138428,"date":"2023-05-11T18:06:35","date_gmt":"2023-05-11T18:06:35","guid":{"rendered":"https:\/\/expertworldtravel.com\/nigeria-die-besten-esims-fuer-erschwingliche-daten-auf-reisen\/"},"modified":"2023-11-20T10:01:25","modified_gmt":"2023-11-20T10:01:25","slug":"beste-esim-nigeria","status":"publish","type":"page","link":"https:\/\/expertworldtravel.com\/de\/beste-esim-nigeria\/","title":{"rendered":"Die besten eSIMs f\u00fcr Nigeria (Erschwingliche Reisedaten)"},"content":{"rendered":"<p>Suchen Sie eine eSIM f\u00fcr Nigeria?<\/p>\n<p>Auf unseren Reisen durch Afrika haben wir eine Reihe von eSIMs ausprobiert, darunter auch einige in Nigeria. Einige waren gro\u00dfartig, andere eSIMs nicht so sehr.<\/p>\n<p>Ich m\u00f6chte einige der besten mobilen eSim-Datentarife f\u00fcr Ihre Reise nach Nigeria vorstellen.<\/p>\n<h2>Die Auswahl des besten ESIM<\/h2>\n<p>Eine der Herausforderungen beim Durchforsten aller eSIM-Datenpl\u00e4ne im Internet ist es, herauszufinden, welche eSIM f\u00fcr Sie geeignet ist. Da wir so viele eSIMs verwendet haben und viel Erfahrung mit ihnen haben, dachte ich, ich w\u00fcrde eine einfache Strategie f\u00fcr die Auswahl einer eSIM mit Ihnen teilen.<\/p>\n<p>Es gibt nur ein paar Fragen, die Sie sich bez\u00fcglich der von Ihnen ben\u00f6tigten Konnektivit\u00e4t stellen m\u00fcssen:<\/p>\n<ul>\n<li>Wie viele Daten verbrauchen Sie pro Tag?<\/li>\n<li>Wie lange werden Sie in Nigeria bleiben?<\/li>\n<li>Ben\u00f6tigen Sie eine lokale Telefonnummer oder SMS<\/li>\n<\/ul>\n<p>Die meiste Zeit m\u00fcssen Sie sich nicht um Anrufe oder SMS k\u00fcmmern (verwenden Sie stattdessen Whatsapp oder Signal).<\/p>\n<p>Und was die Daten betrifft, so erhalten Sie diese oft in Ihrem Hotel oder in Caf\u00e9s. Sie m\u00fcssen sich also \u00fcberlegen, ob Sie Youtube, Netflix und Tiktok h\u00e4ufig oder nur wenige Websites nutzen werden.<\/p>\n<p>Wir arbeiten unterwegs, brauchen also viel Datenvolumen und entscheiden uns f\u00fcr unbegrenzte eSIM-Tarife, wo immer es m\u00f6glich ist. Aber wenn Sie mit 5-10 GB f\u00fcr Ihre Reise auskommen k\u00f6nnen, ist das oft der Sweet Spot f\u00fcr Preis\/GB.<\/p>\n","protected":false},"excerpt":{"rendered":"<p>Suchen Sie eine eSIM f\u00fcr Nigeria? Auf unseren Reisen durch Afrika haben wir eine Reihe von eSIMs ausprobiert, darunter auch einige in Nigeria. Einige waren gro\u00dfartig, andere eSIMs nicht so sehr. Ich m\u00f6chte einige der besten mobilen eSim-Datentarife f\u00fcr Ihre Reise nach Nigeria vorstellen. Die Auswahl des besten ESIM Eine der Herausforderungen beim Durchforsten aller [&hellip;]<\/p>\n","protected":false},"author":2,"featured_media":3098485,"parent":0,"menu_order":0,"comment_status":"closed","ping_status":"closed","template":"best-esim-template.php","meta":{"_lmt_disableupdate":"no","_lmt_disable":""},"categories":[600145],"acf":[],"_links":{"self":[{"href":"https:\/\/expertworldtravel.com\/de\/wp-json\/wp\/v2\/pages\/3138428"}],"collection":[{"href":"https:\/\/expertworldtravel.com\/de\/wp-json\/wp\/v2\/pages"}],"about":[{"href":"https:\/\/expertworldtravel.com\/de\/wp-json\/wp\/v2\/types\/page"}],"author":[{"embeddable":true,"href":"https:\/\/expertworldtravel.com\/de\/wp-json\/wp\/v2\/users\/2"}],"replies":[{"embeddable":true,"href":"https:\/\/expertworldtravel.com\/de\/wp-json\/wp\/v2\/comments?post=3138428"}],"version-history":[{"count":3,"href":"https:\/\/expertworldtravel.com\/de\/wp-json\/wp\/v2\/pages\/3138428\/revisions"}],"predecessor-version":[{"id":3141215,"href":"https:\/\/expertworldtravel.com\/de\/wp-json\/wp\/v2\/pages\/3138428\/revisions\/3141215"}],"wp:featuredmedia":[{"embeddable":true,"href":"https:\/\/expertworldtravel.com\/de\/wp-json\/wp\/v2\/media\/3098485"}],"wp:attachment":[{"href":"https:\/\/expertworldtravel.com\/de\/wp-json\/wp\/v2\/media?parent=3138428"}],"wp:term":[{"taxonomy":"category","embeddable":true,"href":"https:\/\/expertworldtravel.com\/de\/wp-json\/wp\/v2\/categories?post=3138428"}],"curies":[{"name":"wp","href":"https:\/\/api.w.org\/{rel}","templated":true}]}}