{"id":3138564,"date":"2023-08-31T11:08:19","date_gmt":"2023-08-31T11:08:19","guid":{"rendered":"https:\/\/expertworldtravel.com\/beste-esim-fuer-die-tschechische-republik-prepaid-datenvergleich\/"},"modified":"2025-01-05T16:38:32","modified_gmt":"2025-01-05T16:38:32","slug":"esim-tschechische-republik","status":"publish","type":"page","link":"https:\/\/expertworldtravel.com\/de\/esim-tschechische-republik\/","title":{"rendered":"Beste eSIM f\u00fcr die Tschechische Republik (Prepaid-Datenvergleich)"},"content":{"rendered":"<p>Sie sind auf dem Weg in die Tschechische Republik oder nach Prag und ben\u00f6tigen eine eSIM f\u00fcr Reisedaten? Gute Wahl!<\/p>\n<p>Unser detaillierter eSIM-Leitfaden zeigt Ihnen die besten eSIM-Optionen f\u00fcr die Tschechische Republik oder Prag, von g\u00fcnstig und einfach bis hin zu unbegrenzten Daten f\u00fcr Ihre Reise.<\/p>\n<p>Wir verwenden eSIMs nun schon seit einiger Zeit und wissen, worauf wir achten m\u00fcssen, um die optimale eSIM f\u00fcr Reisen in die Tschechische Republik zu erhalten.<\/p>\n","protected":false},"excerpt":{"rendered":"<p>Sie sind auf dem Weg in die Tschechische Republik oder nach Prag und ben\u00f6tigen eine eSIM f\u00fcr Reisedaten? Gute Wahl! Unser detaillierter eSIM-Leitfaden zeigt Ihnen die besten eSIM-Optionen f\u00fcr die Tschechische Republik oder Prag, von g\u00fcnstig und einfach bis hin zu unbegrenzten Daten f\u00fcr Ihre Reise. Wir verwenden eSIMs nun schon seit einiger Zeit und [&hellip;]<\/p>\n","protected":false},"author":2,"featured_media":0,"parent":0,"menu_order":0,"comment_status":"closed","ping_status":"closed","template":"best-esim-template.php","meta":{"_lmt_disableupdate":"no","_lmt_disable":""},"categories":[600243],"acf":[],"_links":{"self":[{"href":"https:\/\/expertworldtravel.com\/de\/wp-json\/wp\/v2\/pages\/3138564"}],"collection":[{"href":"https:\/\/expertworldtravel.com\/de\/wp-json\/wp\/v2\/pages"}],"about":[{"href":"https:\/\/expertworldtravel.com\/de\/wp-json\/wp\/v2\/types\/page"}],"author":[{"embeddable":true,"href":"https:\/\/expertworldtravel.com\/de\/wp-json\/wp\/v2\/users\/2"}],"replies":[{"embeddable":true,"href":"https:\/\/expertworldtravel.com\/de\/wp-json\/wp\/v2\/comments?post=3138564"}],"version-history":[{"count":1,"href":"https:\/\/expertworldtravel.com\/de\/wp-json\/wp\/v2\/pages\/3138564\/revisions"}],"predecessor-version":[{"id":3138568,"href":"https:\/\/expertworldtravel.com\/de\/wp-json\/wp\/v2\/pages\/3138564\/revisions\/3138568"}],"wp:attachment":[{"href":"https:\/\/expertworldtravel.com\/de\/wp-json\/wp\/v2\/media?parent=3138564"}],"wp:term":[{"taxonomy":"category","embeddable":true,"href":"https:\/\/expertworldtravel.com\/de\/wp-json\/wp\/v2\/categories?post=3138564"}],"curies":[{"name":"wp","href":"https:\/\/api.w.org\/{rel}","templated":true}]}}