{"id":3138690,"date":"2023-05-13T22:43:26","date_gmt":"2023-05-13T22:43:26","guid":{"rendered":"https:\/\/expertworldtravel.com\/beste-esim-fuer-kenia-bleiben-sie-auf-reisen-in-verbindung\/"},"modified":"2023-09-01T18:27:52","modified_gmt":"2023-09-01T18:27:52","slug":"esim-kenia","status":"publish","type":"page","link":"https:\/\/expertworldtravel.com\/de\/esim-kenia\/","title":{"rendered":"Beste eSIM f\u00fcr Kenia (Bleiben Sie auf Reisen in Verbindung)"},"content":{"rendered":"<p>Wenn Sie auf der Suche nach einer eSIM sind, mit der Sie auf Reisen in Kenia in Verbindung bleiben k\u00f6nnen, dann sind Sie hier genau richtig.<\/p>\n<p>Ich habe viel Zeit in Kenia verbracht, und glauben Sie mir, wenn ich sage, dass Sie die Reise Ihres Lebens vor sich haben, also lassen Sie uns die beste eSIM-Option finden.<\/p>\n<p>Sie k\u00f6nnen bei der Landung am Flughafen eine physische SIM-Karte kaufen, aber das ist ein bisschen umst\u00e4ndlich, und eine Kenya eSIM ist in meinen Augen die beste L\u00f6sung. Im Folgenden habe ich die besten eSIM-Kenia-Tarife der f\u00fchrenden globalen Anbieter gepr\u00fcft, damit Sie die beste eSIM&nbsp;f\u00fcr Kenia f\u00fcr Ihre bevorstehende Reise finden k\u00f6nnen.<\/p>\n","protected":false},"excerpt":{"rendered":"<p>Wenn Sie auf der Suche nach einer eSIM sind, mit der Sie auf Reisen in Kenia in Verbindung bleiben k\u00f6nnen, dann sind Sie hier genau richtig. Ich habe viel Zeit in Kenia verbracht, und glauben Sie mir, wenn ich sage, dass Sie die Reise Ihres Lebens vor sich haben, also lassen Sie uns die beste [&hellip;]<\/p>\n","protected":false},"author":2,"featured_media":3098529,"parent":0,"menu_order":0,"comment_status":"closed","ping_status":"closed","template":"best-esim-template.php","meta":{"_lmt_disableupdate":"no","_lmt_disable":""},"categories":[600145],"acf":[],"_links":{"self":[{"href":"https:\/\/expertworldtravel.com\/de\/wp-json\/wp\/v2\/pages\/3138690"}],"collection":[{"href":"https:\/\/expertworldtravel.com\/de\/wp-json\/wp\/v2\/pages"}],"about":[{"href":"https:\/\/expertworldtravel.com\/de\/wp-json\/wp\/v2\/types\/page"}],"author":[{"embeddable":true,"href":"https:\/\/expertworldtravel.com\/de\/wp-json\/wp\/v2\/users\/2"}],"replies":[{"embeddable":true,"href":"https:\/\/expertworldtravel.com\/de\/wp-json\/wp\/v2\/comments?post=3138690"}],"version-history":[{"count":1,"href":"https:\/\/expertworldtravel.com\/de\/wp-json\/wp\/v2\/pages\/3138690\/revisions"}],"predecessor-version":[{"id":3138694,"href":"https:\/\/expertworldtravel.com\/de\/wp-json\/wp\/v2\/pages\/3138690\/revisions\/3138694"}],"wp:featuredmedia":[{"embeddable":true,"href":"https:\/\/expertworldtravel.com\/de\/wp-json\/wp\/v2\/media\/3098529"}],"wp:attachment":[{"href":"https:\/\/expertworldtravel.com\/de\/wp-json\/wp\/v2\/media?parent=3138690"}],"wp:term":[{"taxonomy":"category","embeddable":true,"href":"https:\/\/expertworldtravel.com\/de\/wp-json\/wp\/v2\/categories?post=3138690"}],"curies":[{"name":"wp","href":"https:\/\/api.w.org\/{rel}","templated":true}]}}