{"id":3138719,"date":"2023-04-05T09:07:12","date_gmt":"2023-04-05T09:07:12","guid":{"rendered":"https:\/\/expertworldtravel.com\/beste-esim-fuer-kambodscha-bleiben-sie-auf-reisen-in-verbindung\/"},"modified":"2024-12-23T15:40:12","modified_gmt":"2024-12-23T15:40:12","slug":"esim-kambodscha","status":"publish","type":"page","link":"https:\/\/expertworldtravel.com\/de\/esim-kambodscha\/","title":{"rendered":"5 Beste eSIM f\u00fcr Kambodscha (Bleiben Sie auf Reisen in Verbindung)"},"content":{"rendered":"<p class=\"ifp\">Sie m\u00f6chten eine eSIM f\u00fcr eine Reise nach Kambodscha erwerben, wissen aber nicht, welche M\u00f6glichkeiten Sie haben? Dann sind Sie bei uns genau richtig, denn in diesem ausf\u00fchrlichen Leitfaden finden Sie die besten eSIMs f\u00fcr Kambodscha!<\/p>\n<p>Egal, ob Sie eine eSIM f\u00fcr eine Woche oder f\u00fcr mehr als einen Monat ben\u00f6tigen, hier finden Sie einige Optionen, die sich lohnen.<\/p>\n<p>Au\u00dferdem habe ich sowohl begrenzte als auch unbegrenzte Datentarife sowie Optionen von internationalen und lokalen Anbietern aufgef\u00fchrt, damit Sie einen guten \u00dcberblick \u00fcber die beste eSIM f\u00fcr Kambodscha haben!<\/p>\n<div class=\"highlight-box\">\n<h3>Die Auswahl der idealen eSIM<\/h3>\n<p>Bei der Wahl der richtigen eSIM f\u00fcr Ihre Reise m\u00fcssen Sie nur ein paar einfache Entscheidungen treffen:<\/p>\n<ul>\n<li>Unbegrenzte Daten oder ein paar GB an Daten<\/li>\n<li>Ben\u00f6tigen Sie Anrufe und SMS<\/li>\n<li>Ein Land oder mehrere L\u00e4nder in Asien<\/li>\n<\/ul>\n<p>Wenn Sie diese Fragen beantwortet haben, ist es viel einfacher, die perfekte eSIM auszuw\u00e4hlen.<\/p>\n<\/div>\n","protected":false},"excerpt":{"rendered":"<p>Sie m\u00f6chten eine eSIM f\u00fcr eine Reise nach Kambodscha erwerben, wissen aber nicht, welche M\u00f6glichkeiten Sie haben? Dann sind Sie bei uns genau richtig, denn in diesem ausf\u00fchrlichen Leitfaden finden Sie die besten eSIMs f\u00fcr Kambodscha! Egal, ob Sie eine eSIM f\u00fcr eine Woche oder f\u00fcr mehr als einen Monat ben\u00f6tigen, hier finden Sie einige [&hellip;]<\/p>\n","protected":false},"author":2,"featured_media":3096696,"parent":0,"menu_order":0,"comment_status":"closed","ping_status":"closed","template":"best-esim-template.php","meta":{"_lmt_disableupdate":"no","_lmt_disable":""},"categories":[600148,600145],"acf":[],"_links":{"self":[{"href":"https:\/\/expertworldtravel.com\/de\/wp-json\/wp\/v2\/pages\/3138719"}],"collection":[{"href":"https:\/\/expertworldtravel.com\/de\/wp-json\/wp\/v2\/pages"}],"about":[{"href":"https:\/\/expertworldtravel.com\/de\/wp-json\/wp\/v2\/types\/page"}],"author":[{"embeddable":true,"href":"https:\/\/expertworldtravel.com\/de\/wp-json\/wp\/v2\/users\/2"}],"replies":[{"embeddable":true,"href":"https:\/\/expertworldtravel.com\/de\/wp-json\/wp\/v2\/comments?post=3138719"}],"version-history":[{"count":3,"href":"https:\/\/expertworldtravel.com\/de\/wp-json\/wp\/v2\/pages\/3138719\/revisions"}],"predecessor-version":[{"id":3141359,"href":"https:\/\/expertworldtravel.com\/de\/wp-json\/wp\/v2\/pages\/3138719\/revisions\/3141359"}],"wp:featuredmedia":[{"embeddable":true,"href":"https:\/\/expertworldtravel.com\/de\/wp-json\/wp\/v2\/media\/3096696"}],"wp:attachment":[{"href":"https:\/\/expertworldtravel.com\/de\/wp-json\/wp\/v2\/media?parent=3138719"}],"wp:term":[{"taxonomy":"category","embeddable":true,"href":"https:\/\/expertworldtravel.com\/de\/wp-json\/wp\/v2\/categories?post=3138719"}],"curies":[{"name":"wp","href":"https:\/\/api.w.org\/{rel}","templated":true}]}}