{"id":3138754,"date":"2023-04-29T09:40:08","date_gmt":"2023-04-29T09:40:08","guid":{"rendered":"https:\/\/expertworldtravel.com\/beste-esim-fuer-indien-prepaid-daten-fuer-weniger\/"},"modified":"2024-12-26T16:59:13","modified_gmt":"2024-12-26T16:59:13","slug":"esim-indien","status":"publish","type":"page","link":"https:\/\/expertworldtravel.com\/de\/esim-indien\/","title":{"rendered":"Beste eSIM f\u00fcr Indien (Prepaid-Daten f\u00fcr weniger)"},"content":{"rendered":"<p>Sie suchen nach der besten eSIM f\u00fcr Ihre bevorstehende Reise nach Indien? Dann zeigt Ihnen dieser Leitfaden die besten eSims f\u00fcr Indien! <\/p>\n<p>Im Folgenden finden Sie eine Reihe von Prepaid-eSim-Datenpaketen von lokalen und internationalen Anbietern &#8211; von kleinen bis zu gro\u00dfen Paketen und sogar unbegrenzten Daten, wenn Sie m\u00f6chten.<\/p>\n<p>Bl\u00e4ttern Sie also nach unten, um die besten eSIMs f\u00fcr Indien zu finden, damit Ihre Reise ein Kinderspiel wird!<\/p>\n<h2>Die besten eSIM-Anbieter in Indien<\/h2>\n","protected":false},"excerpt":{"rendered":"<p>Sie suchen nach der besten eSIM f\u00fcr Ihre bevorstehende Reise nach Indien? Dann zeigt Ihnen dieser Leitfaden die besten eSims f\u00fcr Indien! Im Folgenden finden Sie eine Reihe von Prepaid-eSim-Datenpaketen von lokalen und internationalen Anbietern &#8211; von kleinen bis zu gro\u00dfen Paketen und sogar unbegrenzten Daten, wenn Sie m\u00f6chten. Bl\u00e4ttern Sie also nach unten, um [&hellip;]<\/p>\n","protected":false},"author":6,"featured_media":0,"parent":0,"menu_order":0,"comment_status":"closed","ping_status":"closed","template":"best-esim-template.php","meta":{"_lmt_disableupdate":"no","_lmt_disable":""},"categories":[600275,600145],"acf":[],"_links":{"self":[{"href":"https:\/\/expertworldtravel.com\/de\/wp-json\/wp\/v2\/pages\/3138754"}],"collection":[{"href":"https:\/\/expertworldtravel.com\/de\/wp-json\/wp\/v2\/pages"}],"about":[{"href":"https:\/\/expertworldtravel.com\/de\/wp-json\/wp\/v2\/types\/page"}],"author":[{"embeddable":true,"href":"https:\/\/expertworldtravel.com\/de\/wp-json\/wp\/v2\/users\/6"}],"replies":[{"embeddable":true,"href":"https:\/\/expertworldtravel.com\/de\/wp-json\/wp\/v2\/comments?post=3138754"}],"version-history":[{"count":2,"href":"https:\/\/expertworldtravel.com\/de\/wp-json\/wp\/v2\/pages\/3138754\/revisions"}],"predecessor-version":[{"id":3141710,"href":"https:\/\/expertworldtravel.com\/de\/wp-json\/wp\/v2\/pages\/3138754\/revisions\/3141710"}],"wp:attachment":[{"href":"https:\/\/expertworldtravel.com\/de\/wp-json\/wp\/v2\/media?parent=3138754"}],"wp:term":[{"taxonomy":"category","embeddable":true,"href":"https:\/\/expertworldtravel.com\/de\/wp-json\/wp\/v2\/categories?post=3138754"}],"curies":[{"name":"wp","href":"https:\/\/api.w.org\/{rel}","templated":true}]}}