{"id":3138951,"date":"2023-09-05T14:53:38","date_gmt":"2023-09-05T14:53:38","guid":{"rendered":"https:\/\/expertworldtravel.com\/beste-esim-fuer-jordanien-prepaid-datenvergleich\/"},"modified":"2023-09-05T15:03:21","modified_gmt":"2023-09-05T15:03:21","slug":"esim-jordanien","status":"publish","type":"page","link":"https:\/\/expertworldtravel.com\/de\/esim-jordanien\/","title":{"rendered":"Beste eSIM f\u00fcr Jordanien (Prepaid-Datenvergleich)"},"content":{"rendered":"<p>Sie reisen nach Jordanien und ben\u00f6tigen eine Prepaid-eSIM f\u00fcr Daten?&nbsp;<\/p>\n<p>ESIMs sind der ideale Weg, um Roamingkosten zu vermeiden, wenn Sie in Jordanien sind. Aber es kann ein wenig verwirrend werden mit all den Prepaid-eSIM-Optionen, die es gibt.<\/p>\n<p>Deshalb haben wir die besten eSIMs f\u00fcr Jordanien an einem Ort gesammelt, um Ihnen zu helfen, die ideale eSIM so schnell wie m\u00f6glich zu finden.<\/p>\n","protected":false},"excerpt":{"rendered":"<p>Sie reisen nach Jordanien und ben\u00f6tigen eine Prepaid-eSIM f\u00fcr Daten?&nbsp; ESIMs sind der ideale Weg, um Roamingkosten zu vermeiden, wenn Sie in Jordanien sind. Aber es kann ein wenig verwirrend werden mit all den Prepaid-eSIM-Optionen, die es gibt. Deshalb haben wir die besten eSIMs f\u00fcr Jordanien an einem Ort gesammelt, um Ihnen zu helfen, die [&hellip;]<\/p>\n","protected":false},"author":2,"featured_media":3097750,"parent":0,"menu_order":0,"comment_status":"closed","ping_status":"closed","template":"best-esim-template.php","meta":{"_lmt_disableupdate":"no","_lmt_disable":""},"categories":[600156,600145],"acf":[],"_links":{"self":[{"href":"https:\/\/expertworldtravel.com\/de\/wp-json\/wp\/v2\/pages\/3138951"}],"collection":[{"href":"https:\/\/expertworldtravel.com\/de\/wp-json\/wp\/v2\/pages"}],"about":[{"href":"https:\/\/expertworldtravel.com\/de\/wp-json\/wp\/v2\/types\/page"}],"author":[{"embeddable":true,"href":"https:\/\/expertworldtravel.com\/de\/wp-json\/wp\/v2\/users\/2"}],"replies":[{"embeddable":true,"href":"https:\/\/expertworldtravel.com\/de\/wp-json\/wp\/v2\/comments?post=3138951"}],"version-history":[{"count":1,"href":"https:\/\/expertworldtravel.com\/de\/wp-json\/wp\/v2\/pages\/3138951\/revisions"}],"predecessor-version":[{"id":3138957,"href":"https:\/\/expertworldtravel.com\/de\/wp-json\/wp\/v2\/pages\/3138951\/revisions\/3138957"}],"wp:featuredmedia":[{"embeddable":true,"href":"https:\/\/expertworldtravel.com\/de\/wp-json\/wp\/v2\/media\/3097750"}],"wp:attachment":[{"href":"https:\/\/expertworldtravel.com\/de\/wp-json\/wp\/v2\/media?parent=3138951"}],"wp:term":[{"taxonomy":"category","embeddable":true,"href":"https:\/\/expertworldtravel.com\/de\/wp-json\/wp\/v2\/categories?post=3138951"}],"curies":[{"name":"wp","href":"https:\/\/api.w.org\/{rel}","templated":true}]}}