{"id":3139283,"date":"2023-09-07T15:16:38","date_gmt":"2023-09-07T15:16:38","guid":{"rendered":"https:\/\/expertworldtravel.com\/esim-malediven\/"},"modified":"2025-01-21T10:23:53","modified_gmt":"2025-01-21T10:23:53","slug":"esim-malediven","status":"publish","type":"page","link":"https:\/\/expertworldtravel.com\/de\/esim-malediven\/","title":{"rendered":"Beste eSIM f\u00fcr die Malediven (Data On The Beach)"},"content":{"rendered":"<p>Warum nicht mit einer eSIM eimerweise Daten haben, w\u00e4hrend Sie die unber\u00fchrten Str\u00e4nde der Malediven genie\u00dfen?<\/p>\n<p>Ein Urlaub auf den Malediven mit einer ESIM ist eine gute M\u00f6glichkeit, Roaming-Geb\u00fchren oder die Suche nach einer SIM-Karte oder WLAN zu vermeiden, wenn Sie ankommen.<\/p>\n<p>Aber welche Unternehmen bieten eSIMs f\u00fcr die Malediven an? Und kann man sich auf sie verlassen?<\/p>\n<p>Nachfolgend finden Sie die besten eSIMs f\u00fcr die Malediven, die wir online gefunden haben.<\/p>\n","protected":false},"excerpt":{"rendered":"<p>Warum nicht mit einer eSIM eimerweise Daten haben, w\u00e4hrend Sie die unber\u00fchrten Str\u00e4nde der Malediven genie\u00dfen? Ein Urlaub auf den Malediven mit einer ESIM ist eine gute M\u00f6glichkeit, Roaming-Geb\u00fchren oder die Suche nach einer SIM-Karte oder WLAN zu vermeiden, wenn Sie ankommen. Aber welche Unternehmen bieten eSIMs f\u00fcr die Malediven an? Und kann man sich [&hellip;]<\/p>\n","protected":false},"author":1,"featured_media":0,"parent":0,"menu_order":0,"comment_status":"closed","ping_status":"closed","template":"best-esim-template.php","meta":{"_lmt_disableupdate":"","_lmt_disable":""},"categories":[600145],"acf":[],"_links":{"self":[{"href":"https:\/\/expertworldtravel.com\/de\/wp-json\/wp\/v2\/pages\/3139283"}],"collection":[{"href":"https:\/\/expertworldtravel.com\/de\/wp-json\/wp\/v2\/pages"}],"about":[{"href":"https:\/\/expertworldtravel.com\/de\/wp-json\/wp\/v2\/types\/page"}],"author":[{"embeddable":true,"href":"https:\/\/expertworldtravel.com\/de\/wp-json\/wp\/v2\/users\/1"}],"replies":[{"embeddable":true,"href":"https:\/\/expertworldtravel.com\/de\/wp-json\/wp\/v2\/comments?post=3139283"}],"version-history":[{"count":1,"href":"https:\/\/expertworldtravel.com\/de\/wp-json\/wp\/v2\/pages\/3139283\/revisions"}],"predecessor-version":[{"id":3142204,"href":"https:\/\/expertworldtravel.com\/de\/wp-json\/wp\/v2\/pages\/3139283\/revisions\/3142204"}],"wp:attachment":[{"href":"https:\/\/expertworldtravel.com\/de\/wp-json\/wp\/v2\/media?parent=3139283"}],"wp:term":[{"taxonomy":"category","embeddable":true,"href":"https:\/\/expertworldtravel.com\/de\/wp-json\/wp\/v2\/categories?post=3139283"}],"curies":[{"name":"wp","href":"https:\/\/api.w.org\/{rel}","templated":true}]}}