{"id":3141271,"date":"2023-09-27T12:57:10","date_gmt":"2023-09-27T12:57:10","guid":{"rendered":"https:\/\/expertworldtravel.com\/best-esim-denmark\/"},"modified":"2025-01-09T15:47:11","modified_gmt":"2025-01-09T15:47:11","slug":"esim-daenemark","status":"publish","type":"page","link":"https:\/\/expertworldtravel.com\/de\/esim-daenemark\/","title":{"rendered":"Beste eSIM f\u00fcr D\u00e4nemark (Erschwingliche Daten)"},"content":{"rendered":"<p>Eine eSIM ist eine erschwingliche und einfache M\u00f6glichkeit, um sicherzustellen, dass Sie w\u00e4hrend Ihrer Reise nach D\u00e4nemark Netzabdeckung und Internetzugang haben.<\/p>\n<p>Es ist viel billiger als Datenroaming und daher die bessere Option f\u00fcr Reisende, die immer Zugang zum Internet haben wollen. Es ist sogar m\u00f6glich, eine eSIM mit einer Telefonnummer zu bekommen, die in D\u00e4nemark funktioniert!<\/p>\n<p>Ich habe mir die d\u00e4nischen eSIM-Tarife der beliebtesten Anbieter angesehen und eine Liste mit den besten Optionen zusammengestellt. Lesen Sie weiter und erfahren Sie alles \u00fcber die besten Optionen f\u00fcr eine d\u00e4nische eSIM!<\/p>\n<h2>W\u00e4hlen Sie Ihre ideale eSIM<\/h2>\n<p>Nachdem ich monatelang eSIMs in ganz Europa verwendet habe, habe ich ein paar Tipps, die Ihnen helfen, die besten eSIM-Optionen auszuw\u00e4hlen.<\/p>\n<p>Meiner Erfahrung nach kommt es auf ein paar Fragen an, die man stellen muss, um die richtige eSIM zu finden:<\/p>\n<ul>\n<li>Ben\u00f6tigen Sie unbegrenzte Daten oder nur ein paar GB pro Tag?<\/li>\n<li>M\u00fcssen Sie w\u00e4hrend Ihres Aufenthalts anrufen oder SMS schreiben?<\/li>\n<li>M\u00fcssen Sie einen Hotspot verwenden oder Ihre Daten freigeben?<\/li>\n<\/ul>\n<p>Wenn Sie sich f\u00fcr diese beiden Dinge entschieden haben, k\u00f6nnen Sie direkt zu diesen Optionen \u00fcbergehen:<\/p>\n<ul>\n<li><strong>Unbegrenzte Daten<\/strong>\n<ul>\n<li><a href=\"https:\/\/holafly.sjv.io\/kORPX3\" target=\"_blank\" rel=\"nofollow noopener\">Holafly<\/a>, wenn Sie nur Daten auf einem Ger\u00e4t ben\u00f6tigen (Anrufe sind inbegriffen)<\/li>\n<li><a href=\"https:\/\/maya.net\/esim\/denmark?pid=48fhb2345dg6\" target=\"_blank\" rel=\"nofollow noopener\">Maya Mobile<\/a> f\u00fcr die gemeinsame Nutzung von Daten (\u00fcberpr\u00fcfen Sie den Plan, einige tun dies nicht)<\/li>\n<\/ul>\n<\/li>\n<li><strong>Ein paar GB pro Tag<\/strong>\n<ul>\n<li><a href=\"https:\/\/airalo.pxf.io\/0ZzrJ3\" target=\"_blank\" rel=\"nofollow noopener\">Airalo<\/a> &amp; <a href=\"https:\/\/maya.net\/esim\/denmark?pid=48fhb2345dg6\" target=\"_blank\" rel=\"nofollow noopener\">Maya<\/a> vergleichen und die besten Angebote finden<\/li>\n<\/ul>\n<\/li>\n<li><strong>Anrufe &amp; SMS<\/strong>\n<ul>\n<li><a href=\"https:\/\/simoptions.sjv.io\/YRdxRr\" target=\"_blank\" rel=\"nofollow noopener\">Orange<\/a> ist die beste Option mit unbegrenzten Anrufen und SMS<\/li>\n<li><a href=\"https:\/\/holafly.sjv.io\/kORPX3\" target=\"_blank\" rel=\"nofollow noopener\">Holafly<\/a> mit unbegrenzten Daten und nur Anrufen<\/li>\n<\/ul>\n<\/li>\n<\/ul>\n<p>Wir haben die oben genannten Entscheidungen schon oft getroffen und sind mit den Pl\u00e4nen, die wir bekommen haben, sehr zufrieden. Sie m\u00fcssen nur wissen, wie viel Datenvolumen Sie normalerweise pro Tag verbrauchen, wenn Sie nicht unbegrenzt zahlen. Die anderen Wahlm\u00f6glichkeiten sind einfach!<\/p>\n","protected":false},"excerpt":{"rendered":"<p>Eine eSIM ist eine erschwingliche und einfache M\u00f6glichkeit, um sicherzustellen, dass Sie w\u00e4hrend Ihrer Reise nach D\u00e4nemark Netzabdeckung und Internetzugang haben. Es ist viel billiger als Datenroaming und daher die bessere Option f\u00fcr Reisende, die immer Zugang zum Internet haben wollen. Es ist sogar m\u00f6glich, eine eSIM mit einer Telefonnummer zu bekommen, die in D\u00e4nemark [&hellip;]<\/p>\n","protected":false},"author":6,"featured_media":3140873,"parent":0,"menu_order":0,"comment_status":"closed","ping_status":"closed","template":"best-esim-template.php","meta":{"_lmt_disableupdate":"no","_lmt_disable":""},"categories":[600327,600145],"acf":[],"_links":{"self":[{"href":"https:\/\/expertworldtravel.com\/de\/wp-json\/wp\/v2\/pages\/3141271"}],"collection":[{"href":"https:\/\/expertworldtravel.com\/de\/wp-json\/wp\/v2\/pages"}],"about":[{"href":"https:\/\/expertworldtravel.com\/de\/wp-json\/wp\/v2\/types\/page"}],"author":[{"embeddable":true,"href":"https:\/\/expertworldtravel.com\/de\/wp-json\/wp\/v2\/users\/6"}],"replies":[{"embeddable":true,"href":"https:\/\/expertworldtravel.com\/de\/wp-json\/wp\/v2\/comments?post=3141271"}],"version-history":[{"count":4,"href":"https:\/\/expertworldtravel.com\/de\/wp-json\/wp\/v2\/pages\/3141271\/revisions"}],"predecessor-version":[{"id":3142167,"href":"https:\/\/expertworldtravel.com\/de\/wp-json\/wp\/v2\/pages\/3141271\/revisions\/3142167"}],"wp:featuredmedia":[{"embeddable":true,"href":"https:\/\/expertworldtravel.com\/de\/wp-json\/wp\/v2\/media\/3140873"}],"wp:attachment":[{"href":"https:\/\/expertworldtravel.com\/de\/wp-json\/wp\/v2\/media?parent=3141271"}],"wp:term":[{"taxonomy":"category","embeddable":true,"href":"https:\/\/expertworldtravel.com\/de\/wp-json\/wp\/v2\/categories?post=3141271"}],"curies":[{"name":"wp","href":"https:\/\/api.w.org\/{rel}","templated":true}]}}