{"id":3141688,"date":"2023-08-29T09:49:39","date_gmt":"2023-08-29T09:49:39","guid":{"rendered":"https:\/\/expertworldtravel.com\/beste-esim-mexiko-2\/"},"modified":"2025-01-08T10:53:30","modified_gmt":"2025-01-08T10:53:30","slug":"beste-esim-mexiko-2","status":"publish","type":"page","link":"https:\/\/expertworldtravel.com\/de\/beste-esim-mexiko-2\/","title":{"rendered":"Die 4 besten eSIMs f\u00fcr Mexiko 2025 (Erschwingliche Prepaid-Daten)"},"content":{"rendered":"<p>Haben Sie Schwierigkeiten, die perfekte eSIM f\u00fcr Mexiko zu finden? Eine eSIM ist eine der einfachsten M\u00f6glichkeiten, auf Ihrer Reise nach Mexiko mobilen Internetzugang zu erhalten. Anstatt Zeit damit zu verschwenden, sich nach der Landung eine lokale Mexiko-SIM-Karte zu besorgen, k\u00f6nnen Sie sich jetzt eine eSIM besorgen und eine sch\u00f6ne Reise erleben. Im Folgenden stelle ich die besten eSIMs f\u00fcr alle vor, die nach Mexiko reisen und eine gute Datenverbindung w\u00fcnschen.<\/p>\n<div class=\"highlight-box\">\n<h3 style=\"text-align: center;\">Die Auswahl der perfekten Mexiko eSIM<\/h3>\n<p>Ausgehend von meinen j\u00fcngsten Erfahrungen auf Reisen um die Welt m\u00f6chte ich Ihnen den einfachsten Weg zur Auswahl einer eSIM f\u00fcr Ihre Reise nach Mexiko aufzeigen. Es geht um ein paar einfache Fragen, welche Funktionen Sie in Ihrer eSIM ben\u00f6tigen: <\/p>\n<ul>\n<li>Unbegrenzte Daten &#8211; <a href=\"https:\/\/holafly.sjv.io\/mO4jea\" target=\"_blank\" rel=\"nofollow noopener\">Holafly<\/a><\/li>\n<li>Kleinere GB-Pakete f\u00fcr die gelegentliche Nutzung &#8211; <a href=\"https:\/\/maya.net\/esim\/mexico?pid=48fhb2345dg6\" target=\"_blank\" rel=\"nofollow noopener\">Maya Mobile<\/a> oder <a href=\"https:\/\/www.getnomad.app\/mexico-eSIM?rfsn=7045778.947b00\" target=\"_blank\" rel=\"nofollow noopener\">Nomad<\/a><\/li>\n<li>Gemeinsame Datennutzung (Hotspot\/Tethering) &#8211; <a href=\"https:\/\/maya.net\/esim\/mexico?pid=48fhb2345dg6\" target=\"_blank\" rel=\"nofollow noopener\">Maya Mobile<\/a>, <a href=\"https:\/\/www.getnomad.app\/mexico-eSIM?rfsn=7045778.947b00\" target=\"_blank\" rel=\"noopener\">Nomad<\/a> oder <a href=\"https:\/\/holafly.sjv.io\/QjYABx\" target=\"_blank\" rel=\"nofollow noopener\">Holalfly (begrenzt auf 500 MB)<\/a><\/li>\n<li>Regionale Tarife in Nordamerika &#8211; <a href=\"https:\/\/maya.net\/plans\/latin-america?pid=48fhb2345dg6\" target=\"_blank\" rel=\"noopener\">Maya Mobile<\/a>, <a href=\"https:\/\/holafly.sjv.io\/mO4jea\" target=\"_blank\" rel=\"nofollow noopener\">Holalfly<\/a> (Unbegrenzt), <a href=\"https:\/\/www.getnomad.app\/north-america-eSIM?rfsn=7045778.947b00\" target=\"_blank\" rel=\"nofollow noopener\">Nomad<\/a><\/li>\n<\/ul>\n<\/div>\n","protected":false},"excerpt":{"rendered":"<p>Haben Sie Schwierigkeiten, die perfekte eSIM f\u00fcr Mexiko zu finden? Eine eSIM ist eine der einfachsten M\u00f6glichkeiten, auf Ihrer Reise nach Mexiko mobilen Internetzugang zu erhalten. Anstatt Zeit damit zu verschwenden, sich nach der Landung eine lokale Mexiko-SIM-Karte zu besorgen, k\u00f6nnen Sie sich jetzt eine eSIM besorgen und eine sch\u00f6ne Reise erleben. Im Folgenden stelle [&hellip;]<\/p>\n","protected":false},"author":2,"featured_media":0,"parent":0,"menu_order":0,"comment_status":"closed","ping_status":"closed","template":"best-esim-template.php","meta":{"_lmt_disableupdate":"","_lmt_disable":""},"categories":[600327,600150],"acf":[],"_links":{"self":[{"href":"https:\/\/expertworldtravel.com\/de\/wp-json\/wp\/v2\/pages\/3141688"}],"collection":[{"href":"https:\/\/expertworldtravel.com\/de\/wp-json\/wp\/v2\/pages"}],"about":[{"href":"https:\/\/expertworldtravel.com\/de\/wp-json\/wp\/v2\/types\/page"}],"author":[{"embeddable":true,"href":"https:\/\/expertworldtravel.com\/de\/wp-json\/wp\/v2\/users\/2"}],"replies":[{"embeddable":true,"href":"https:\/\/expertworldtravel.com\/de\/wp-json\/wp\/v2\/comments?post=3141688"}],"version-history":[{"count":1,"href":"https:\/\/expertworldtravel.com\/de\/wp-json\/wp\/v2\/pages\/3141688\/revisions"}],"predecessor-version":[{"id":3142094,"href":"https:\/\/expertworldtravel.com\/de\/wp-json\/wp\/v2\/pages\/3141688\/revisions\/3142094"}],"wp:attachment":[{"href":"https:\/\/expertworldtravel.com\/de\/wp-json\/wp\/v2\/media?parent=3141688"}],"wp:term":[{"taxonomy":"category","embeddable":true,"href":"https:\/\/expertworldtravel.com\/de\/wp-json\/wp\/v2\/categories?post=3141688"}],"curies":[{"name":"wp","href":"https:\/\/api.w.org\/{rel}","templated":true}]}}