{"id":3141825,"date":"2023-09-26T14:38:07","date_gmt":"2023-09-26T14:38:07","guid":{"rendered":"https:\/\/expertworldtravel.com\/esim-laos\/"},"modified":"2024-12-24T09:42:48","modified_gmt":"2024-12-24T09:42:48","slug":"esim-laos","status":"publish","type":"page","link":"https:\/\/expertworldtravel.com\/de\/esim-laos\/","title":{"rendered":"Beste eSIM f\u00fcr Laos (G\u00fcnstige Daten)"},"content":{"rendered":"<p>Der Kauf einer eSIM f\u00fcr Ihren Aufenthalt in Laos ist eine gute Idee, wenn Sie w\u00e4hrend Ihres Urlaubs einen g\u00fcnstigen Internetzugang ben\u00f6tigen. Ein eSIM-Datentarif ist immer g\u00fcnstiger als Datenroaming und bietet in der Regel eine stabilere Internetverbindung. Ich habe mir die eSIM-Tarife f\u00fcr Laos von allen f\u00fchrenden eSIM-Anbietern angesehen und verglichen, damit Sie ganz einfach die beste Option f\u00fcr sich finden k\u00f6nnen. Dieser detaillierte \u00dcberblick \u00fcber die besten eSIMs f\u00fcr Laos umfasst Wochentarife, Monatstarife und sogar eSIMs mit regionaler Abdeckung in Asien und Telefonnummern. Es gibt Optionen f\u00fcr jeden, also folgen Sie mir, wenn ich Ihnen alle Optionen f\u00fcr eine eSIM f\u00fcr Laos vorstelle!<\/p>\n","protected":false},"excerpt":{"rendered":"<p>Der Kauf einer eSIM f\u00fcr Ihren Aufenthalt in Laos ist eine gute Idee, wenn Sie w\u00e4hrend Ihres Urlaubs einen g\u00fcnstigen Internetzugang ben\u00f6tigen. Ein eSIM-Datentarif ist immer g\u00fcnstiger als Datenroaming und bietet in der Regel eine stabilere Internetverbindung. Ich habe mir die eSIM-Tarife f\u00fcr Laos von allen f\u00fchrenden eSIM-Anbietern angesehen und verglichen, damit Sie ganz einfach [&hellip;]<\/p>\n","protected":false},"author":2,"featured_media":3140707,"parent":0,"menu_order":0,"comment_status":"closed","ping_status":"closed","template":"best-esim-template.php","meta":{"_lmt_disableupdate":"","_lmt_disable":""},"categories":[600327,600145],"acf":[],"_links":{"self":[{"href":"https:\/\/expertworldtravel.com\/de\/wp-json\/wp\/v2\/pages\/3141825"}],"collection":[{"href":"https:\/\/expertworldtravel.com\/de\/wp-json\/wp\/v2\/pages"}],"about":[{"href":"https:\/\/expertworldtravel.com\/de\/wp-json\/wp\/v2\/types\/page"}],"author":[{"embeddable":true,"href":"https:\/\/expertworldtravel.com\/de\/wp-json\/wp\/v2\/users\/2"}],"replies":[{"embeddable":true,"href":"https:\/\/expertworldtravel.com\/de\/wp-json\/wp\/v2\/comments?post=3141825"}],"version-history":[{"count":0,"href":"https:\/\/expertworldtravel.com\/de\/wp-json\/wp\/v2\/pages\/3141825\/revisions"}],"wp:featuredmedia":[{"embeddable":true,"href":"https:\/\/expertworldtravel.com\/de\/wp-json\/wp\/v2\/media\/3140707"}],"wp:attachment":[{"href":"https:\/\/expertworldtravel.com\/de\/wp-json\/wp\/v2\/media?parent=3141825"}],"wp:term":[{"taxonomy":"category","embeddable":true,"href":"https:\/\/expertworldtravel.com\/de\/wp-json\/wp\/v2\/categories?post=3141825"}],"curies":[{"name":"wp","href":"https:\/\/api.w.org\/{rel}","templated":true}]}}