{"id":3118489,"date":"2022-12-14T20:13:39","date_gmt":"2022-12-14T20:13:39","guid":{"rendered":"https:\/\/expertworldtravel.com\/best-esim-europe\/"},"modified":"2024-12-24T10:08:00","modified_gmt":"2024-12-24T10:08:00","slug":"esim-europa","status":"publish","type":"page","link":"https:\/\/expertworldtravel.com\/es\/esim-europa\/","title":{"rendered":"Mejor eSIM para Europa en 2025 (Comparaci\u00f3n r\u00e1pida)"},"content":{"rendered":"<p>\u00bfEst\u00e1s planeando un viaje a Europa y buscas un paquete de datos eSIM? Esto significa que vas a visitar varios pa\u00edses europeos y vas a querer una tarjeta eSIM asequible que pueda seguirte el ritmo en lugar de esas molestas tarjetas SIM. La tecnolog\u00eda ESIM es relativamente nueva, as\u00ed que puede que no hayas o\u00eddo hablar de ella. Se trata de una tarjeta SIM integrada que puedes activar cuando llegues a Europa. Entonces, \u00bfcu\u00e1l es la mejor eSIM para Europa? Acomp\u00e1\u00f1ame mientras repaso las mejores eSIM para usar en Europa, para que puedas encontrar el <a href=\"\" target=\"\" rel=\"noopener\">mejor plan de eSIM para tus viajes<\/a>.<\/p>\n<h2>Mejores proveedores de eSIM en Europa<\/h2>\n<p>Hay <a href=\"https:\/\/expertworldtravel.com\/best-esim-providers\/\" target=\"_blank\" rel=\"noopener\">varios proveedores de eSIM<\/a> que ofrecen una eSIM para Europa y a continuaci\u00f3n te presentamos a los mejores. Vamos a repasar cada uno de ellos y sus planes de datos de eSIM para que puedas encontrar la mejor eSIM para Europa para tus necesidades de viaje. https:\/\/www.youtube.com\/watch?v=X21vIa8siBM&amp;list=PLmr3h1nAE7cFRLaYlU0q2BtqunfRAyE_6&amp;pp=gAQBiAQB<\/p>\n","protected":false},"excerpt":{"rendered":"<p>\u00bfEst\u00e1s planeando un viaje a Europa y buscas un paquete de datos eSIM? Esto significa que vas a visitar varios pa\u00edses europeos y vas a querer una tarjeta eSIM asequible que pueda seguirte el ritmo en lugar de esas molestas tarjetas SIM. La tecnolog\u00eda ESIM es relativamente nueva, as\u00ed que puede que no hayas o\u00eddo [&hellip;]<\/p>\n","protected":false},"author":6,"featured_media":3118534,"parent":0,"menu_order":0,"comment_status":"closed","ping_status":"closed","template":"best-template.php","meta":{"_lmt_disableupdate":"no","_lmt_disable":""},"categories":[600182],"acf":[],"_links":{"self":[{"href":"https:\/\/expertworldtravel.com\/es\/wp-json\/wp\/v2\/pages\/3118489"}],"collection":[{"href":"https:\/\/expertworldtravel.com\/es\/wp-json\/wp\/v2\/pages"}],"about":[{"href":"https:\/\/expertworldtravel.com\/es\/wp-json\/wp\/v2\/types\/page"}],"author":[{"embeddable":true,"href":"https:\/\/expertworldtravel.com\/es\/wp-json\/wp\/v2\/users\/6"}],"replies":[{"embeddable":true,"href":"https:\/\/expertworldtravel.com\/es\/wp-json\/wp\/v2\/comments?post=3118489"}],"version-history":[{"count":2,"href":"https:\/\/expertworldtravel.com\/es\/wp-json\/wp\/v2\/pages\/3118489\/revisions"}],"predecessor-version":[{"id":3141843,"href":"https:\/\/expertworldtravel.com\/es\/wp-json\/wp\/v2\/pages\/3118489\/revisions\/3141843"}],"wp:featuredmedia":[{"embeddable":true,"href":"https:\/\/expertworldtravel.com\/es\/wp-json\/wp\/v2\/media\/3118534"}],"wp:attachment":[{"href":"https:\/\/expertworldtravel.com\/es\/wp-json\/wp\/v2\/media?parent=3118489"}],"wp:term":[{"taxonomy":"category","embeddable":true,"href":"https:\/\/expertworldtravel.com\/es\/wp-json\/wp\/v2\/categories?post=3118489"}],"curies":[{"name":"wp","href":"https:\/\/api.w.org\/{rel}","templated":true}]}}