{"id":3128646,"date":"2023-03-24T19:34:33","date_gmt":"2023-03-24T19:34:33","guid":{"rendered":"https:\/\/expertworldtravel.com\/best-prepaid-sim-card-mexico\/"},"modified":"2023-07-22T10:11:52","modified_gmt":"2023-07-22T10:11:52","slug":"tarjetas-sim-para-mexico","status":"publish","type":"page","link":"https:\/\/expertworldtravel.com\/es\/tarjetas-sim-para-mexico\/","title":{"rendered":"Las mejores tarjetas Sim para M\u00e9xico (\u00bfcu\u00e1l deber\u00edas comprar?)"},"content":{"rendered":"<p>\u00bfHa reservado su vuelo a M\u00e9xico y necesita una tarjeta SIM de M\u00e9xico para su viaje?<\/p>\n<p>Hay bastantes opciones diferentes cuando se trata de asegurarse de que tiene datos m\u00f3viles en M\u00e9xico. Puedes optar por eSims, tarjetas SIM internacionales o una tarjeta SIM local de M\u00e9xico.<\/p>\n<p>En este art\u00edculo, vamos a centrarnos en las mejores tarjetas SIM de prepago en M\u00e9xico para que pueda encontrar la mejor tarjeta SIM de prepago que M\u00e9xico tiene para ofrecer. Tambi\u00e9n hablaremos de todo lo que necesitas saber sobre las tarjetas SIM de prepago en M\u00e9xico, desde c\u00f3mo registrarlas y activarlas hasta mucho m\u00e1s.<\/p>\n","protected":false},"excerpt":{"rendered":"<p>\u00bfHa reservado su vuelo a M\u00e9xico y necesita una tarjeta SIM de M\u00e9xico para su viaje? Hay bastantes opciones diferentes cuando se trata de asegurarse de que tiene datos m\u00f3viles en M\u00e9xico. Puedes optar por eSims, tarjetas SIM internacionales o una tarjeta SIM local de M\u00e9xico. En este art\u00edculo, vamos a centrarnos en las mejores [&hellip;]<\/p>\n","protected":false},"author":2,"featured_media":3128678,"parent":0,"menu_order":0,"comment_status":"closed","ping_status":"closed","template":"best-template.php","meta":{"_lmt_disableupdate":"no","_lmt_disable":""},"categories":[600182,600183],"acf":[],"_links":{"self":[{"href":"https:\/\/expertworldtravel.com\/es\/wp-json\/wp\/v2\/pages\/3128646"}],"collection":[{"href":"https:\/\/expertworldtravel.com\/es\/wp-json\/wp\/v2\/pages"}],"about":[{"href":"https:\/\/expertworldtravel.com\/es\/wp-json\/wp\/v2\/types\/page"}],"author":[{"embeddable":true,"href":"https:\/\/expertworldtravel.com\/es\/wp-json\/wp\/v2\/users\/2"}],"replies":[{"embeddable":true,"href":"https:\/\/expertworldtravel.com\/es\/wp-json\/wp\/v2\/comments?post=3128646"}],"version-history":[{"count":0,"href":"https:\/\/expertworldtravel.com\/es\/wp-json\/wp\/v2\/pages\/3128646\/revisions"}],"wp:featuredmedia":[{"embeddable":true,"href":"https:\/\/expertworldtravel.com\/es\/wp-json\/wp\/v2\/media\/3128678"}],"wp:attachment":[{"href":"https:\/\/expertworldtravel.com\/es\/wp-json\/wp\/v2\/media?parent=3128646"}],"wp:term":[{"taxonomy":"category","embeddable":true,"href":"https:\/\/expertworldtravel.com\/es\/wp-json\/wp\/v2\/categories?post=3128646"}],"curies":[{"name":"wp","href":"https:\/\/api.w.org\/{rel}","templated":true}]}}