{"id":3128786,"date":"2022-12-29T17:31:27","date_gmt":"2022-12-29T17:31:27","guid":{"rendered":"https:\/\/expertworldtravel.com\/best-esim-usa\/"},"modified":"2024-12-20T12:50:34","modified_gmt":"2024-12-20T12:50:34","slug":"esim-estados-unidos","status":"publish","type":"page","link":"https:\/\/expertworldtravel.com\/es\/esim-estados-unidos\/","title":{"rendered":"Las mejores eSIM para EE.UU. en 2025 (Las hemos encontrado todas)"},"content":{"rendered":"<p>\u00bfBuscas la mejor eSIM para EEUU? \u00bfO tal vez tiene planeado un viaje a Nueva York, Boston, Los \u00c1ngeles, Las Vegas, Florida o Texas?<\/p>\n<p>Las eSIM de EE.UU. para turistas son una gran opci\u00f3n para cualquiera que quiera empezar a utilizar datos en su tel\u00e9fono.<\/p>\n<p>Yo los uso todo el tiempo cuando viajo para asegurarme de que no tengo que usar el roaming en mi plan de casa y ahorrar mucho dinero en el proceso.<\/p>\n<p>A continuaci\u00f3n repasaremos todo, desde por qu\u00e9 deber\u00edas comprar una eSIM online a los mejores proveedores. Qu\u00e9 planes de datos de eSIM son los m\u00e1s baratos y mucho m\u00e1s. <\/p>\n","protected":false},"excerpt":{"rendered":"<p>\u00bfBuscas la mejor eSIM para EEUU? \u00bfO tal vez tiene planeado un viaje a Nueva York, Boston, Los \u00c1ngeles, Las Vegas, Florida o Texas? Las eSIM de EE.UU. para turistas son una gran opci\u00f3n para cualquiera que quiera empezar a utilizar datos en su tel\u00e9fono. Yo los uso todo el tiempo cuando viajo para asegurarme [&hellip;]<\/p>\n","protected":false},"author":6,"featured_media":3128787,"parent":0,"menu_order":0,"comment_status":"closed","ping_status":"closed","template":"best-template.php","meta":{"_lmt_disableupdate":"no","_lmt_disable":""},"categories":[600182],"acf":[],"_links":{"self":[{"href":"https:\/\/expertworldtravel.com\/es\/wp-json\/wp\/v2\/pages\/3128786"}],"collection":[{"href":"https:\/\/expertworldtravel.com\/es\/wp-json\/wp\/v2\/pages"}],"about":[{"href":"https:\/\/expertworldtravel.com\/es\/wp-json\/wp\/v2\/types\/page"}],"author":[{"embeddable":true,"href":"https:\/\/expertworldtravel.com\/es\/wp-json\/wp\/v2\/users\/6"}],"replies":[{"embeddable":true,"href":"https:\/\/expertworldtravel.com\/es\/wp-json\/wp\/v2\/comments?post=3128786"}],"version-history":[{"count":1,"href":"https:\/\/expertworldtravel.com\/es\/wp-json\/wp\/v2\/pages\/3128786\/revisions"}],"predecessor-version":[{"id":3141724,"href":"https:\/\/expertworldtravel.com\/es\/wp-json\/wp\/v2\/pages\/3128786\/revisions\/3141724"}],"wp:featuredmedia":[{"embeddable":true,"href":"https:\/\/expertworldtravel.com\/es\/wp-json\/wp\/v2\/media\/3128787"}],"wp:attachment":[{"href":"https:\/\/expertworldtravel.com\/es\/wp-json\/wp\/v2\/media?parent=3128786"}],"wp:term":[{"taxonomy":"category","embeddable":true,"href":"https:\/\/expertworldtravel.com\/es\/wp-json\/wp\/v2\/categories?post=3128786"}],"curies":[{"name":"wp","href":"https:\/\/api.w.org\/{rel}","templated":true}]}}