{"id":3134863,"date":"2023-07-24T13:54:05","date_gmt":"2023-07-24T13:54:05","guid":{"rendered":"https:\/\/expertworldtravel.com\/bosnia-y-herzegovina-esim\/"},"modified":"2023-07-24T14:05:46","modified_gmt":"2023-07-24T14:05:46","slug":"bosnia-y-herzegovina-la-mejor-esim-para-acceder-facilmente-a-internet","status":"publish","type":"page","link":"https:\/\/expertworldtravel.com\/es\/bosnia-y-herzegovina-la-mejor-esim-para-acceder-facilmente-a-internet\/","title":{"rendered":"Bosnia y Herzegovina: La mejor eSim para acceder f\u00e1cilmente a Internet"},"content":{"rendered":"<p>\u00bfViaja a Bosnia y Herzegovina y necesita un ESIM de prepago para su viaje? Hemos buscado por todas partes las mejores ESIM para Bosnia y Herzegovina en Internet.<\/p>\n<p>Puede que Bosnia y Herzegovina no sea un pa\u00eds enorme, pero quiere un buen plan de datos de prepago con una ESIM. Ya sean unos pocos gigabytes para mapas y correos electr\u00f3nicos, o datos ESIM ilimitados para todos esos v\u00eddeos de Youtube, estos ESIMS ser\u00e1n perfectos para ti.<\/p>\n","protected":false},"excerpt":{"rendered":"<p>\u00bfViaja a Bosnia y Herzegovina y necesita un ESIM de prepago para su viaje? Hemos buscado por todas partes las mejores ESIM para Bosnia y Herzegovina en Internet. Puede que Bosnia y Herzegovina no sea un pa\u00eds enorme, pero quiere un buen plan de datos de prepago con una ESIM. Ya sean unos pocos gigabytes [&hellip;]<\/p>\n","protected":false},"author":2,"featured_media":0,"parent":0,"menu_order":0,"comment_status":"closed","ping_status":"closed","template":"best-esim-template.php","meta":{"_lmt_disableupdate":"no","_lmt_disable":""},"categories":[600186,600182],"acf":[],"_links":{"self":[{"href":"https:\/\/expertworldtravel.com\/es\/wp-json\/wp\/v2\/pages\/3134863"}],"collection":[{"href":"https:\/\/expertworldtravel.com\/es\/wp-json\/wp\/v2\/pages"}],"about":[{"href":"https:\/\/expertworldtravel.com\/es\/wp-json\/wp\/v2\/types\/page"}],"author":[{"embeddable":true,"href":"https:\/\/expertworldtravel.com\/es\/wp-json\/wp\/v2\/users\/2"}],"replies":[{"embeddable":true,"href":"https:\/\/expertworldtravel.com\/es\/wp-json\/wp\/v2\/comments?post=3134863"}],"version-history":[{"count":0,"href":"https:\/\/expertworldtravel.com\/es\/wp-json\/wp\/v2\/pages\/3134863\/revisions"}],"wp:attachment":[{"href":"https:\/\/expertworldtravel.com\/es\/wp-json\/wp\/v2\/media?parent=3134863"}],"wp:term":[{"taxonomy":"category","embeddable":true,"href":"https:\/\/expertworldtravel.com\/es\/wp-json\/wp\/v2\/categories?post=3134863"}],"curies":[{"name":"wp","href":"https:\/\/api.w.org\/{rel}","templated":true}]}}