{"id":3135872,"date":"2023-03-20T21:56:45","date_gmt":"2023-03-20T21:56:45","guid":{"rendered":"https:\/\/expertworldtravel.com\/best-esim-france\/"},"modified":"2024-12-28T18:26:41","modified_gmt":"2024-12-28T18:26:41","slug":"best-esim-france","status":"publish","type":"page","link":"https:\/\/expertworldtravel.com\/es\/best-esim-france\/","title":{"rendered":"Las mejores eSIM para datos de viaje en Francia (C\u00f3mo elegir)"},"content":{"rendered":"<p>Comprar una eSIM para Francia puede ser un poco confuso.<\/p>\n<p>Claro que las eSIM son f\u00e1ciles de usar y te ahorran mucho dinero, pero con tantos proveedores de eSIM en Francia, puede ser dif\u00edcil saber cu\u00e1l es la mejor. He vivido en Europa durante m\u00e1s de 22 a\u00f1os y he viajado a lo largo y ancho de este continente. Y desde que descubr\u00ed las eSIM, nunca he mirado atr\u00e1s. Seg\u00fan mi experiencia, te ahorran mucho tiempo y dinero, sobre todo cuando visitas muchos pa\u00edses. Si piensas viajar por Europa, lee <a href=\"https:\/\/expertworldtravel.com\/best-esim-europe\/\" target=\"_blank\" rel=\"noopener\">mi gu\u00eda sobre las eSIM europeas<\/a>. Los precios son comparables, pero puedes conservar la misma eSIM y utilizarla dondequiera que vayas. En esta gu\u00eda, quiero ayudarte a encontrar las mejores eSIM para Francia, para que puedas seguir adelante con tu viaje.<\/p>\n<h2>Elegir tu eSIM para Francia<\/h2>\n<p>He utilizado muchas eSIM mientras viajaba por Europa y me parece \u00fatil desglosar as\u00ed tu elecci\u00f3n de eSIM:<\/p>\n<h3>Cantidad de datos<\/h3>\n<p>Decide cu\u00e1ntos datos vas a utilizar durante tu estancia en Francia. (\u00bfTienes wifi en el hotel o Airbnb, necesitas trabajar a trav\u00e9s de tu tel\u00e9fono) <\/p>\n<h3>Duraci\u00f3n de la estancia<\/h3>\n<p>La mayor\u00eda de los planes son de 5, 7, 10, 15 o 30 d\u00edas, seg\u00fan el proveedor. Los planes m\u00e1s largos suelen ser un poco m\u00e1s caros. <\/p>\n<h3>Llamadas y SMS<\/h3>\n<p>Puedes conservar tu n\u00famero de tel\u00e9fono particular, pero puede costarte mucho llamar a casa. Pocos proveedores de eSIM tienen llamadas, y a\u00fan menos tienen mensajes de texto. Considera la posibilidad de instalar WhatsApp o Signal para enviar mensajes de texto a trav\u00e9s de datos en lugar de SMS, que suelen costar dinero. <\/p>\n<h3>Compartir tus datos<\/h3>\n<p>\u00bfVas a compartir tus datos (con otra persona u otro dispositivo). Ten en cuenta que los proveedores como <a href=\"https:\/\/holafly.sjv.io\/6ykr3V\" target=\"_blank\" rel=\"noopener\">Holafly<\/a> no permiten compartir muchos datos. En general, los dem\u00e1s s\u00ed.  <\/p>\n","protected":false},"excerpt":{"rendered":"<p>Comprar una eSIM para Francia puede ser un poco confuso. Claro que las eSIM son f\u00e1ciles de usar y te ahorran mucho dinero, pero con tantos proveedores de eSIM en Francia, puede ser dif\u00edcil saber cu\u00e1l es la mejor. He vivido en Europa durante m\u00e1s de 22 a\u00f1os y he viajado a lo largo y [&hellip;]<\/p>\n","protected":false},"author":2,"featured_media":3133705,"parent":0,"menu_order":0,"comment_status":"closed","ping_status":"closed","template":"best-template.php","meta":{"_lmt_disableupdate":"no","_lmt_disable":""},"categories":[600182],"acf":[],"_links":{"self":[{"href":"https:\/\/expertworldtravel.com\/es\/wp-json\/wp\/v2\/pages\/3135872"}],"collection":[{"href":"https:\/\/expertworldtravel.com\/es\/wp-json\/wp\/v2\/pages"}],"about":[{"href":"https:\/\/expertworldtravel.com\/es\/wp-json\/wp\/v2\/types\/page"}],"author":[{"embeddable":true,"href":"https:\/\/expertworldtravel.com\/es\/wp-json\/wp\/v2\/users\/2"}],"replies":[{"embeddable":true,"href":"https:\/\/expertworldtravel.com\/es\/wp-json\/wp\/v2\/comments?post=3135872"}],"version-history":[{"count":4,"href":"https:\/\/expertworldtravel.com\/es\/wp-json\/wp\/v2\/pages\/3135872\/revisions"}],"predecessor-version":[{"id":3141959,"href":"https:\/\/expertworldtravel.com\/es\/wp-json\/wp\/v2\/pages\/3135872\/revisions\/3141959"}],"wp:featuredmedia":[{"embeddable":true,"href":"https:\/\/expertworldtravel.com\/es\/wp-json\/wp\/v2\/media\/3133705"}],"wp:attachment":[{"href":"https:\/\/expertworldtravel.com\/es\/wp-json\/wp\/v2\/media?parent=3135872"}],"wp:term":[{"taxonomy":"category","embeddable":true,"href":"https:\/\/expertworldtravel.com\/es\/wp-json\/wp\/v2\/categories?post=3135872"}],"curies":[{"name":"wp","href":"https:\/\/api.w.org\/{rel}","templated":true}]}}