{"id":3135880,"date":"2023-04-18T21:23:59","date_gmt":"2023-04-18T21:23:59","guid":{"rendered":"https:\/\/expertworldtravel.com\/best-esim-italy\/"},"modified":"2024-12-23T14:24:28","modified_gmt":"2024-12-23T14:24:28","slug":"esim-italia","status":"publish","type":"page","link":"https:\/\/expertworldtravel.com\/es\/esim-italia\/","title":{"rendered":"La mejor eSIM para Italia (Las mejores opciones para los viajeros)"},"content":{"rendered":"<p>\u00bfSe pregunta cu\u00e1l es la eSIM de Italia perfecta para su visita?<\/p>\n<p>Atr\u00e1s quedaron los d\u00edas en que hab\u00eda que preocuparse por los costes de itinerancia. Las eSIM son una opci\u00f3n fant\u00e1stica para ahorrar dinero en datos mientras est\u00e1s en Italia.<\/p>\n<p>Pero, \u00bfcu\u00e1l es la mejor eSIM para Italia? Eso es lo que hemos venido a averiguar.<\/p>\n<p>Exploraremos los principales proveedores de eSIM de Italia, su cobertura, velocidades de conexi\u00f3n y otros factores para asegurarnos de que encuentras el mejor plan de datos eSim para tus necesidades.<\/p>\n<h2>Mejores proveedores italianos de eSIM<\/h2>\n","protected":false},"excerpt":{"rendered":"<p>\u00bfSe pregunta cu\u00e1l es la eSIM de Italia perfecta para su visita? Atr\u00e1s quedaron los d\u00edas en que hab\u00eda que preocuparse por los costes de itinerancia. Las eSIM son una opci\u00f3n fant\u00e1stica para ahorrar dinero en datos mientras est\u00e1s en Italia. Pero, \u00bfcu\u00e1l es la mejor eSIM para Italia? Eso es lo que hemos venido [&hellip;]<\/p>\n","protected":false},"author":2,"featured_media":3133994,"parent":0,"menu_order":0,"comment_status":"closed","ping_status":"closed","template":"best-esim-template.php","meta":{"_lmt_disableupdate":"no","_lmt_disable":""},"categories":[600187,600182],"acf":[],"_links":{"self":[{"href":"https:\/\/expertworldtravel.com\/es\/wp-json\/wp\/v2\/pages\/3135880"}],"collection":[{"href":"https:\/\/expertworldtravel.com\/es\/wp-json\/wp\/v2\/pages"}],"about":[{"href":"https:\/\/expertworldtravel.com\/es\/wp-json\/wp\/v2\/types\/page"}],"author":[{"embeddable":true,"href":"https:\/\/expertworldtravel.com\/es\/wp-json\/wp\/v2\/users\/2"}],"replies":[{"embeddable":true,"href":"https:\/\/expertworldtravel.com\/es\/wp-json\/wp\/v2\/comments?post=3135880"}],"version-history":[{"count":4,"href":"https:\/\/expertworldtravel.com\/es\/wp-json\/wp\/v2\/pages\/3135880\/revisions"}],"predecessor-version":[{"id":3141798,"href":"https:\/\/expertworldtravel.com\/es\/wp-json\/wp\/v2\/pages\/3135880\/revisions\/3141798"}],"wp:featuredmedia":[{"embeddable":true,"href":"https:\/\/expertworldtravel.com\/es\/wp-json\/wp\/v2\/media\/3133994"}],"wp:attachment":[{"href":"https:\/\/expertworldtravel.com\/es\/wp-json\/wp\/v2\/media?parent=3135880"}],"wp:term":[{"taxonomy":"category","embeddable":true,"href":"https:\/\/expertworldtravel.com\/es\/wp-json\/wp\/v2\/categories?post=3135880"}],"curies":[{"name":"wp","href":"https:\/\/api.w.org\/{rel}","templated":true}]}}