{"id":3135886,"date":"2023-04-21T00:40:26","date_gmt":"2023-04-21T00:40:26","guid":{"rendered":"https:\/\/expertworldtravel.com\/best-esim-portugal\/"},"modified":"2025-01-09T15:51:07","modified_gmt":"2025-01-09T15:51:07","slug":"best-esim-portugal","status":"publish","type":"page","link":"https:\/\/expertworldtravel.com\/es\/best-esim-portugal\/","title":{"rendered":"6 mejores eSIM para Portugal (c\u00f3modas y asequibles)"},"content":{"rendered":"<p>\u00bfVa a viajar a Portugal y necesita una eSIM para seguir conectado?<\/p>\n<p>Las ESIM son cada vez m\u00e1s populares, y con raz\u00f3n. He utilizado las eSIM para obtener datos m\u00f3viles m\u00e1s asequibles y c\u00f3modos mientras viajaba por Portugal y Europa.<\/p>\n<p>Pero con tantas opciones disponibles, puede ser dif\u00edcil saber qu\u00e9 eSIM es la mejor para su viaje por Portugal.<\/p>\n<p>\u00a1Ah\u00ed es donde entro yo! A continuaci\u00f3n, repaso las mejores eSIM para Portugal, revisando sus planes de datos, cobertura y velocidades de conexi\u00f3n para ayudarte a encontrar el plan de datos eSIM ideal para tu viaje.<\/p>\n<h2>Consejos para elegir su ESIM<\/h2>\n<p>Despu\u00e9s de comprar y utilizar docenas de ESIM, aqu\u00ed tienes una lista de preguntas para elegir el ideal para ti:<\/p>\n<ul>\n<li><strong>Cu\u00e1ntos datos<\/strong> vas a utilizar en tu viaje (ilimitados o unos pocos Gigabytes)<\/li>\n<li><strong>\u00bfCu\u00e1nto durar\u00e1 su viaje<\/strong>?<\/li>\n<li>\u00bfNecesitar\u00e1 un <strong>n\u00famero de tel\u00e9fono o enviar SMS<\/strong> mientras viaja?<\/li>\n<\/ul>\n<p>Despu\u00e9s de averiguar las respuestas, puede limitar r\u00e1pidamente su elecci\u00f3n a<\/p>\n<ul>\n<li><a href=\"https:\/\/airalo.pxf.io\/vNPN4j\" target=\"_blank\" rel=\"nofollow noopener\">Holafly<\/a> para datos ilimitados (y un n\u00famero de tel\u00e9fono)<\/li>\n<li><a href=\"https:\/\/airalo.pxf.io\/vNPN4j\" target=\"_blank\" rel=\"nofollow noopener\">Airalo<\/a> o <a href=\"https:\/\/www.getnomad.app\/en\/portugal-eSIM\/7DAY-1GB-id-315a?rfsn=7045778.947b00\" target=\"_blank\" rel=\"nofollow noopener\">Nomad<\/a> para planes por GB<\/li>\n<li><a href=\"https:\/\/simoptions.sjv.io\/bOkeQP\" target=\"_blank\" rel=\"nofollow noopener\">Orange<\/a> para tel\u00e9fono y SMS con datos<\/li>\n<\/ul>\n<p>A continuaci\u00f3n detallo mucho m\u00e1s cada plan, pero esta es la versi\u00f3n resumida de mi experiencia viajando por Europa y utilizando ESIM durante m\u00e1s de un a\u00f1o.<\/p>\n","protected":false},"excerpt":{"rendered":"<p>\u00bfVa a viajar a Portugal y necesita una eSIM para seguir conectado? Las ESIM son cada vez m\u00e1s populares, y con raz\u00f3n. He utilizado las eSIM para obtener datos m\u00f3viles m\u00e1s asequibles y c\u00f3modos mientras viajaba por Portugal y Europa. Pero con tantas opciones disponibles, puede ser dif\u00edcil saber qu\u00e9 eSIM es la mejor para [&hellip;]<\/p>\n","protected":false},"author":2,"featured_media":3134002,"parent":0,"menu_order":0,"comment_status":"closed","ping_status":"closed","template":"best-esim-template.php","meta":{"_lmt_disableupdate":"no","_lmt_disable":""},"categories":[600182,600188],"acf":[],"_links":{"self":[{"href":"https:\/\/expertworldtravel.com\/es\/wp-json\/wp\/v2\/pages\/3135886"}],"collection":[{"href":"https:\/\/expertworldtravel.com\/es\/wp-json\/wp\/v2\/pages"}],"about":[{"href":"https:\/\/expertworldtravel.com\/es\/wp-json\/wp\/v2\/types\/page"}],"author":[{"embeddable":true,"href":"https:\/\/expertworldtravel.com\/es\/wp-json\/wp\/v2\/users\/2"}],"replies":[{"embeddable":true,"href":"https:\/\/expertworldtravel.com\/es\/wp-json\/wp\/v2\/comments?post=3135886"}],"version-history":[{"count":4,"href":"https:\/\/expertworldtravel.com\/es\/wp-json\/wp\/v2\/pages\/3135886\/revisions"}],"predecessor-version":[{"id":3142175,"href":"https:\/\/expertworldtravel.com\/es\/wp-json\/wp\/v2\/pages\/3135886\/revisions\/3142175"}],"wp:featuredmedia":[{"embeddable":true,"href":"https:\/\/expertworldtravel.com\/es\/wp-json\/wp\/v2\/media\/3134002"}],"wp:attachment":[{"href":"https:\/\/expertworldtravel.com\/es\/wp-json\/wp\/v2\/media?parent=3135886"}],"wp:term":[{"taxonomy":"category","embeddable":true,"href":"https:\/\/expertworldtravel.com\/es\/wp-json\/wp\/v2\/categories?post=3135886"}],"curies":[{"name":"wp","href":"https:\/\/api.w.org\/{rel}","templated":true}]}}