{"id":3135889,"date":"2023-01-03T20:26:07","date_gmt":"2023-01-03T20:26:07","guid":{"rendered":"https:\/\/expertworldtravel.com\/best-esim-uk\/"},"modified":"2023-08-04T08:14:57","modified_gmt":"2023-08-04T08:14:57","slug":"esim-reino-unido","status":"publish","type":"page","link":"https:\/\/expertworldtravel.com\/es\/esim-reino-unido\/","title":{"rendered":"Mejor eSim del Reino Unido y Londres para 2023 (asequible)"},"content":{"rendered":"<p>Si va a viajar al Reino Unido, querr\u00e1 evitar las caras tarifas de itinerancia de datos de su operador de telefon\u00eda m\u00f3vil.<\/p>\n<p>Conseguir <a href=\"https:\/\/expertworldtravel.com\/best-prepaid-sim-card-uk\/\" target=\"_blank\" rel=\"noopener\">tarjetas SIM<\/a> locales <a href=\"https:\/\/expertworldtravel.com\/best-prepaid-sim-card-uk\/\" target=\"_blank\" rel=\"noopener\">de prepago<\/a> es una opci\u00f3n, pero no es tan conveniente, por lo que creemos que conseguir una eSim para su viaje es mejor que conseguir una tarjeta SIM del Reino Unido. Pero, \u00bfqu\u00e9 tarjeta eSim es mejor para el Reino Unido? Eso es lo que pretendemos averiguar al <strong>comparar los planes eSim para el Reino Unido<\/strong><\/p>\n<p>Acomp\u00e1\u00f1ame mientras repaso las mejores eSim para el Reino Unido de los proveedores de tarjetas eSim para el Reino Unido y Londres, sus diferentes planes de datos y por qu\u00e9 las tarjetas eSim son tan estupendas para viajar con ellas.<\/p>\n","protected":false},"excerpt":{"rendered":"<p>Si va a viajar al Reino Unido, querr\u00e1 evitar las caras tarifas de itinerancia de datos de su operador de telefon\u00eda m\u00f3vil. Conseguir tarjetas SIM locales de prepago es una opci\u00f3n, pero no es tan conveniente, por lo que creemos que conseguir una eSim para su viaje es mejor que conseguir una tarjeta SIM del [&hellip;]<\/p>\n","protected":false},"author":6,"featured_media":3132790,"parent":0,"menu_order":0,"comment_status":"closed","ping_status":"closed","template":"best-template.php","meta":{"_lmt_disableupdate":"no","_lmt_disable":""},"categories":[600182,600190],"acf":[],"_links":{"self":[{"href":"https:\/\/expertworldtravel.com\/es\/wp-json\/wp\/v2\/pages\/3135889"}],"collection":[{"href":"https:\/\/expertworldtravel.com\/es\/wp-json\/wp\/v2\/pages"}],"about":[{"href":"https:\/\/expertworldtravel.com\/es\/wp-json\/wp\/v2\/types\/page"}],"author":[{"embeddable":true,"href":"https:\/\/expertworldtravel.com\/es\/wp-json\/wp\/v2\/users\/6"}],"replies":[{"embeddable":true,"href":"https:\/\/expertworldtravel.com\/es\/wp-json\/wp\/v2\/comments?post=3135889"}],"version-history":[{"count":1,"href":"https:\/\/expertworldtravel.com\/es\/wp-json\/wp\/v2\/pages\/3135889\/revisions"}],"predecessor-version":[{"id":3135890,"href":"https:\/\/expertworldtravel.com\/es\/wp-json\/wp\/v2\/pages\/3135889\/revisions\/3135890"}],"wp:featuredmedia":[{"embeddable":true,"href":"https:\/\/expertworldtravel.com\/es\/wp-json\/wp\/v2\/media\/3132790"}],"wp:attachment":[{"href":"https:\/\/expertworldtravel.com\/es\/wp-json\/wp\/v2\/media?parent=3135889"}],"wp:term":[{"taxonomy":"category","embeddable":true,"href":"https:\/\/expertworldtravel.com\/es\/wp-json\/wp\/v2\/categories?post=3135889"}],"curies":[{"name":"wp","href":"https:\/\/api.w.org\/{rel}","templated":true}]}}