{"id":3135895,"date":"2023-01-03T16:31:51","date_gmt":"2023-01-03T16:31:51","guid":{"rendered":"https:\/\/expertworldtravel.com\/best-esim-canada\/"},"modified":"2024-12-27T09:17:22","modified_gmt":"2024-12-27T09:17:22","slug":"best-esim-canada","status":"publish","type":"page","link":"https:\/\/expertworldtravel.com\/es\/best-esim-canada\/","title":{"rendered":"Mejor eSIM para Canad\u00e1 en 2025 (Consigue datos m\u00e1s baratos)"},"content":{"rendered":"<p>Si viaja a Canad\u00e1, no hay mejor manera de permanecer conectado en su tel\u00e9fono m\u00f3vil o tableta que con una eSIM para Canad\u00e1. Las eSIM son relativamente nuevas, pero hacen la vida mucho m\u00e1s f\u00e1cil.<\/p>\n<p>Acomp\u00e1\u00f1ame en esta gu\u00eda detallada sobre las mejores eSIM para cualquier lugar de Canad\u00e1: Toronto, Montreal, Vancouver y casi cualquier lugar.<\/p>\n<p>He incluido los operadores de eSIM m\u00e1s populares, internacionales y locales, y los he comparado entre s\u00ed. A continuaci\u00f3n podr\u00e1 encontrar el plan eSim ideal para usted.<\/p>\n","protected":false},"excerpt":{"rendered":"<p>Si viaja a Canad\u00e1, no hay mejor manera de permanecer conectado en su tel\u00e9fono m\u00f3vil o tableta que con una eSIM para Canad\u00e1. Las eSIM son relativamente nuevas, pero hacen la vida mucho m\u00e1s f\u00e1cil. Acomp\u00e1\u00f1ame en esta gu\u00eda detallada sobre las mejores eSIM para cualquier lugar de Canad\u00e1: Toronto, Montreal, Vancouver y casi cualquier [&hellip;]<\/p>\n","protected":false},"author":6,"featured_media":3132770,"parent":0,"menu_order":0,"comment_status":"closed","ping_status":"closed","template":"best-template.php","meta":{"_lmt_disableupdate":"no","_lmt_disable":""},"categories":[600192,600182],"acf":[],"_links":{"self":[{"href":"https:\/\/expertworldtravel.com\/es\/wp-json\/wp\/v2\/pages\/3135895"}],"collection":[{"href":"https:\/\/expertworldtravel.com\/es\/wp-json\/wp\/v2\/pages"}],"about":[{"href":"https:\/\/expertworldtravel.com\/es\/wp-json\/wp\/v2\/types\/page"}],"author":[{"embeddable":true,"href":"https:\/\/expertworldtravel.com\/es\/wp-json\/wp\/v2\/users\/6"}],"replies":[{"embeddable":true,"href":"https:\/\/expertworldtravel.com\/es\/wp-json\/wp\/v2\/comments?post=3135895"}],"version-history":[{"count":4,"href":"https:\/\/expertworldtravel.com\/es\/wp-json\/wp\/v2\/pages\/3135895\/revisions"}],"predecessor-version":[{"id":3141928,"href":"https:\/\/expertworldtravel.com\/es\/wp-json\/wp\/v2\/pages\/3135895\/revisions\/3141928"}],"wp:featuredmedia":[{"embeddable":true,"href":"https:\/\/expertworldtravel.com\/es\/wp-json\/wp\/v2\/media\/3132770"}],"wp:attachment":[{"href":"https:\/\/expertworldtravel.com\/es\/wp-json\/wp\/v2\/media?parent=3135895"}],"wp:term":[{"taxonomy":"category","embeddable":true,"href":"https:\/\/expertworldtravel.com\/es\/wp-json\/wp\/v2\/categories?post=3135895"}],"curies":[{"name":"wp","href":"https:\/\/api.w.org\/{rel}","templated":true}]}}