{"id":3135967,"date":"2023-03-20T20:17:07","date_gmt":"2023-03-20T20:17:07","guid":{"rendered":"https:\/\/expertworldtravel.com\/best-esim-germany\/"},"modified":"2025-01-05T15:06:37","modified_gmt":"2025-01-05T15:06:37","slug":"esim-alemania","status":"publish","type":"page","link":"https:\/\/expertworldtravel.com\/es\/esim-alemania\/","title":{"rendered":"Mejor eSIM para Alemania (prepago, datos en l\u00ednea)"},"content":{"rendered":"<p>\u00bfBuscas una eSIM para Alemania?<\/p>\n<p>A continuaci\u00f3n comparo los principales proveedores de eSIM para Alemania y sus planes de datos eSIM para que encuentres la mejor opci\u00f3n de datos y conectividad en cualquier lugar.<\/p>\n<p>Despl\u00e1zate hacia abajo para encontrar la mejor eSIM para Alemania&#8230;<\/p>\n","protected":false},"excerpt":{"rendered":"<p>\u00bfBuscas una eSIM para Alemania? A continuaci\u00f3n comparo los principales proveedores de eSIM para Alemania y sus planes de datos eSIM para que encuentres la mejor opci\u00f3n de datos y conectividad en cualquier lugar. Despl\u00e1zate hacia abajo para encontrar la mejor eSIM para Alemania&#8230;<\/p>\n","protected":false},"author":2,"featured_media":3133697,"parent":0,"menu_order":0,"comment_status":"closed","ping_status":"closed","template":"best-template.php","meta":{"_lmt_disableupdate":"no","_lmt_disable":""},"categories":[600182],"acf":[],"_links":{"self":[{"href":"https:\/\/expertworldtravel.com\/es\/wp-json\/wp\/v2\/pages\/3135967"}],"collection":[{"href":"https:\/\/expertworldtravel.com\/es\/wp-json\/wp\/v2\/pages"}],"about":[{"href":"https:\/\/expertworldtravel.com\/es\/wp-json\/wp\/v2\/types\/page"}],"author":[{"embeddable":true,"href":"https:\/\/expertworldtravel.com\/es\/wp-json\/wp\/v2\/users\/2"}],"replies":[{"embeddable":true,"href":"https:\/\/expertworldtravel.com\/es\/wp-json\/wp\/v2\/comments?post=3135967"}],"version-history":[{"count":2,"href":"https:\/\/expertworldtravel.com\/es\/wp-json\/wp\/v2\/pages\/3135967\/revisions"}],"predecessor-version":[{"id":3142058,"href":"https:\/\/expertworldtravel.com\/es\/wp-json\/wp\/v2\/pages\/3135967\/revisions\/3142058"}],"wp:featuredmedia":[{"embeddable":true,"href":"https:\/\/expertworldtravel.com\/es\/wp-json\/wp\/v2\/media\/3133697"}],"wp:attachment":[{"href":"https:\/\/expertworldtravel.com\/es\/wp-json\/wp\/v2\/media?parent=3135967"}],"wp:term":[{"taxonomy":"category","embeddable":true,"href":"https:\/\/expertworldtravel.com\/es\/wp-json\/wp\/v2\/categories?post=3135967"}],"curies":[{"name":"wp","href":"https:\/\/api.w.org\/{rel}","templated":true}]}}