{"id":3135981,"date":"2023-05-30T12:35:32","date_gmt":"2023-05-30T12:35:32","guid":{"rendered":"https:\/\/expertworldtravel.com\/best-esim-ireland\/"},"modified":"2023-08-07T12:27:53","modified_gmt":"2023-08-07T12:27:53","slug":"esim-irlanda","status":"publish","type":"page","link":"https:\/\/expertworldtravel.com\/es\/esim-irlanda\/","title":{"rendered":"La mejor eSim para Irlanda (asequible para viajeros)"},"content":{"rendered":"<p>\u00bfListo para conseguir una eSim para su pr\u00f3ximo viaje a Irlanda? Existen excelentes planes eSim, pero tantas opciones pueden resultar confusas.<\/p>\n<p>Los Esims son la mejor forma de evitar las tarifas de itinerancia de datos, aterrizar con datos listos para usar y dejar de preocuparte por la conectividad cuando viajes a Irlanda.&nbsp;<\/p>\n<p>Y a continuaci\u00f3n hemos<strong> recopilado los mejores eSims para Irlanda<\/strong> para hacerte la vida a\u00fan m\u00e1s f\u00e1cil. Todo lo que tienes que hacer es decidir <strong>cu\u00e1ntos datos necesitas<\/strong>.<\/p>\n","protected":false},"excerpt":{"rendered":"<p>\u00bfListo para conseguir una eSim para su pr\u00f3ximo viaje a Irlanda? Existen excelentes planes eSim, pero tantas opciones pueden resultar confusas. Los Esims son la mejor forma de evitar las tarifas de itinerancia de datos, aterrizar con datos listos para usar y dejar de preocuparte por la conectividad cuando viajes a Irlanda.&nbsp; Y a continuaci\u00f3n [&hellip;]<\/p>\n","protected":false},"author":6,"featured_media":3134205,"parent":0,"menu_order":0,"comment_status":"closed","ping_status":"closed","template":"best-esim-template.php","meta":{"_lmt_disableupdate":"no","_lmt_disable":""},"categories":[600196,600182],"acf":[],"_links":{"self":[{"href":"https:\/\/expertworldtravel.com\/es\/wp-json\/wp\/v2\/pages\/3135981"}],"collection":[{"href":"https:\/\/expertworldtravel.com\/es\/wp-json\/wp\/v2\/pages"}],"about":[{"href":"https:\/\/expertworldtravel.com\/es\/wp-json\/wp\/v2\/types\/page"}],"author":[{"embeddable":true,"href":"https:\/\/expertworldtravel.com\/es\/wp-json\/wp\/v2\/users\/6"}],"replies":[{"embeddable":true,"href":"https:\/\/expertworldtravel.com\/es\/wp-json\/wp\/v2\/comments?post=3135981"}],"version-history":[{"count":1,"href":"https:\/\/expertworldtravel.com\/es\/wp-json\/wp\/v2\/pages\/3135981\/revisions"}],"predecessor-version":[{"id":3135982,"href":"https:\/\/expertworldtravel.com\/es\/wp-json\/wp\/v2\/pages\/3135981\/revisions\/3135982"}],"wp:featuredmedia":[{"embeddable":true,"href":"https:\/\/expertworldtravel.com\/es\/wp-json\/wp\/v2\/media\/3134205"}],"wp:attachment":[{"href":"https:\/\/expertworldtravel.com\/es\/wp-json\/wp\/v2\/media?parent=3135981"}],"wp:term":[{"taxonomy":"category","embeddable":true,"href":"https:\/\/expertworldtravel.com\/es\/wp-json\/wp\/v2\/categories?post=3135981"}],"curies":[{"name":"wp","href":"https:\/\/api.w.org\/{rel}","templated":true}]}}