{"id":3135986,"date":"2023-04-04T15:08:33","date_gmt":"2023-04-04T15:08:33","guid":{"rendered":"https:\/\/expertworldtravel.com\/best-esim-philippines\/"},"modified":"2023-11-26T15:54:56","modified_gmt":"2023-11-26T15:54:56","slug":"esim-filipinas","status":"publish","type":"page","link":"https:\/\/expertworldtravel.com\/es\/esim-filipinas\/","title":{"rendered":"La mejor eSIM para Filipinas (planes de datos asequibles)"},"content":{"rendered":"<p class=\"ifp\">\u00bfViajas a Filipinas y quieres tener una eSim para acceder a Internet mientras est\u00e1s all\u00ed? Entonces has venido al lugar adecuado, porque esta gu\u00eda detallada te informar\u00e1 sobre los mejores eSims para Filipinas.<\/p>\n<p>Tanto si te quedas en el pa\u00eds un par de d\u00edas como un par de meses, hay al menos un buen plan de datos eSim para ti. Tambi\u00e9n he incluido algunas opciones de tarjetas sim f\u00edsicas, por si est\u00e1s abierto a adquirir una tarjeta sim f\u00edsica siempre que tenga una buena relaci\u00f3n calidad-precio. En cualquier caso, aqu\u00ed tienes todo lo que necesitas saber sobre la mejor eSim para Filipinas.<\/p>\n","protected":false},"excerpt":{"rendered":"<p>\u00bfViajas a Filipinas y quieres tener una eSim para acceder a Internet mientras est\u00e1s all\u00ed? Entonces has venido al lugar adecuado, porque esta gu\u00eda detallada te informar\u00e1 sobre los mejores eSims para Filipinas. Tanto si te quedas en el pa\u00eds un par de d\u00edas como un par de meses, hay al menos un buen plan [&hellip;]<\/p>\n","protected":false},"author":2,"featured_media":3133815,"parent":0,"menu_order":0,"comment_status":"closed","ping_status":"closed","template":"best-esim-template.php","meta":{"_lmt_disableupdate":"no","_lmt_disable":""},"categories":[600198,600182],"acf":[],"_links":{"self":[{"href":"https:\/\/expertworldtravel.com\/es\/wp-json\/wp\/v2\/pages\/3135986"}],"collection":[{"href":"https:\/\/expertworldtravel.com\/es\/wp-json\/wp\/v2\/pages"}],"about":[{"href":"https:\/\/expertworldtravel.com\/es\/wp-json\/wp\/v2\/types\/page"}],"author":[{"embeddable":true,"href":"https:\/\/expertworldtravel.com\/es\/wp-json\/wp\/v2\/users\/2"}],"replies":[{"embeddable":true,"href":"https:\/\/expertworldtravel.com\/es\/wp-json\/wp\/v2\/comments?post=3135986"}],"version-history":[{"count":2,"href":"https:\/\/expertworldtravel.com\/es\/wp-json\/wp\/v2\/pages\/3135986\/revisions"}],"predecessor-version":[{"id":3141385,"href":"https:\/\/expertworldtravel.com\/es\/wp-json\/wp\/v2\/pages\/3135986\/revisions\/3141385"}],"wp:featuredmedia":[{"embeddable":true,"href":"https:\/\/expertworldtravel.com\/es\/wp-json\/wp\/v2\/media\/3133815"}],"wp:attachment":[{"href":"https:\/\/expertworldtravel.com\/es\/wp-json\/wp\/v2\/media?parent=3135986"}],"wp:term":[{"taxonomy":"category","embeddable":true,"href":"https:\/\/expertworldtravel.com\/es\/wp-json\/wp\/v2\/categories?post=3135986"}],"curies":[{"name":"wp","href":"https:\/\/api.w.org\/{rel}","templated":true}]}}