{"id":3135991,"date":"2023-03-24T20:01:52","date_gmt":"2023-03-24T20:01:52","guid":{"rendered":"https:\/\/expertworldtravel.com\/best-esim-australia\/"},"modified":"2024-12-26T12:37:08","modified_gmt":"2024-12-26T12:37:08","slug":"esim-australia","status":"publish","type":"page","link":"https:\/\/expertworldtravel.com\/es\/esim-australia\/","title":{"rendered":"La mejor eSIM para Australia en 2025 (Internet m\u00f3vil m\u00e1s barato)"},"content":{"rendered":"<p>\u00bfViaja a Australia y necesita una eSim mientras est\u00e1 en el pa\u00eds? Entonces has venido al lugar adecuado, porque esta gu\u00eda detallada te ayudar\u00e1 a encontrar la mejor eSim para Australia.<\/p>\n<p>He cubierto los <a href=\"https:\/\/expertworldtravel.com\/best-esim-international-travel\/\" target=\"_blank\" rel=\"noopener\">proveedores de eSIM<\/a> locales e <a href=\"https:\/\/expertworldtravel.com\/best-esim-international-travel\/\" target=\"_blank\" rel=\"noopener\">internacionales<\/a> y he comparado las opciones m\u00e1s populares entre los viajeros. Hay un eSim australiano perfecto para usted y sin duda lo encontrar\u00e1 en esta gu\u00eda.<\/p>\n","protected":false},"excerpt":{"rendered":"<p>\u00bfViaja a Australia y necesita una eSim mientras est\u00e1 en el pa\u00eds? Entonces has venido al lugar adecuado, porque esta gu\u00eda detallada te ayudar\u00e1 a encontrar la mejor eSim para Australia. He cubierto los proveedores de eSIM locales e internacionales y he comparado las opciones m\u00e1s populares entre los viajeros. Hay un eSim australiano perfecto [&hellip;]<\/p>\n","protected":false},"author":2,"featured_media":3132712,"parent":0,"menu_order":0,"comment_status":"closed","ping_status":"closed","template":"best-esim-template.php","meta":{"_lmt_disableupdate":"no","_lmt_disable":""},"categories":[],"acf":[],"_links":{"self":[{"href":"https:\/\/expertworldtravel.com\/es\/wp-json\/wp\/v2\/pages\/3135991"}],"collection":[{"href":"https:\/\/expertworldtravel.com\/es\/wp-json\/wp\/v2\/pages"}],"about":[{"href":"https:\/\/expertworldtravel.com\/es\/wp-json\/wp\/v2\/types\/page"}],"author":[{"embeddable":true,"href":"https:\/\/expertworldtravel.com\/es\/wp-json\/wp\/v2\/users\/2"}],"replies":[{"embeddable":true,"href":"https:\/\/expertworldtravel.com\/es\/wp-json\/wp\/v2\/comments?post=3135991"}],"version-history":[{"count":2,"href":"https:\/\/expertworldtravel.com\/es\/wp-json\/wp\/v2\/pages\/3135991\/revisions"}],"predecessor-version":[{"id":3141879,"href":"https:\/\/expertworldtravel.com\/es\/wp-json\/wp\/v2\/pages\/3135991\/revisions\/3141879"}],"wp:featuredmedia":[{"embeddable":true,"href":"https:\/\/expertworldtravel.com\/es\/wp-json\/wp\/v2\/media\/3132712"}],"wp:attachment":[{"href":"https:\/\/expertworldtravel.com\/es\/wp-json\/wp\/v2\/media?parent=3135991"}],"wp:term":[{"taxonomy":"category","embeddable":true,"href":"https:\/\/expertworldtravel.com\/es\/wp-json\/wp\/v2\/categories?post=3135991"}],"curies":[{"name":"wp","href":"https:\/\/api.w.org\/{rel}","templated":true}]}}