{"id":3136000,"date":"2023-04-24T11:04:17","date_gmt":"2023-04-24T11:04:17","guid":{"rendered":"https:\/\/expertworldtravel.com\/best-esim-switzerland\/"},"modified":"2024-12-31T10:43:25","modified_gmt":"2024-12-31T10:43:25","slug":"best-esim-switzerland","status":"publish","type":"page","link":"https:\/\/expertworldtravel.com\/es\/best-esim-switzerland\/","title":{"rendered":"La mejor eSIM para Suiza (Gu\u00eda para viajeros)"},"content":{"rendered":"<p>\u00bfViaja a Suiza y quiere comprar una eSIM para acceder a Internet en el pa\u00eds?<br \/>\nEntonces est\u00e1s en el lugar adecuado, porque esta gu\u00eda detallada te lo contar\u00e1 todo sobre los mejores eSims para Suiza.<br \/>\nHe enumerado las mejores opciones de proveedores internacionales, as\u00ed como algunos de los proveedores locales m\u00e1s populares.<br \/>\nLos planes de datos incluidos en esta gu\u00eda van desde 1 GB a datos ilimitados, por lo que deber\u00eda haber al menos unas cuantas opciones adecuadas a sus necesidades de viaje.<br \/>\nTambi\u00e9n he incluido algunos <a href=\"https:\/\/expertworldtravel.com\/best-esim-europe\/\" target=\"_blank\" rel=\"noopener\">planes eSim con cobertura regional en Europa<\/a>, por si tus planes de viaje se extienden a pa\u00edses fuera de Suiza. <\/p>\n","protected":false},"excerpt":{"rendered":"<p>\u00bfViaja a Suiza y quiere comprar una eSIM para acceder a Internet en el pa\u00eds? Entonces est\u00e1s en el lugar adecuado, porque esta gu\u00eda detallada te lo contar\u00e1 todo sobre los mejores eSims para Suiza. He enumerado las mejores opciones de proveedores internacionales, as\u00ed como algunos de los proveedores locales m\u00e1s populares. Los planes de [&hellip;]<\/p>\n","protected":false},"author":6,"featured_media":3134012,"parent":0,"menu_order":0,"comment_status":"closed","ping_status":"closed","template":"best-esim-template.php","meta":{"_lmt_disableupdate":"","_lmt_disable":""},"categories":[600182,600201],"acf":[],"_links":{"self":[{"href":"https:\/\/expertworldtravel.com\/es\/wp-json\/wp\/v2\/pages\/3136000"}],"collection":[{"href":"https:\/\/expertworldtravel.com\/es\/wp-json\/wp\/v2\/pages"}],"about":[{"href":"https:\/\/expertworldtravel.com\/es\/wp-json\/wp\/v2\/types\/page"}],"author":[{"embeddable":true,"href":"https:\/\/expertworldtravel.com\/es\/wp-json\/wp\/v2\/users\/6"}],"replies":[{"embeddable":true,"href":"https:\/\/expertworldtravel.com\/es\/wp-json\/wp\/v2\/comments?post=3136000"}],"version-history":[{"count":2,"href":"https:\/\/expertworldtravel.com\/es\/wp-json\/wp\/v2\/pages\/3136000\/revisions"}],"predecessor-version":[{"id":3141991,"href":"https:\/\/expertworldtravel.com\/es\/wp-json\/wp\/v2\/pages\/3136000\/revisions\/3141991"}],"wp:featuredmedia":[{"embeddable":true,"href":"https:\/\/expertworldtravel.com\/es\/wp-json\/wp\/v2\/media\/3134012"}],"wp:attachment":[{"href":"https:\/\/expertworldtravel.com\/es\/wp-json\/wp\/v2\/media?parent=3136000"}],"wp:term":[{"taxonomy":"category","embeddable":true,"href":"https:\/\/expertworldtravel.com\/es\/wp-json\/wp\/v2\/categories?post=3136000"}],"curies":[{"name":"wp","href":"https:\/\/api.w.org\/{rel}","templated":true}]}}