{"id":3136239,"date":"2023-08-09T12:36:19","date_gmt":"2023-08-09T12:36:19","guid":{"rendered":"https:\/\/expertworldtravel.com\/zimbabwe-esim\/"},"modified":"2023-08-09T12:41:06","modified_gmt":"2023-08-09T12:41:06","slug":"zimbabue-esim","status":"publish","type":"page","link":"https:\/\/expertworldtravel.com\/es\/zimbabue-esim\/","title":{"rendered":"Mejor eSIM de Zimbabue (c\u00f3moda y asequible)"},"content":{"rendered":"<p>\u00bfEst\u00e1 planeando un viaje a Zimbabue y busca una eSIM para mantenerse conectado durante su visita?<\/p>\n<p>La popularidad de las eSIM va en aumento, y es f\u00e1cil ver por qu\u00e9. Ofrecen una forma c\u00f3moda y rentable de seguir conectado a los datos m\u00f3viles mientras exploras.<\/p>\n<p>Sin embargo, con tantas opciones en el mercado, seleccionar la eSIM ideal para Zimbabue puede parecer desalentador.<\/p>\n<p>No tema, estoy aqu\u00ed para ayudarle. A continuaci\u00f3n, explorar\u00e9 las mejores opciones de eSIM para Zimbabue, analizando sus ofertas de datos, \u00e1reas de cobertura y tarifas de conexi\u00f3n, para guiarte en la elecci\u00f3n del plan de datos eSIM \u00f3ptimo para tus necesidades de viaje.<\/p>\n","protected":false},"excerpt":{"rendered":"<p>\u00bfEst\u00e1 planeando un viaje a Zimbabue y busca una eSIM para mantenerse conectado durante su visita? La popularidad de las eSIM va en aumento, y es f\u00e1cil ver por qu\u00e9. Ofrecen una forma c\u00f3moda y rentable de seguir conectado a los datos m\u00f3viles mientras exploras. Sin embargo, con tantas opciones en el mercado, seleccionar la [&hellip;]<\/p>\n","protected":false},"author":2,"featured_media":3134002,"parent":0,"menu_order":0,"comment_status":"closed","ping_status":"closed","template":"best-esim-template.php","meta":{"_lmt_disableupdate":"no","_lmt_disable":""},"categories":[600182],"acf":[],"_links":{"self":[{"href":"https:\/\/expertworldtravel.com\/es\/wp-json\/wp\/v2\/pages\/3136239"}],"collection":[{"href":"https:\/\/expertworldtravel.com\/es\/wp-json\/wp\/v2\/pages"}],"about":[{"href":"https:\/\/expertworldtravel.com\/es\/wp-json\/wp\/v2\/types\/page"}],"author":[{"embeddable":true,"href":"https:\/\/expertworldtravel.com\/es\/wp-json\/wp\/v2\/users\/2"}],"replies":[{"embeddable":true,"href":"https:\/\/expertworldtravel.com\/es\/wp-json\/wp\/v2\/comments?post=3136239"}],"version-history":[{"count":1,"href":"https:\/\/expertworldtravel.com\/es\/wp-json\/wp\/v2\/pages\/3136239\/revisions"}],"predecessor-version":[{"id":3136242,"href":"https:\/\/expertworldtravel.com\/es\/wp-json\/wp\/v2\/pages\/3136239\/revisions\/3136242"}],"wp:featuredmedia":[{"embeddable":true,"href":"https:\/\/expertworldtravel.com\/es\/wp-json\/wp\/v2\/media\/3134002"}],"wp:attachment":[{"href":"https:\/\/expertworldtravel.com\/es\/wp-json\/wp\/v2\/media?parent=3136239"}],"wp:term":[{"taxonomy":"category","embeddable":true,"href":"https:\/\/expertworldtravel.com\/es\/wp-json\/wp\/v2\/categories?post=3136239"}],"curies":[{"name":"wp","href":"https:\/\/api.w.org\/{rel}","templated":true}]}}