{"id":3136336,"date":"2023-08-09T15:30:51","date_gmt":"2023-08-09T15:30:51","guid":{"rendered":"https:\/\/expertworldtravel.com\/taiwan-esim\/"},"modified":"2023-08-10T13:02:21","modified_gmt":"2023-08-10T13:02:21","slug":"taiwan-esim","status":"publish","type":"page","link":"https:\/\/expertworldtravel.com\/es\/taiwan-esim\/","title":{"rendered":"Las mejores eSIM de Taiw\u00e1n (viaje con datos asequibles)"},"content":{"rendered":"<p>Comprar una eSIM para Taiw\u00e1n es una gran idea.<\/p>\n<p>El roaming es demasiado caro y comprar una SIM localmente es una experiencia dolorosa. Por eso llevo a\u00f1os utilizando las eSIM para viajar.<\/p>\n<p>Hay un mont\u00f3n de eSIMs taiwanesas de prepago f\u00e1ciles, desde opciones a corto plazo hasta datos ilimitados y 5G. Taiw\u00e1n es una potencia tecnol\u00f3gica, as\u00ed que no es de extra\u00f1ar que lo tengan todo.<\/p>\n<p>A continuaci\u00f3n he reunido todas las mejores opciones de eSIM de Taiw\u00e1n para que elijas y las he ordenado en una tabla para cada comparaci\u00f3n. As\u00ed que, a qu\u00e9 espera, despl\u00e1cese hacia abajo&#8230;<\/p>\n<div id=\"center_col\" class=\"s6JM6d\">\n<div id=\"botstuff\">\n<div data-hveid=\"CAIQAA\" data-ved=\"2ahUKEwiogaiRgtKAAxVDhP0HHRq0BToQCHoECAIQAA\">\n<div id=\"bres\">\n<div class=\"ULSxyf\">\n<div class=\"MjjYud\">\n<div data-abe=\"\" data-hveid=\"CDwQAA\" data-ved=\"2ahUKEwiogaiRgtKAAxVDhP0HHRq0BToQ26YDegQIPBAA\">\n<div class=\"oIk2Cb\">\n<div class=\"y6Uyqe\">\n<div class=\"EIaa9b\">\n<div class=\"AJLUJb\">\n<div data-hveid=\"CD4QAA\">\n<div class=\"aXBZVd unhzXb\">&nbsp;<\/div>\n<\/div>\n<div data-hveid=\"CEEQAA\">\n<div class=\"s75CSd u60jwe r2fjmd AB4Wff\">&nbsp;<\/div>\n<\/div>\n<\/div>\n<\/div>\n<\/div>\n<\/div>\n<\/div>\n<\/div>\n<\/div>\n<\/div>\n<\/div>\n<\/div>\n<\/div>\n","protected":false},"excerpt":{"rendered":"<p>Comprar una eSIM para Taiw\u00e1n es una gran idea. El roaming es demasiado caro y comprar una SIM localmente es una experiencia dolorosa. Por eso llevo a\u00f1os utilizando las eSIM para viajar. Hay un mont\u00f3n de eSIMs taiwanesas de prepago f\u00e1ciles, desde opciones a corto plazo hasta datos ilimitados y 5G. Taiw\u00e1n es una potencia [&hellip;]<\/p>\n","protected":false},"author":2,"featured_media":0,"parent":0,"menu_order":0,"comment_status":"closed","ping_status":"closed","template":"best-esim-template.php","meta":{"_lmt_disableupdate":"no","_lmt_disable":""},"categories":[600182,600188],"acf":[],"_links":{"self":[{"href":"https:\/\/expertworldtravel.com\/es\/wp-json\/wp\/v2\/pages\/3136336"}],"collection":[{"href":"https:\/\/expertworldtravel.com\/es\/wp-json\/wp\/v2\/pages"}],"about":[{"href":"https:\/\/expertworldtravel.com\/es\/wp-json\/wp\/v2\/types\/page"}],"author":[{"embeddable":true,"href":"https:\/\/expertworldtravel.com\/es\/wp-json\/wp\/v2\/users\/2"}],"replies":[{"embeddable":true,"href":"https:\/\/expertworldtravel.com\/es\/wp-json\/wp\/v2\/comments?post=3136336"}],"version-history":[{"count":1,"href":"https:\/\/expertworldtravel.com\/es\/wp-json\/wp\/v2\/pages\/3136336\/revisions"}],"predecessor-version":[{"id":3136342,"href":"https:\/\/expertworldtravel.com\/es\/wp-json\/wp\/v2\/pages\/3136336\/revisions\/3136342"}],"wp:attachment":[{"href":"https:\/\/expertworldtravel.com\/es\/wp-json\/wp\/v2\/media?parent=3136336"}],"wp:term":[{"taxonomy":"category","embeddable":true,"href":"https:\/\/expertworldtravel.com\/es\/wp-json\/wp\/v2\/categories?post=3136336"}],"curies":[{"name":"wp","href":"https:\/\/api.w.org\/{rel}","templated":true}]}}