{"id":3136447,"date":"2023-08-15T09:48:26","date_gmt":"2023-08-15T09:48:26","guid":{"rendered":"https:\/\/expertworldtravel.com\/best-esim-poland\/"},"modified":"2024-12-31T15:26:32","modified_gmt":"2024-12-31T15:26:32","slug":"esim-polonia","status":"publish","type":"page","link":"https:\/\/expertworldtravel.com\/es\/esim-polonia\/","title":{"rendered":"La mejor eSIM para Polonia (Comparada para ti)"},"content":{"rendered":"<p>\u00bfNecesita un ESIM para su viaje a Polonia o Varsovia? Est\u00e1s en el lugar adecuado.<\/p>\n<p>Esta gu\u00eda le proporcionar\u00e1 las mejores opciones de eSIM disponibles para Polonia.<\/p>\n<p>Tanto si buscas acceso a Internet para un solo d\u00eda como para todo un mes, hay un paquete eSIM adecuado para Polonia esper\u00e1ndote. Algunos paquetes incluyen incluso opciones de texto y llamada, una caracter\u00edstica que no siempre es habitual en las eSIM.<\/p>\n<p>Esta gu\u00eda compara los principales proveedores de eSIM para Polonia, para que pueda ahorrar tiempo y encontrar el adecuado. Descubra las mejores opciones de eSIM para su viaje a Polonia.<\/p>\n","protected":false},"excerpt":{"rendered":"<p>\u00bfNecesita un ESIM para su viaje a Polonia o Varsovia? Est\u00e1s en el lugar adecuado. Esta gu\u00eda le proporcionar\u00e1 las mejores opciones de eSIM disponibles para Polonia. Tanto si buscas acceso a Internet para un solo d\u00eda como para todo un mes, hay un paquete eSIM adecuado para Polonia esper\u00e1ndote. Algunos paquetes incluyen incluso opciones [&hellip;]<\/p>\n","protected":false},"author":2,"featured_media":0,"parent":0,"menu_order":0,"comment_status":"closed","ping_status":"closed","template":"best-esim-template.php","meta":{"_lmt_disableupdate":"no","_lmt_disable":""},"categories":[600207],"acf":[],"_links":{"self":[{"href":"https:\/\/expertworldtravel.com\/es\/wp-json\/wp\/v2\/pages\/3136447"}],"collection":[{"href":"https:\/\/expertworldtravel.com\/es\/wp-json\/wp\/v2\/pages"}],"about":[{"href":"https:\/\/expertworldtravel.com\/es\/wp-json\/wp\/v2\/types\/page"}],"author":[{"embeddable":true,"href":"https:\/\/expertworldtravel.com\/es\/wp-json\/wp\/v2\/users\/2"}],"replies":[{"embeddable":true,"href":"https:\/\/expertworldtravel.com\/es\/wp-json\/wp\/v2\/comments?post=3136447"}],"version-history":[{"count":1,"href":"https:\/\/expertworldtravel.com\/es\/wp-json\/wp\/v2\/pages\/3136447\/revisions"}],"predecessor-version":[{"id":3136448,"href":"https:\/\/expertworldtravel.com\/es\/wp-json\/wp\/v2\/pages\/3136447\/revisions\/3136448"}],"wp:attachment":[{"href":"https:\/\/expertworldtravel.com\/es\/wp-json\/wp\/v2\/media?parent=3136447"}],"wp:term":[{"taxonomy":"category","embeddable":true,"href":"https:\/\/expertworldtravel.com\/es\/wp-json\/wp\/v2\/categories?post=3136447"}],"curies":[{"name":"wp","href":"https:\/\/api.w.org\/{rel}","templated":true}]}}