{"id":3136454,"date":"2023-03-20T13:26:49","date_gmt":"2023-03-20T13:26:49","guid":{"rendered":"https:\/\/expertworldtravel.com\/mejor-esim-belgica\/"},"modified":"2025-01-21T10:01:38","modified_gmt":"2025-01-21T10:01:38","slug":"mejor-esim-belgica","status":"publish","type":"page","link":"https:\/\/expertworldtravel.com\/es\/mejor-esim-belgica\/","title":{"rendered":"La mejor eSIM para B\u00e9lgica (Viaje con facilidad)"},"content":{"rendered":"<p>\u00bfViaja a B\u00e9lgica y quiere conseguir una eSIM? Entonces ha llegado al lugar adecuado, porque esta gu\u00eda le informar\u00e1 sobre las mejores opciones de eSim para B\u00e9lgica.<\/p>\n<p>Tanto si necesitas acceso a Internet para un d\u00eda como para un mes, hay al menos una gran oferta de eSIM belga para ti. Y algunas incluso incluyen mensajes de texto y llamadas telef\u00f3nicas, algo poco habitual en las eSIM.<\/p>\n<p>Esta gu\u00eda cubre todos los <a href=\"https:\/\/expertworldtravel.com\/best-esim-europe\/\" target=\"_blank\" rel=\"noopener\">principales proveedores de eSIM para Europa<\/a> que ofrecen eSIM para B\u00e9lgica, as\u00ed como algunos proveedores locales del pa\u00eds que venden principalmente tarjetas SIM f\u00edsicas para turistas. En cualquier caso, aqu\u00ed tiene todo lo que necesita saber sobre la mejor eSim para B\u00e9lgica.<\/p>\n","protected":false},"excerpt":{"rendered":"<p>\u00bfViaja a B\u00e9lgica y quiere conseguir una eSIM? Entonces ha llegado al lugar adecuado, porque esta gu\u00eda le informar\u00e1 sobre las mejores opciones de eSim para B\u00e9lgica. Tanto si necesitas acceso a Internet para un d\u00eda como para un mes, hay al menos una gran oferta de eSIM belga para ti. Y algunas incluso incluyen [&hellip;]<\/p>\n","protected":false},"author":2,"featured_media":3133607,"parent":0,"menu_order":0,"comment_status":"closed","ping_status":"closed","template":"best-esim-template.php","meta":{"_lmt_disableupdate":"","_lmt_disable":""},"categories":[],"acf":[],"_links":{"self":[{"href":"https:\/\/expertworldtravel.com\/es\/wp-json\/wp\/v2\/pages\/3136454"}],"collection":[{"href":"https:\/\/expertworldtravel.com\/es\/wp-json\/wp\/v2\/pages"}],"about":[{"href":"https:\/\/expertworldtravel.com\/es\/wp-json\/wp\/v2\/types\/page"}],"author":[{"embeddable":true,"href":"https:\/\/expertworldtravel.com\/es\/wp-json\/wp\/v2\/users\/2"}],"replies":[{"embeddable":true,"href":"https:\/\/expertworldtravel.com\/es\/wp-json\/wp\/v2\/comments?post=3136454"}],"version-history":[{"count":1,"href":"https:\/\/expertworldtravel.com\/es\/wp-json\/wp\/v2\/pages\/3136454\/revisions"}],"predecessor-version":[{"id":3141294,"href":"https:\/\/expertworldtravel.com\/es\/wp-json\/wp\/v2\/pages\/3136454\/revisions\/3141294"}],"wp:featuredmedia":[{"embeddable":true,"href":"https:\/\/expertworldtravel.com\/es\/wp-json\/wp\/v2\/media\/3133607"}],"wp:attachment":[{"href":"https:\/\/expertworldtravel.com\/es\/wp-json\/wp\/v2\/media?parent=3136454"}],"wp:term":[{"taxonomy":"category","embeddable":true,"href":"https:\/\/expertworldtravel.com\/es\/wp-json\/wp\/v2\/categories?post=3136454"}],"curies":[{"name":"wp","href":"https:\/\/api.w.org\/{rel}","templated":true}]}}