{"id":3136457,"date":"2023-08-03T15:23:21","date_gmt":"2023-08-03T15:23:21","guid":{"rendered":"https:\/\/expertworldtravel.com\/bangkok-esims\/"},"modified":"2023-08-15T10:08:11","modified_gmt":"2023-08-15T10:08:11","slug":"bangkok-esims","status":"publish","type":"page","link":"https:\/\/expertworldtravel.com\/es\/bangkok-esims\/","title":{"rendered":"Bangkok eSIMs: Lo mejor para datos a bajo precio"},"content":{"rendered":"<p>Conseguir una eSIM antes de llegar a Bangkok es una buena forma de garantizar la conexi\u00f3n durante la visita.<\/p>\n<p>Atr\u00e1s quedaron los d\u00edas en los que hab\u00eda que luchar para conseguir datos o pagar locas tarifas de itinerancia. Las ESIM hacen la vida mucho m\u00e1s f\u00e1cil y barata y nunca volver\u00e9 a los viejos tiempos, eso seguro.<\/p>\n<p>As\u00ed que, tanto si quieres datos ilimitados como unos pocos GB, a continuaci\u00f3n he encontrado las mejores eSIM de Bangkok para ti.<\/p>\n","protected":false},"excerpt":{"rendered":"<p>Conseguir una eSIM antes de llegar a Bangkok es una buena forma de garantizar la conexi\u00f3n durante la visita. Atr\u00e1s quedaron los d\u00edas en los que hab\u00eda que luchar para conseguir datos o pagar locas tarifas de itinerancia. Las ESIM hacen la vida mucho m\u00e1s f\u00e1cil y barata y nunca volver\u00e9 a los viejos tiempos, [&hellip;]<\/p>\n","protected":false},"author":2,"featured_media":0,"parent":0,"menu_order":0,"comment_status":"closed","ping_status":"closed","template":"best-template.php","meta":{"_lmt_disableupdate":"","_lmt_disable":""},"categories":[600186,600182],"acf":[],"_links":{"self":[{"href":"https:\/\/expertworldtravel.com\/es\/wp-json\/wp\/v2\/pages\/3136457"}],"collection":[{"href":"https:\/\/expertworldtravel.com\/es\/wp-json\/wp\/v2\/pages"}],"about":[{"href":"https:\/\/expertworldtravel.com\/es\/wp-json\/wp\/v2\/types\/page"}],"author":[{"embeddable":true,"href":"https:\/\/expertworldtravel.com\/es\/wp-json\/wp\/v2\/users\/2"}],"replies":[{"embeddable":true,"href":"https:\/\/expertworldtravel.com\/es\/wp-json\/wp\/v2\/comments?post=3136457"}],"version-history":[{"count":0,"href":"https:\/\/expertworldtravel.com\/es\/wp-json\/wp\/v2\/pages\/3136457\/revisions"}],"wp:attachment":[{"href":"https:\/\/expertworldtravel.com\/es\/wp-json\/wp\/v2\/media?parent=3136457"}],"wp:term":[{"taxonomy":"category","embeddable":true,"href":"https:\/\/expertworldtravel.com\/es\/wp-json\/wp\/v2\/categories?post=3136457"}],"curies":[{"name":"wp","href":"https:\/\/api.w.org\/{rel}","templated":true}]}}