{"id":3136460,"date":"2023-04-27T16:16:50","date_gmt":"2023-04-27T16:16:50","guid":{"rendered":"https:\/\/expertworldtravel.com\/best-esim-africa\/"},"modified":"2025-01-02T15:16:13","modified_gmt":"2025-01-02T15:16:13","slug":"esim-africa","status":"publish","type":"page","link":"https:\/\/expertworldtravel.com\/es\/esim-africa\/","title":{"rendered":"Mejor eSIM para \u00c1frica (datos de viaje de prepago)"},"content":{"rendered":"<p>Si tiene previsto viajar a \u00c1frica y desplazarse por varios pa\u00edses africanos, \u00bfc\u00f3mo piensa mantenerse conectado?<\/p>\n<p>Podr\u00edas utilizar la itinerancia de datos, pero es demasiado cara. Comprar una nueva tarjeta SIM f\u00edsica cada vez que se cruza una frontera podr\u00eda funcionar, pero es un mont\u00f3n de complicaciones. \u00bfQuiz\u00e1s una eSIM africana sea el camino a seguir? Yo creo que s\u00ed.<\/p>\n<p>Con una eSIM para \u00c1frica, puedes utilizar una tarjeta SIM y un plan de datos en numerosos pa\u00edses africanos, por lo que estar conectado es pan comido. Pero, \u00bfpor qu\u00e9 eSim decidirse?<\/p>\n<p>Acomp\u00e1\u00f1ame en este repaso a todas las mejores eSIM que \u00c1frica puede ofrecerte para que encuentres la mejor eSIM para \u00c1frica que puedas utilizar durante tus viajes.<\/p>\n","protected":false},"excerpt":{"rendered":"<p>Si tiene previsto viajar a \u00c1frica y desplazarse por varios pa\u00edses africanos, \u00bfc\u00f3mo piensa mantenerse conectado? Podr\u00edas utilizar la itinerancia de datos, pero es demasiado cara. Comprar una nueva tarjeta SIM f\u00edsica cada vez que se cruza una frontera podr\u00eda funcionar, pero es un mont\u00f3n de complicaciones. \u00bfQuiz\u00e1s una eSIM africana sea el camino a [&hellip;]<\/p>\n","protected":false},"author":2,"featured_media":3134087,"parent":0,"menu_order":0,"comment_status":"closed","ping_status":"closed","template":"best-esim-template.php","meta":{"_lmt_disableupdate":"no","_lmt_disable":""},"categories":[600210,600182],"acf":[],"_links":{"self":[{"href":"https:\/\/expertworldtravel.com\/es\/wp-json\/wp\/v2\/pages\/3136460"}],"collection":[{"href":"https:\/\/expertworldtravel.com\/es\/wp-json\/wp\/v2\/pages"}],"about":[{"href":"https:\/\/expertworldtravel.com\/es\/wp-json\/wp\/v2\/types\/page"}],"author":[{"embeddable":true,"href":"https:\/\/expertworldtravel.com\/es\/wp-json\/wp\/v2\/users\/2"}],"replies":[{"embeddable":true,"href":"https:\/\/expertworldtravel.com\/es\/wp-json\/wp\/v2\/comments?post=3136460"}],"version-history":[{"count":4,"href":"https:\/\/expertworldtravel.com\/es\/wp-json\/wp\/v2\/pages\/3136460\/revisions"}],"predecessor-version":[{"id":3138260,"href":"https:\/\/expertworldtravel.com\/es\/wp-json\/wp\/v2\/pages\/3136460\/revisions\/3138260"}],"wp:featuredmedia":[{"embeddable":true,"href":"https:\/\/expertworldtravel.com\/es\/wp-json\/wp\/v2\/media\/3134087"}],"wp:attachment":[{"href":"https:\/\/expertworldtravel.com\/es\/wp-json\/wp\/v2\/media?parent=3136460"}],"wp:term":[{"taxonomy":"category","embeddable":true,"href":"https:\/\/expertworldtravel.com\/es\/wp-json\/wp\/v2\/categories?post=3136460"}],"curies":[{"name":"wp","href":"https:\/\/api.w.org\/{rel}","templated":true}]}}