{"id":3136480,"date":"2023-08-15T10:58:13","date_gmt":"2023-08-15T10:58:13","guid":{"rendered":"https:\/\/expertworldtravel.com\/best-hong-kong-esim\/"},"modified":"2023-08-15T11:03:30","modified_gmt":"2023-08-15T11:03:30","slug":"hong-kong-esim","status":"publish","type":"page","link":"https:\/\/expertworldtravel.com\/es\/hong-kong-esim\/","title":{"rendered":"Las mejores eSIM de Hong Kong (comparadas en 2023)"},"content":{"rendered":"<p>Comprar una eSIM de Hong Kong antes de viajar es una gran idea.<\/p>\n<p>El roaming es incre\u00edblemente caro hoy en d\u00eda, y comprar una SIM al aterrizar es una experiencia molesta. Por eso llevo a\u00f1os utilizando las eSIM.<\/p>\n<p>Hoy en d\u00eda se ofrecen muchas eSIM de Hong Kong, desde opciones a corto plazo hasta datos ilimitados y 5G. Y siendo Hong Kong un pa\u00eds tan tecnol\u00f3gico, se sabe que los datos tambi\u00e9n van a ser r\u00e1pidos.<\/p>\n<p>A continuaci\u00f3n he reunido las mejores eSIM de Hong Kong para que puedas comparar y elegir la opci\u00f3n m\u00e1s adecuada para ti.<\/p>\n<div id=\"center_col\" class=\"s6JM6d\">\n<div id=\"botstuff\">\n<div data-hveid=\"CAIQAA\" data-ved=\"2ahUKEwiogaiRgtKAAxVDhP0HHRq0BToQCHoECAIQAA\">\n<div id=\"bres\">\n<div class=\"ULSxyf\">\n<div class=\"MjjYud\">\n<div data-abe=\"\" data-hveid=\"CDwQAA\" data-ved=\"2ahUKEwiogaiRgtKAAxVDhP0HHRq0BToQ26YDegQIPBAA\">\n<div class=\"oIk2Cb\">\n<div class=\"y6Uyqe\">\n<div class=\"EIaa9b\">\n<div class=\"AJLUJb\">\n<div data-hveid=\"CD4QAA\">\n<div class=\"aXBZVd unhzXb\">&nbsp;<\/div>\n<\/div>\n<div data-hveid=\"CEEQAA\">\n<div class=\"s75CSd u60jwe r2fjmd AB4Wff\">&nbsp;<\/div>\n<\/div>\n<\/div>\n<\/div>\n<\/div>\n<\/div>\n<\/div>\n<\/div>\n<\/div>\n<\/div>\n<\/div>\n<\/div>\n<\/div>\n","protected":false},"excerpt":{"rendered":"<p>Comprar una eSIM de Hong Kong antes de viajar es una gran idea. El roaming es incre\u00edblemente caro hoy en d\u00eda, y comprar una SIM al aterrizar es una experiencia molesta. Por eso llevo a\u00f1os utilizando las eSIM. Hoy en d\u00eda se ofrecen muchas eSIM de Hong Kong, desde opciones a corto plazo hasta datos [&hellip;]<\/p>\n","protected":false},"author":2,"featured_media":0,"parent":0,"menu_order":0,"comment_status":"closed","ping_status":"closed","template":"best-esim-template.php","meta":{"_lmt_disableupdate":"no","_lmt_disable":""},"categories":[600182],"acf":[],"_links":{"self":[{"href":"https:\/\/expertworldtravel.com\/es\/wp-json\/wp\/v2\/pages\/3136480"}],"collection":[{"href":"https:\/\/expertworldtravel.com\/es\/wp-json\/wp\/v2\/pages"}],"about":[{"href":"https:\/\/expertworldtravel.com\/es\/wp-json\/wp\/v2\/types\/page"}],"author":[{"embeddable":true,"href":"https:\/\/expertworldtravel.com\/es\/wp-json\/wp\/v2\/users\/2"}],"replies":[{"embeddable":true,"href":"https:\/\/expertworldtravel.com\/es\/wp-json\/wp\/v2\/comments?post=3136480"}],"version-history":[{"count":1,"href":"https:\/\/expertworldtravel.com\/es\/wp-json\/wp\/v2\/pages\/3136480\/revisions"}],"predecessor-version":[{"id":3136485,"href":"https:\/\/expertworldtravel.com\/es\/wp-json\/wp\/v2\/pages\/3136480\/revisions\/3136485"}],"wp:attachment":[{"href":"https:\/\/expertworldtravel.com\/es\/wp-json\/wp\/v2\/media?parent=3136480"}],"wp:term":[{"taxonomy":"category","embeddable":true,"href":"https:\/\/expertworldtravel.com\/es\/wp-json\/wp\/v2\/categories?post=3136480"}],"curies":[{"name":"wp","href":"https:\/\/api.w.org\/{rel}","templated":true}]}}